{"id":7040,"date":"2026-04-28T14:33:32","date_gmt":"2026-04-28T17:33:32","guid":{"rendered":"https:\/\/www.ict.ufvjm.edu.br\/?page_id=7040"},"modified":"2026-04-30T09:53:08","modified_gmt":"2026-04-30T12:53:08","slug":"analisa-ict","status":"publish","type":"page","link":"https:\/\/www.ict.ufvjm.edu.br\/?page_id=7040","title":{"rendered":"Analisa ICT"},"content":{"rendered":"\n<p>Os pain\u00e9is de indicadores do ICT foi desenvolvido para dar suporte a Dire\u00e7\u00e3o e as Coordena\u00e7\u00f5es de Curso na tomada de decis\u00e3o por meio de evid\u00eancias confi\u00e1veis e padronizadas, bem como disponibilizar para a comunidade acad\u00eamica indicadores transparentes sobre as a\u00e7\u00f5es realizadas no Instituto de Ci\u00eancia e Tecnologia.<\/p>\n\n\n\n<div style=\"height:40px\" aria-hidden=\"true\" class=\"wp-block-spacer\"><\/div>\n\n\n\n<h2 class=\"wp-block-heading\">Paineis<\/h2>\n\n\n\n<ul class=\"wp-block-list\">\n<li><a href=\"https:\/\/app.powerbi.com\/view?r=eyJrIjoiZDJhNjYyYjUtOTY1MC00NjE5LTg2NWMtNmYyMDI3ZTIzNTFmIiwidCI6ImYzMjI3YTZkLTA5NzQtNGFlYi1iYzJhLTAyNDZhOTA4M2U2ZSJ9\" target=\"_blank\" rel=\"noreferrer noopener\">Material de Expediente<\/a><\/li>\n\n\n\n<li><a href=\"https:\/\/app.powerbi.com\/view?r=eyJrIjoiYjRhNTA1YTktZjIyNy00YWY0LWFhYTgtOTZiM2JjZDUwMjViIiwidCI6ImYzMjI3YTZkLTA5NzQtNGFlYi1iYzJhLTAyNDZhOTA4M2U2ZSJ9\" target=\"_blank\" rel=\"noreferrer noopener\">Plano de Contrata\u00e7\u00e3o Anual<\/a><\/li>\n<\/ul>\n\n\n\n<div style=\"height:40px\" aria-hidden=\"true\" class=\"wp-block-spacer\"><\/div>\n\n\n\n<h2 class=\"wp-block-heading\">Contato<\/h2>\n\n\n\n<p>Albert Frederico Barbosa Bittencourt<br><i class=\"far fa-2x fa-envelope\"><\/i> <a href=\"mailto:albertbittenc@ict.ufvjm.edu.br\" target=\"_blank\" rel=\"noreferrer noopener\"><strong>albertbittenc@ict.ufvjm.edu.br<\/strong><\/a><\/p>\n\n\n\n<p>Emanuel Roberto Faria<br><i class=\"far fa-2x fa-envelope\"><\/i> <a href=\"mailto:emanuel.faria@ict.ufvjm.edu.br\" target=\"_blank\" rel=\"noreferrer noopener\"><strong>emanuel.faria@ict.ufvjm.edu.br<\/strong><\/a><\/p>\n\n\n\n<p>Fone: (38) 3532-1214 \/ Ramal: 8416<\/p>\n\n\n\n<p><a href=\"https:\/\/maps.app.goo.gl\/Ayg7FUuTDTR5gS4T8\"><i class=\"fas fa-2x fa-map-marker-alt\"><\/i><\/a> Sala 209 \u2013 Pr\u00e9dio ICT. Campus JK \u2013 Rodovia MGT 367 \u2013 Km 583, n\u00ba 5.000. Alto da Jacuba. Diamantina-MG. CEP: 39100-000.<\/p>\n","protected":false},"excerpt":{"rendered":"<p>Os pain\u00e9is de indicadores do ICT foi desenvolvido para dar suporte a Dire\u00e7\u00e3o e as Coordena\u00e7\u00f5es de Curso na tomada de decis\u00e3o por meio de evid\u00eancias confi\u00e1veis e padronizadas, bem como disponibilizar para a comunidade acad\u00eamica indicadores transparentes sobre as a\u00e7\u00f5es realizadas no Instituto de Ci\u00eancia e Tecnologia. Paineis Contato Albert Frederico Barbosa Bittencourt albertbittenc@ict.ufvjm.edu.br [&hellip;]<\/p>\n","protected":false},"author":3,"featured_media":0,"parent":130,"menu_order":0,"comment_status":"closed","ping_status":"closed","template":"","meta":{"_exactmetrics_skip_tracking":false,"_exactmetrics_sitenote_active":false,"_exactmetrics_sitenote_note":"","_exactmetrics_sitenote_category":0,"footnotes":""},"class_list":["post-7040","page","type-page","status-publish","hentry"],"_links":{"self":[{"href":"https:\/\/www.ict.ufvjm.edu.br\/index.php?rest_route=\/wp\/v2\/pages\/7040","targetHints":{"allow":["GET"]}}],"collection":[{"href":"https:\/\/www.ict.ufvjm.edu.br\/index.php?rest_route=\/wp\/v2\/pages"}],"about":[{"href":"https:\/\/www.ict.ufvjm.edu.br\/index.php?rest_route=\/wp\/v2\/types\/page"}],"author":[{"embeddable":true,"href":"https:\/\/www.ict.ufvjm.edu.br\/index.php?rest_route=\/wp\/v2\/users\/3"}],"replies":[{"embeddable":true,"href":"https:\/\/www.ict.ufvjm.edu.br\/index.php?rest_route=%2Fwp%2Fv2%2Fcomments&post=7040"}],"version-history":[{"count":22,"href":"https:\/\/www.ict.ufvjm.edu.br\/index.php?rest_route=\/wp\/v2\/pages\/7040\/revisions"}],"predecessor-version":[{"id":7066,"href":"https:\/\/www.ict.ufvjm.edu.br\/index.php?rest_route=\/wp\/v2\/pages\/7040\/revisions\/7066"}],"up":[{"embeddable":true,"href":"https:\/\/www.ict.ufvjm.edu.br\/index.php?rest_route=\/wp\/v2\/pages\/130"}],"wp:attachment":[{"href":"https:\/\/www.ict.ufvjm.edu.br\/index.php?rest_route=%2Fwp%2Fv2%2Fmedia&parent=7040"}],"curies":[{"name":"wp","href":"https:\/\/api.w.org\/{rel}","templated":true}]}}