{"id":6721,"date":"2025-10-06T10:03:22","date_gmt":"2025-10-06T13:03:22","guid":{"rendered":"https:\/\/www.ict.ufvjm.edu.br\/?page_id=6721"},"modified":"2025-10-06T10:13:59","modified_gmt":"2025-10-06T13:13:59","slug":"semana-de-ciencia-e-tecnologia","status":"publish","type":"page","link":"https:\/\/www.ict.ufvjm.edu.br\/?page_id=6721","title":{"rendered":"Semana de Ci\u00eancia e Tecnologia"},"content":{"rendered":"<div class=\"wp-block-image\">\n<figure class=\"aligncenter size-large\"><img loading=\"lazy\" decoding=\"async\" width=\"1024\" height=\"410\" src=\"https:\/\/www.ict.ufvjm.edu.br\/wp-content\/uploads\/2025\/10\/image-1-1024x410.png\" alt=\"\" class=\"wp-image-6727\" srcset=\"https:\/\/www.ict.ufvjm.edu.br\/wp-content\/uploads\/2025\/10\/image-1-1024x410.png 1024w, https:\/\/www.ict.ufvjm.edu.br\/wp-content\/uploads\/2025\/10\/image-1-300x120.png 300w, https:\/\/www.ict.ufvjm.edu.br\/wp-content\/uploads\/2025\/10\/image-1-768x307.png 768w, https:\/\/www.ict.ufvjm.edu.br\/wp-content\/uploads\/2025\/10\/image-1-100x40.png 100w, https:\/\/www.ict.ufvjm.edu.br\/wp-content\/uploads\/2025\/10\/image-1.png 1100w\" sizes=\"auto, (max-width: 1024px) 100vw, 1024px\" \/><figcaption class=\"wp-element-caption\">IV Semana de Ci\u00eancia e Tecnologia<\/figcaption><\/figure>\n<\/div>\n\n\n<div class=\"wp-block-buttons is-content-justification-center is-layout-flex wp-container-core-buttons-is-layout-16018d1d wp-block-buttons-is-layout-flex\">\n<div class=\"wp-block-button is-style-fill\"><a class=\"wp-block-button__link has-vivid-green-cyan-background-color has-background wp-element-button\" href=\"https:\/\/www.even3.com.br\/ivsct2025\/\">Inscri\u00e7\u00f5es<\/a><\/div>\n<\/div>\n\n\n\n<p>A<strong>&nbsp;IV Semana de Ci\u00eancia e Tecnologia (IV SCT)<\/strong>&nbsp;\u00e9 uma iniciativa promovida pelo Instituto de Ci\u00eancia e Tecnologia (ICT) da UFVJM, que ser\u00e1 realizada de forma&nbsp;presencial&nbsp;entre os dias<strong>&nbsp;04&nbsp;e 08 de novembro de 2025<\/strong>, no&nbsp;Campus JK, em Diamantina-MG.<\/p>\n\n\n\n<p>Com o tema&nbsp;<strong><em>&#8220;Tecnologia, Educa\u00e7\u00e3o e Meio Ambiente: construindo um Jequitinhonha de oportunidades&#8221;<\/em><\/strong>, o evento tem como objetivo principal&nbsp;estreitar os la\u00e7os entre a universidade e a sociedade, promovendo a difus\u00e3o do conhecimento cient\u00edfico, tecnol\u00f3gico e educacional por meio de&nbsp;palestras, minicursos, feira de profiss\u00f5es, apresenta\u00e7\u00e3o de trabalhos, gincana acad\u00eamica e atividades culturais.<\/p>\n\n\n\n<p>Organizado por uma equipe composta por&nbsp;docentes, discentes e t\u00e9cnicos administrativos do ICT, a SCT \u00e9 um espa\u00e7o de&nbsp;integra\u00e7\u00e3o, troca de experi\u00eancias e aprendizado interdisciplinar, contribuindo para a forma\u00e7\u00e3o de profissionais mais qualificados, comprometidos com o desenvolvimento sustent\u00e1vel da regi\u00e3o.<\/p>\n\n\n\n<p>O evento \u00e9 aberto \u00e0&nbsp;comunidade acad\u00eamica e ao p\u00fablico em geral, reunindo participantes de diferentes \u00e1reas do conhecimento e promovendo a&nbsp;intera\u00e7\u00e3o entre ensino, pesquisa e extens\u00e3o, valores fundamentais da UFVJM.<\/p>\n","protected":false},"excerpt":{"rendered":"<p>A&nbsp;IV Semana de Ci\u00eancia e Tecnologia (IV SCT)&nbsp;\u00e9 uma iniciativa promovida pelo Instituto de Ci\u00eancia e Tecnologia (ICT) da UFVJM, que ser\u00e1 realizada de forma&nbsp;presencial&nbsp;entre os dias&nbsp;04&nbsp;e 08 de novembro de 2025, no&nbsp;Campus JK, em Diamantina-MG. Com o tema&nbsp;&#8220;Tecnologia, Educa\u00e7\u00e3o e Meio Ambiente: construindo um Jequitinhonha de oportunidades&#8221;, o evento tem como objetivo principal&nbsp;estreitar os [&hellip;]<\/p>\n","protected":false},"author":3,"featured_media":0,"parent":6717,"menu_order":0,"comment_status":"closed","ping_status":"closed","template":"","meta":{"_exactmetrics_skip_tracking":false,"_exactmetrics_sitenote_active":false,"_exactmetrics_sitenote_note":"","_exactmetrics_sitenote_category":0,"footnotes":""},"class_list":["post-6721","page","type-page","status-publish","hentry"],"_links":{"self":[{"href":"https:\/\/www.ict.ufvjm.edu.br\/index.php?rest_route=\/wp\/v2\/pages\/6721","targetHints":{"allow":["GET"]}}],"collection":[{"href":"https:\/\/www.ict.ufvjm.edu.br\/index.php?rest_route=\/wp\/v2\/pages"}],"about":[{"href":"https:\/\/www.ict.ufvjm.edu.br\/index.php?rest_route=\/wp\/v2\/types\/page"}],"author":[{"embeddable":true,"href":"https:\/\/www.ict.ufvjm.edu.br\/index.php?rest_route=\/wp\/v2\/users\/3"}],"replies":[{"embeddable":true,"href":"https:\/\/www.ict.ufvjm.edu.br\/index.php?rest_route=%2Fwp%2Fv2%2Fcomments&post=6721"}],"version-history":[{"count":2,"href":"https:\/\/www.ict.ufvjm.edu.br\/index.php?rest_route=\/wp\/v2\/pages\/6721\/revisions"}],"predecessor-version":[{"id":6729,"href":"https:\/\/www.ict.ufvjm.edu.br\/index.php?rest_route=\/wp\/v2\/pages\/6721\/revisions\/6729"}],"up":[{"embeddable":true,"href":"https:\/\/www.ict.ufvjm.edu.br\/index.php?rest_route=\/wp\/v2\/pages\/6717"}],"wp:attachment":[{"href":"https:\/\/www.ict.ufvjm.edu.br\/index.php?rest_route=%2Fwp%2Fv2%2Fmedia&parent=6721"}],"curies":[{"name":"wp","href":"https:\/\/api.w.org\/{rel}","templated":true}]}}