{"id":5104,"date":"2023-06-20T09:32:40","date_gmt":"2023-06-20T12:32:40","guid":{"rendered":"https:\/\/www.ict.ufvjm.edu.br\/?page_id=5104"},"modified":"2024-09-12T14:46:59","modified_gmt":"2024-09-12T17:46:59","slug":"nucleo-de-estudos-e-pesquisas-em-estatistica-aplicada-nepea","status":"publish","type":"page","link":"https:\/\/www.ict.ufvjm.edu.br\/?page_id=5104","title":{"rendered":"N\u00facleo de Estudos e Pesquisas em Estat\u00edstica Aplicada &#8211; NEPEA"},"content":{"rendered":"\n<div style=\"height:16px\" aria-hidden=\"true\" class=\"wp-block-spacer\"><\/div>\n\n\n<div class=\"wp-block-image is-style-default\">\n<figure class=\"alignright size-full is-resized\"><img loading=\"lazy\" decoding=\"async\" src=\"https:\/\/www.ict.ufvjm.edu.br\/wp-content\/uploads\/2023\/06\/Logomarca-NEPEA.jpg\" alt=\"Logo Nepea\" class=\"wp-image-5105\" width=\"232\" height=\"232\" srcset=\"https:\/\/www.ict.ufvjm.edu.br\/wp-content\/uploads\/2023\/06\/Logomarca-NEPEA.jpg 500w, https:\/\/www.ict.ufvjm.edu.br\/wp-content\/uploads\/2023\/06\/Logomarca-NEPEA-300x300.jpg 300w, https:\/\/www.ict.ufvjm.edu.br\/wp-content\/uploads\/2023\/06\/Logomarca-NEPEA-150x150.jpg 150w, https:\/\/www.ict.ufvjm.edu.br\/wp-content\/uploads\/2023\/06\/Logomarca-NEPEA-350x350.jpg 350w\" sizes=\"auto, (max-width: 232px) 100vw, 232px\" \/><\/figure>\n<\/div>\n\n\n<p class=\"has-text-align-left justify\">N\u00facleo de Estudos e Pesquisas em Estat\u00edstica Aplicada &#8211; NEPEA do Instituto de Ci\u00eancia e Tecnologia da UFVJM \u2013 Universidade Federal dos Vales do Jequitinhonha e Mucuri, com sede no Campus JK, no Munic\u00edpio de Diamantina, Estado de Minas Gerais, congregam pesquisadores, professores, t\u00e9cnicos, estudantes de gradua\u00e7\u00e3o e p\u00f3s-gradua\u00e7\u00e3o.<br><\/p>\n\n\n\n<p class=\"has-text-align-left justify\">O NEPEA tem por finalidade desenvolver discuss\u00f5es, a\u00e7\u00f5es e eventos que promovam, divulguem e aprofundem os conhecimentos na \u00e1rea de Estat\u00edstica Aplicada.<\/p>\n\n\n\n<hr class=\"wp-block-separator has-css-opacity\"\/>\n\n\n\n<div style=\"height:4px\" aria-hidden=\"true\" class=\"wp-block-spacer\"><\/div>\n\n\n\n<p class=\"has-text-align-center\"><strong>Coordena\u00e7\u00f5es 2024\/02<\/strong><\/p>\n\n\n<div class=\"wp-block-image is-style-default\">\n<figure class=\"alignright size-large is-resized\"><img loading=\"lazy\" decoding=\"async\" src=\"https:\/\/www.ict.ufvjm.edu.br\/wp-content\/uploads\/2023\/06\/membros-nepea-768x1024.jpeg\" alt=\"\" class=\"wp-image-5106\" width=\"384\" height=\"512\" srcset=\"https:\/\/www.ict.ufvjm.edu.br\/wp-content\/uploads\/2023\/06\/membros-nepea-768x1024.jpeg 768w, https:\/\/www.ict.ufvjm.edu.br\/wp-content\/uploads\/2023\/06\/membros-nepea-225x300.jpeg 225w, https:\/\/www.ict.ufvjm.edu.br\/wp-content\/uploads\/2023\/06\/membros-nepea-1152x1536.jpeg 1152w, https:\/\/www.ict.ufvjm.edu.br\/wp-content\/uploads\/2023\/06\/membros-nepea.jpeg 1200w\" sizes=\"auto, (max-width: 384px) 100vw, 384px\" \/><figcaption class=\"wp-element-caption\">                           Equipe Nepea<\/figcaption><\/figure>\n<\/div>\n\n\n<p class=\"has-text-align-left\"><strong>Professor respons\u00e1vel:<\/strong> Paulo C\u00e9sar de Resende Andrade<\/p>\n\n\n\n<p><strong>Presidente:<\/strong> Leonardo Ramos Pereira Mendes<br><strong>Vice: ****<\/strong><\/p>\n\n\n\n<ul class=\"wp-block-list\">\n<li><strong>Administrativo:<br><\/strong>Coordenador: Jos\u00e9 Leonardo Prates<br>Assessor: Luiz Gustavo de Jesus Peixoto<br>Membros: Leandro Santos Ribeiro<\/li>\n\n\n\n<li><strong>Marketing:<\/strong><br>Coordenador; Andr\u00e9 Rubi\u00e3o do Val Werneck<br>Assessor: Pedro Henrique Gomes dos Santos<br>Membros: Samira Costa Neves<\/li>\n\n\n\n<li><strong>Financeiro:<\/strong><br>Coordenador: Tamires Cristiane de Moura<br>Assessor: Jarlison Brand\u00e3o C\u00e2ndido<br>Mermbros: Bruno Augusto da Mota Cardoso<\/li>\n\n\n\n<li><strong>Eventos<\/strong>:<br>Coordenadora: Adriana de F\u00e1tima da Mata Leite<br>Assessora: Ana Clara Oliveira Nascimento Silveira<\/li>\n<\/ul>\n\n\n\n<p class=\"has-text-align-left\"><\/p>\n\n\n\n<hr class=\"wp-block-separator has-alpha-channel-opacity\"\/>\n\n\n\n<div style=\"height:16px\" aria-hidden=\"true\" class=\"wp-block-spacer\"><\/div>\n\n\n\n<p><strong>Informa\u00e7\u00f5es<\/strong>:<\/p>\n\n\n\n<i class=\"far fa-2x fa-address-card\"><\/i> <a rel=\"noreferrer noopener\" href=\"http:\/\/lattes.cnpq.br\/0894646446086485\" target=\"_blank\">Prof. Paulo C\u00e9sar de Resende Andrade<\/a><br><strong><a rel=\"noreferrer noopener\" aria-label=\"Prof. Lucas Franco Ferreira\n (abre numa nova aba)\" href=\"http:\/\/lattes.cnpq.br\/6643874023907971\" target=\"_blank\"><br><\/a><\/strong><i class=\"far fa-2x fa-envelope\"><\/i><strong>&nbsp;<\/strong><a rel=\"noreferrer noopener\" href=\"mailto:paulo.cesar@ict.ufvjm.edu.br\" target=\"_blank\">paulo.cesar@ict.ufvjm.edu.br<\/a><br><br><i class=\"fab fa-2x fa-instagram\"><\/i> <a rel=\"noreferrer noopener\" href=\"https:\/\/www.instagram.com\/nepea.ufvjm\/\" target=\"_blank\">@nepea.ufvjm<\/a><br><br><i class=\"fas fa-2x fa-map-marker-alt\"><\/i> &nbsp;Sala 208 do ICT. <em>Campus <\/em>JK \u2013 Rodovia MGT 367 \u2013 Km 583, n\u00ba 5.000. Alto da Jacuba. Diamantina-MG. CEP: 39100-000.<\/p>\n\n\n\n<i class=\"fa fa-2x fa-file-pdf\"><\/i>  <a rel=\"noreferrer noopener\" href=\"https:\/\/www.ict.ufvjm.edu.br\/wp-content\/uploads\/2023\/06\/REGIMENTO-DO-NEPEA-Aprovada-em-16-11-22.pdf\" target=\"_blank\">Regimento<\/a><\/p>\n","protected":false},"excerpt":{"rendered":"<p>N\u00facleo de Estudos e Pesquisas em Estat\u00edstica Aplicada &#8211; NEPEA do Instituto de Ci\u00eancia e Tecnologia da UFVJM \u2013 Universidade Federal dos Vales do Jequitinhonha e Mucuri, com sede no Campus JK, no Munic\u00edpio de Diamantina, Estado de Minas Gerais, congregam pesquisadores, professores, t\u00e9cnicos, estudantes de gradua\u00e7\u00e3o e p\u00f3s-gradua\u00e7\u00e3o. O NEPEA tem por finalidade desenvolver [&hellip;]<\/p>\n","protected":false},"author":3,"featured_media":0,"parent":332,"menu_order":150,"comment_status":"closed","ping_status":"closed","template":"","meta":{"_exactmetrics_skip_tracking":false,"_exactmetrics_sitenote_active":false,"_exactmetrics_sitenote_note":"","_exactmetrics_sitenote_category":0,"footnotes":""},"class_list":["post-5104","page","type-page","status-publish","hentry"],"_links":{"self":[{"href":"https:\/\/www.ict.ufvjm.edu.br\/index.php?rest_route=\/wp\/v2\/pages\/5104","targetHints":{"allow":["GET"]}}],"collection":[{"href":"https:\/\/www.ict.ufvjm.edu.br\/index.php?rest_route=\/wp\/v2\/pages"}],"about":[{"href":"https:\/\/www.ict.ufvjm.edu.br\/index.php?rest_route=\/wp\/v2\/types\/page"}],"author":[{"embeddable":true,"href":"https:\/\/www.ict.ufvjm.edu.br\/index.php?rest_route=\/wp\/v2\/users\/3"}],"replies":[{"embeddable":true,"href":"https:\/\/www.ict.ufvjm.edu.br\/index.php?rest_route=%2Fwp%2Fv2%2Fcomments&post=5104"}],"version-history":[{"count":40,"href":"https:\/\/www.ict.ufvjm.edu.br\/index.php?rest_route=\/wp\/v2\/pages\/5104\/revisions"}],"predecessor-version":[{"id":6141,"href":"https:\/\/www.ict.ufvjm.edu.br\/index.php?rest_route=\/wp\/v2\/pages\/5104\/revisions\/6141"}],"up":[{"embeddable":true,"href":"https:\/\/www.ict.ufvjm.edu.br\/index.php?rest_route=\/wp\/v2\/pages\/332"}],"wp:attachment":[{"href":"https:\/\/www.ict.ufvjm.edu.br\/index.php?rest_route=%2Fwp%2Fv2%2Fmedia&parent=5104"}],"curies":[{"name":"wp","href":"https:\/\/api.w.org\/{rel}","templated":true}]}}