{"id":4744,"date":"2022-09-05T11:14:02","date_gmt":"2022-09-05T14:14:02","guid":{"rendered":"https:\/\/www.ict.ufvjm.edu.br\/?page_id=4744"},"modified":"2024-10-07T10:41:41","modified_gmt":"2024-10-07T13:41:41","slug":"centro-academico-da-engenharia-geologica","status":"publish","type":"page","link":"https:\/\/www.ict.ufvjm.edu.br\/?page_id=4744","title":{"rendered":"Centro Acad\u00eamico da Engenharia Geol\u00f3gica"},"content":{"rendered":"\n<h2 class=\"wp-block-heading\">Gest\u00e3o<\/h2>\n\n\n\n<p>Presidente: Natanael Junio<br>Vice-presidente: Lucas Alencar<br>Secret\u00e1rio: Mariana Ta\u00eds<br>Tesoureira: Julia Jorge<br>Recursos Humanos: Luis Bruno<br>Eventos: Ot\u00e1vio Ferreira<\/p>\n\n\n\n<h2 class=\"wp-block-heading\">Contato<\/h2>\n\n\n\n<i class=\"far fa-2x fa-envelope\"><\/i>  <a href=\"mailto:caegeo@ict.ufvjm.edu.br\">caegeo@ict.ufvjm.edu.br<\/a><\/p>\n","protected":false},"excerpt":{"rendered":"<p>Gest\u00e3o Presidente: Natanael JunioVice-presidente: Lucas AlencarSecret\u00e1rio: Mariana Ta\u00edsTesoureira: Julia JorgeRecursos Humanos: Luis BrunoEventos: Ot\u00e1vio Ferreira Contato caegeo@ict.ufvjm.edu.br<\/p>\n","protected":false},"author":3,"featured_media":0,"parent":332,"menu_order":0,"comment_status":"closed","ping_status":"closed","template":"","meta":{"_exactmetrics_skip_tracking":false,"_exactmetrics_sitenote_active":false,"_exactmetrics_sitenote_note":"","_exactmetrics_sitenote_category":0,"footnotes":""},"class_list":["post-4744","page","type-page","status-publish","hentry"],"_links":{"self":[{"href":"https:\/\/www.ict.ufvjm.edu.br\/index.php?rest_route=\/wp\/v2\/pages\/4744","targetHints":{"allow":["GET"]}}],"collection":[{"href":"https:\/\/www.ict.ufvjm.edu.br\/index.php?rest_route=\/wp\/v2\/pages"}],"about":[{"href":"https:\/\/www.ict.ufvjm.edu.br\/index.php?rest_route=\/wp\/v2\/types\/page"}],"author":[{"embeddable":true,"href":"https:\/\/www.ict.ufvjm.edu.br\/index.php?rest_route=\/wp\/v2\/users\/3"}],"replies":[{"embeddable":true,"href":"https:\/\/www.ict.ufvjm.edu.br\/index.php?rest_route=%2Fwp%2Fv2%2Fcomments&post=4744"}],"version-history":[{"count":5,"href":"https:\/\/www.ict.ufvjm.edu.br\/index.php?rest_route=\/wp\/v2\/pages\/4744\/revisions"}],"predecessor-version":[{"id":6201,"href":"https:\/\/www.ict.ufvjm.edu.br\/index.php?rest_route=\/wp\/v2\/pages\/4744\/revisions\/6201"}],"up":[{"embeddable":true,"href":"https:\/\/www.ict.ufvjm.edu.br\/index.php?rest_route=\/wp\/v2\/pages\/332"}],"wp:attachment":[{"href":"https:\/\/www.ict.ufvjm.edu.br\/index.php?rest_route=%2Fwp%2Fv2%2Fmedia&parent=4744"}],"curies":[{"name":"wp","href":"https:\/\/api.w.org\/{rel}","templated":true}]}}