{"id":467,"date":"2019-07-31T23:06:54","date_gmt":"2019-08-01T01:06:54","guid":{"rendered":"http:\/\/www4.ict.ufvjm.edu.br\/?page_id=467"},"modified":"2024-06-07T07:21:22","modified_gmt":"2024-06-07T10:21:22","slug":"contato","status":"publish","type":"page","link":"https:\/\/www.ict.ufvjm.edu.br\/?page_id=467","title":{"rendered":"Contato"},"content":{"rendered":"\n<i class=\"fas fa-2x fa-map-marker\"><\/i>  <strong>Endere\u00e7o:<\/strong><br>Campus JK \u2013 Rodovia MGT 367 \u2013 Km 583, n\u00ba 5.000. Alto da Jacuba. Diamantina-MG. CEP: 39100-000<\/p>\n\n\n\n<i class=\"fas fa-2x fa-phone-square-alt\"><\/i>  <strong>Telefone<\/strong>:<br>+55 (38) 3532-1214<\/p>\n\n\n\n<i class=\"fas fa-2x fa-at\"><\/i>  <strong>E-mail<\/strong>:<br><a href=\"mailto:direcao@ict.ufvjm.edu.br\">direcao@ict.ufvjm.edu.br<\/a><\/p>\n\n\n\n<i class=\"fas fa-2x fa-hourglass-half\"><\/i>  <strong>Hor\u00e1rio de Funcionamento<\/strong>:<br>Segunda \u00e0 Sexta<br>07h30 \u00e0s 11h30 e 12h30 \u00e0s 16h30<\/p>\n\n\n\n<iframe loading=\"lazy\" src=\"https:\/\/www.google.com\/maps\/embed?pb=!1m18!1m12!1m3!1d2253.6355856182627!2d-43.5773094982467!3d-18.20311357265613!2m3!1f0!2f0!3f0!3m2!1i1024!2i768!4f13.1!3m3!1m2!1s0xaebbe84ceb42e1%3A0x94a0548497713e0!2sInsituto+de+Ci%C3%AAncia+e+Tecnologia+-+ICT!5e0!3m2!1spt-BR!2sbr!4v1564622067552!5m2!1spt-BR!2sbr\" width=\"600\" height=\"450\" frameborder=\"0\" style=\"border:0\" allowfullscreen=\"\"><\/iframe>\n","protected":false},"excerpt":{"rendered":"<p>Endere\u00e7o:Campus JK \u2013 Rodovia MGT 367 \u2013 Km 583, n\u00ba 5.000. Alto da Jacuba. Diamantina-MG. CEP: 39100-000 Telefone:+55 (38) 3532-1214 E-mail:direcao@ict.ufvjm.edu.br Hor\u00e1rio de Funcionamento:Segunda \u00e0 Sexta07h30 \u00e0s 11h30 e 12h30 \u00e0s 16h30<\/p>\n","protected":false},"author":2,"featured_media":0,"parent":318,"menu_order":0,"comment_status":"closed","ping_status":"closed","template":"","meta":{"_exactmetrics_skip_tracking":false,"_exactmetrics_sitenote_active":false,"_exactmetrics_sitenote_note":"","_exactmetrics_sitenote_category":0,"footnotes":""},"class_list":["post-467","page","type-page","status-publish","hentry"],"_links":{"self":[{"href":"https:\/\/www.ict.ufvjm.edu.br\/index.php?rest_route=\/wp\/v2\/pages\/467","targetHints":{"allow":["GET"]}}],"collection":[{"href":"https:\/\/www.ict.ufvjm.edu.br\/index.php?rest_route=\/wp\/v2\/pages"}],"about":[{"href":"https:\/\/www.ict.ufvjm.edu.br\/index.php?rest_route=\/wp\/v2\/types\/page"}],"author":[{"embeddable":true,"href":"https:\/\/www.ict.ufvjm.edu.br\/index.php?rest_route=\/wp\/v2\/users\/2"}],"replies":[{"embeddable":true,"href":"https:\/\/www.ict.ufvjm.edu.br\/index.php?rest_route=%2Fwp%2Fv2%2Fcomments&post=467"}],"version-history":[{"count":19,"href":"https:\/\/www.ict.ufvjm.edu.br\/index.php?rest_route=\/wp\/v2\/pages\/467\/revisions"}],"predecessor-version":[{"id":5852,"href":"https:\/\/www.ict.ufvjm.edu.br\/index.php?rest_route=\/wp\/v2\/pages\/467\/revisions\/5852"}],"up":[{"embeddable":true,"href":"https:\/\/www.ict.ufvjm.edu.br\/index.php?rest_route=\/wp\/v2\/pages\/318"}],"wp:attachment":[{"href":"https:\/\/www.ict.ufvjm.edu.br\/index.php?rest_route=%2Fwp%2Fv2%2Fmedia&parent=467"}],"curies":[{"name":"wp","href":"https:\/\/api.w.org\/{rel}","templated":true}]}}