{"id":4543,"date":"2022-06-09T16:32:59","date_gmt":"2022-06-09T19:32:59","guid":{"rendered":"https:\/\/www.ict.ufvjm.edu.br\/?page_id=4543"},"modified":"2024-07-21T18:10:16","modified_gmt":"2024-07-21T21:10:16","slug":"corpo-docente","status":"publish","type":"page","link":"https:\/\/www.ict.ufvjm.edu.br\/?page_id=4543","title":{"rendered":"Linhas de pesquisa dos docentes"},"content":{"rendered":"\n<p>Confira os dados de e-mail, sala, curr\u00edculo lattes e telefone dos servidores <a href=\"https:\/\/www.ict.ufvjm.edu.br\/?page_id=2\">clicando aqui <\/a><\/p>\n\n\n\n<p>Veja abaixo a lista das linhas de pesquisa dos docentes da Unidade<\/p>\n\n\n\n<figure class=\"wp-block-table is-style-stripes\"><table class=\"has-fixed-layout\"><thead><tr><th>Docentes<\/th><th>Temas de interesse<\/th><\/tr><\/thead><tbody><tr><td>Alessandra Mendes Carvalho Vasconcelos<\/td><td>&#8211; Carste<br>&#8211; Pedologia<br>&#8211; Solos<br>&#8211; Cer\u00e2mica<\/td><\/tr><tr><td>Alessandro Caldeira Alves<\/td><td>&#8211; Educa\u00e7\u00e3o<br>&#8211; Matem\u00e1tica<br>&#8211; Ensino Superior<br>&#8211; Evas\u00e3o<br>&#8211; Reten\u00e7\u00e3o<br>&#8211; Metodologias de Ensino<\/td><\/tr><tr><td>Alexandre Gutenberg da Costa Moura<\/td><td><strong>Afastado<\/strong><\/td><\/tr><tr><td>Alexandre Ramos Fonseca<\/td><td>&#8211;&nbsp;Programa\u00e7\u00e3o<br>&#8211; C\u00e1lculo num\u00e9rico<\/td><\/tr><tr><td>Amanda Rocha Chaves<\/td><td><strong>Afastada<\/strong><\/td><\/tr><tr><td>Am\u00f3s Martini<\/td><td>&#8211; Mapeamento Geol\u00f3gico com \u00eanfase em Geologia Estrutural<br>&#8211; Mapeamento Geol\u00f3gico com \u00eanfase em Geoconserva\u00e7\u00e3o<\/td><\/tr><tr><td>Ana Maciel de Carvalho<\/td><td>&#8211; Quantidade e Qualidade das \u00c1guas Subterr\u00e2neas<\/td><\/tr><tr><td>Anamaria de Oliveira Cardoso<\/td><td>&#8211; Controle Avan\u00e7ado de Processos (MPC baseado em l\u00f3gica fuzzy e redes neurais)<br>&#8211; Associa\u00e7\u00e3o entre scheduling e controle avan\u00e7ado de processos<br>&#8211; Modelagem e simula\u00e7\u00e3o de processos industriais<br>&#8211; Modelagem de biossensores<\/td><\/tr><tr><td>Anderson Luiz Pedrosa Porto<\/td><td>&#8211; Teoria de Grupo<br>&#8211; Teoria de N\u00fameros<br>&#8211; Teoria de Lie com Equa\u00e7\u00f5es Diferenciais<br>&#8211; Teoria de Grafos<\/td><\/tr><tr><td>Antonio Genilton Sant&#8217;Anna<\/td><td>&#8211; Sustentabilidade<br>&#8211; Empreendedorismo<br>&#8211; Inova\u00e7\u00e3o<br>&#8211; Compet\u00eancia<br>&#8211; Gest\u00e3o<\/td><\/tr><tr><td>Arlete Barbosa dos Reis<\/td><td><strong>Afastada<\/strong><\/td><\/tr><tr><td>Arlindo Follador Neto<\/td><td>&#8211; Internet das Coisas<br>&#8211; Sistemas de Reconhecimento e Verifica\u00e7\u00e3o de Locutores<br>&#8211; Sistemas de Classifica\u00e7\u00e3o de Padr\u00f5es<br>&#8211; Desenvolvimento de Sistemas Web<br>&#8211; Outras Aplica\u00e7\u00f5es<br>&#8211; Demais temas relacionados \u00e0 inform\u00e1tica<\/td><\/tr><tr><td>Bernat Vinolas Prat<\/td><td>&#8211;<\/td><\/tr><tr><td>Beth\u00e2nia Alves de Avelar Freitas<\/td><td>&#8211; Plantas medicinais<br>&#8211; Biomec\u00e2nica celular<br>&#8211; Imunologia<br>&#8211; Sa\u00fade P\u00fablica<br>&#8211; Plantas aliment\u00edcias n\u00e3o convencionais<br>&#8211; COVID-19<\/td><\/tr><tr><td>Caio Olindo de Miranda e Silva J\u00fanior<\/td><td>&#8211; Oscila\u00e7\u00f5es peri\u00f3dicas n\u00e3o harm\u00f4nicas<br>&#8211; O Modelo at\u00f4mico de Rutherford<br>&#8211; O efeito Compton<br>&#8211; O interfer\u00f4metro de Michelson e Morley<\/td><\/tr><tr><td>Carlos Alexandre Oliveira de Souza<\/td><td>&#8211; An\u00e1lise de tens\u00f5es<br>&#8211; Simula\u00e7\u00e3o computacional de estruturas e componentes mec\u00e2nicos<\/td><\/tr><tr><td>Carlos Ign\u00e1cio<\/td><td>&#8211; Ligas de Tit\u00e2nio<br>&#8211; Pol\u00edmeros<br>&#8211; Energia Solar<\/td><\/tr><tr><td>Carolina Cruz Mendes Buosi<\/td><td>&#8211; Sequ\u00eancias<br>&#8211; S\u00e9ries<br>&#8211; Topologia<br>&#8211; \u00c1lgebra<\/td><\/tr><tr><td>Danilo Barbuena<\/td><td>&#8211;<\/td><\/tr><tr><td>Danilo Duarte Costa<\/td><td>&#8211; Estudos emp\u00edricos sobre escrita acad\u00eamica em L\u00edngua Inglesa e\/ou L\u00edngua Portuguesa, com \u00eanfase para as ci\u00eancias exatas e ci\u00eancias da natureza<br>&#8211; Ingl\u00eas para fins acad\u00eamicos;<br>&#8211; Ingl\u00eas para fins espec\u00edficos<\/td><\/tr><tr><td>Danilo Olzon Dionysio de Souza<\/td><td>&#8211;<\/td><\/tr><tr><td>D\u00e9bora Vilela Franco<\/td><td>&#8211; Monitoramento da Qualidade de \u00c1gua<br>&#8211; Aplica\u00e7\u00e3o MASP para melhoria de processo<\/td><\/tr><tr><td>Douglas Frederico Guimar\u00e3es Santiago<\/td><td>&#8211; M\u00e9todos Num\u00e9ricos e Aplica\u00e7\u00f5es<br>&#8211; Equa\u00e7\u00e3o de Schrodinger<br>&#8211; Computa\u00e7\u00e3o Qu\u00e2ntica<\/td><\/tr><tr><td>Edivaldo dos Santos Filho<\/td><td>&#8211; Aplica\u00e7\u00f5es tecnol\u00f3gicas de argilominerais<\/td><\/tr><tr><td>Eduardo Fontana<\/td><td>&#8211;<\/td><\/tr><tr><td>Elton Di\u00eago Bonif\u00e1cio<\/td><td>&#8211; T\u00e9cnicas de similitude usadas em microchips destinados \u00e0 an\u00e1lises biol\u00f3gicas<br>&#8211; An\u00e1lise\/dimensionamento de estruturas\/elementos mec\u00e2nicos usando o MEF<br>&#8211; Projeto\/constru\u00e7\u00e3o de bancadas did\u00e1ticas<\/td><\/tr><tr><td>Emiliana Mara Lopes Sim\u00f5es<\/td><td>&#8211; Temas na \u00e1rea de Ci\u00eancia da Computa\u00e7\u00e3o, com \u00eanfase em Metodologia e T\u00e9cnicas da Computa\u00e7\u00e3o<br>&#8211; Programa\u00e7\u00e3o<br>&#8211; Pesquisa operacional<br>&#8211; M\u00e9todos exatos e heur\u00edsticos de otimiza\u00e7\u00e3o e planejamento do sistema de transporte p\u00fablico por \u00f4nibus urbano<\/td><\/tr><tr><td>Euler Guimar\u00e3es Horta<\/td><td>&#8211;<\/td><\/tr><tr><td>Evelyn Aparecida Mecenero Sanchez Bizan<\/td><td>&#8211;<\/td><\/tr><tr><td>Flaviana Tavares Vieira Teixeira<\/td><td>&#8211; Evas\u00e3o e Reten\u00e7\u00e3o<br>&#8211; Tintas<br>&#8211; Explosivos<\/td><\/tr><tr><td>Franciele Maria Pelissari Molina<\/td><td>&#8211; Inova\u00e7\u00f5es em embalagens para alimentos &#8211; M\u00e9todos inovadores de conserva\u00e7\u00e3o de alimentos<br>&#8211; Nanotecnologia na ind\u00fastria de alimentos<\/td><\/tr><tr><td>Giselle Pereira Cardoso<\/td><td>&#8211; Desenvolvimento de novos produtos<br>&#8211; Mat\u00e9rias primas aliment\u00edcias<br>&#8211; Conserva\u00e7\u00e3o de alimentos<br>&#8211; Revestimentos Comest\u00edveis<br>&#8211; Projetos Industriais<br>&#8211; Estudo de Mercado<\/td><\/tr><tr><td>Gislaine Amor\u00e9s Battilani<\/td><td>&#8211;<\/td><\/tr><tr><td>Gustavo Molina<\/td><td>&#8211; Bioprocessos<\/td><\/tr><tr><td>Henrique Aparecido de Jesus Loures Mour\u00e3o<\/td><td>&#8211; Qu\u00edmica e tecnologia de materiais<br>&#8211; Cat\u00e1lise e fotocat\u00e1lise<br>&#8211; Semicondutores<br>&#8211; Tratamentos de \u00e1gua<br>&#8211; Energias renov\u00e1veis<\/td><\/tr><tr><td>Hort\u00eancia Luma Fernandes Magalh\u00e3es<\/td><td>&#8211; Mec\u00e2nica dos Flu\u00eddos<br>&#8211; Transfer\u00eancia de Calor<\/td><\/tr><tr><td>Iara Ferreira de Rezende<\/td><td>&#8211; Instala\u00e7\u00f5es Prediais<br>&#8211; Conforto Ambiental<\/td><\/tr><tr><td>Jo\u00e3o Vin\u00edcios Wirbitzki da Silveira<\/td><td>&#8211; Pol\u00edmeros<\/td><\/tr><tr><td>Jos\u00e9 Izaquiel Santos da Silva<\/td><td>&#8211;<\/td><\/tr><tr><td>Jos\u00e9 Maria Leal<\/td><td>&#8211;<\/td><\/tr><tr><td>Jos\u00e9 Ricardo Ferreira Oliveira<\/td><td>&#8211; T\u00e9cnicas experimentais para medi\u00e7\u00e3o de propriedades termof\u00edsicas dos materiais<br>&#8211; Refrigera\u00e7\u00e3o termoel\u00e9trica, industrial e comercial<br>&#8211; Fundamentos e aplica\u00e7\u00f5es da Psicrometria;<br>&#8211; Sistemas de medi\u00e7\u00e3o e quantifica\u00e7\u00e3o de incertezas em Fen\u00f4menos de Transporte.<\/td><\/tr><tr><td>Joyce Maria Gomes da Costa<\/td><td>&#8211; Nano e microencapsula\u00e7\u00e3o: m\u00e9todos e aplica\u00e7\u00f5es<\/td><\/tr><tr><td>Juan Pedro Bretas Roa<\/td><td><strong>Afastado<\/strong><\/td><\/tr><tr><td>Juliano Alves Senna<\/td><td>&#8211; Geoci\u00eancias<br>&#8211; Geologia<br>&#8211; Geotecnologias<br>&#8211; Sensoriamento Remoto<br>&#8211; Argilas<br>&#8211; Argilominerais<br>&#8211; Filossilicatos<br>&#8211; Minerais Industriais<br>&#8211; Mat\u00e9ria-Prima Cer\u00e2mica<br>&#8211; Processamento Digital de Imagens<br>&#8211; Sistemas de Informa\u00e7\u00f5es Georreferenciadas<br>&#8211; Modelo Digital de Terreno<br>&#8211; Detec\u00e7\u00e3o Remota de Minerais Estrat\u00e9gicos<\/td><\/tr><tr><td>Larissa de Oliveira Ferreira Rocha<\/td><td>&#8211; Desenvolvimento de produtos l\u00e1cteos<br>&#8211; Produtos l\u00e1cteos funcionais<br>&#8211; Leites vegetais e produtos derivados<\/td><\/tr><tr><td>Leonardo Gomes<\/td><td>&#8211; Matem\u00e1tica Pura<br>&#8211; F\u00edsica Matem\u00e1tica<\/td><\/tr><tr><td>Libardo Andr\u00e9s Gonz\u00e1lez Torres<\/td><td>&#8211; Projeto e fabrica\u00e7\u00e3o de carrinho para transporte de materiais recicl\u00e1veis leves<br>&#8211; Mimetiza\u00e7\u00e3o do microambiente de \u00f3rg\u00e3os e tumores<br>&#8211; Intelig\u00eancia artificial aplicada a an\u00e1lises de imagens de microscopia<br>&#8211; Impress\u00e3o 3D de dispositivos com microcanais<\/td><\/tr><tr><td>L\u00edlian de Ara\u00fajo Pantoja<\/td><td>&#8211; Bioenergia<br>&#8211; Biocombust\u00edveis<br>&#8211; Fermenta\u00e7\u00e3o<br>&#8211; Micro-organismos (Leveduras e Fungos Filamentosos)<\/td><\/tr><tr><td>Lucas Franco Ferreira<\/td><td>&#8211; Eletross\u00edntese e caracteriza\u00e7\u00e3o de materiais polim\u00e9ricos<br>&#8211; Desenvolvimento de biossensores eletroqu\u00edmicos aplicados ao diagn\u00f3stico de doen\u00e7as<br>&#8211; Desenvolvimento de sensores\/biossensores eletroqu\u00edmicos para monitoramento de poluentes ambientais<br>&#8211; Desenvolvimento de eletrodos descart\u00e1veis de baixo custo para an\u00e1lises eletroqu\u00edmicas<\/td><\/tr><tr><td>Lucilia Aparecida Ramos de Oliveira<\/td><td>&#8211; Geologia Econ\u00f4mica<br>&#8211; Prospec\u00e7\u00e3o Geol\u00f3gica<br>&#8211; Economia e Legisla\u00e7\u00e3o Mineral com \u00eanfase em: Inclus\u00f5es Fluidas, Petrografia de Min\u00e9rios, G\u00eanese de Dep\u00f3sitos Minerais, Geoqu\u00edmica e t\u00e9cnicas de an\u00e1lise<\/td><\/tr><tr><td>Lucio Mauro Soares Fraga<\/td><td>&#8211; Aplica\u00e7\u00e3o do m\u00e9todo de eletrorrestividade na prospec\u00e7\u00e3o de \u00e1gua subterr\u00e2nea em aqu\u00edferos fissurados<br>&#8211; Elabora\u00e7\u00e3o de padr\u00f5es de materiais geol\u00f3gicos para an\u00e1lises de difratometria de Raio X<br>&#8211; Constru\u00e7\u00e3o de perfis geol\u00f3gicos da Serra do Espinha\u00e7o para aplica\u00e7\u00e3o did\u00e1tica<br>&#8211; Cole\u00e7\u00e3o de amostras de rochas da Serra do Espinha\u00e7o: Litoteca virtual<br>&#8211; Estudos gravim\u00e9tricos no Campus JK considerando as varia\u00e7\u00f5es entre as altitudes ortom\u00e9trica e geom\u00e9trica e suas implica\u00e7\u00f5es na forma ge\u00f3ide da Terra<br>&#8211; Cataloga\u00e7\u00e3o de Estruturas sedimentares e interpreta\u00e7\u00e3o dos processos hidrodin\u00e2micos de sedimenta\u00e7\u00e3o em rochas metassedimentares do Supergrupo Espinha\u00e7o<br>&#8211; Geologia Ambiental, an\u00e1lise de \u00e1reas de risco, cartografia digital na regi\u00e3o de Diamantina<\/td><\/tr><tr><td>Manoel Jos\u00e9 Mendes Pires<\/td><td>&#8211; Magnetismo e materiais magn\u00e9ticos<br>&#8211; Eletrodeposi\u00e7\u00e3o de metais e ligas<br>&#8211; Corros\u00e3o<br>&#8211; Instrumenta\u00e7\u00e3o para ensino de F\u00edsica<\/td><\/tr><tr><td>Marcelino Serretti Leonel<\/td><td>&#8211; \u00c1rea da pesquisa operacional &#8211; PO<\/td><\/tr><tr><td>Marcelo Moreira Britto<\/td><td>&#8211;<\/td><\/tr><tr><td>Marcio Schmiele<\/td><td>&#8211; Tecnologia de cereais<br>&#8211; Qu\u00edmica e an\u00e1lise de Alimentos<br>&#8211; Tecnologia de \u00f3leos e gorduras vegetais<\/td><\/tr><tr><td>Matheus Henrique Granzotto<\/td><td>&#8211; Processos Qu\u00edmicos<br>&#8211; Ind\u00fastrias Qu\u00edmicas<br>&#8211; Integra\u00e7\u00e3o Energ\u00e9tica<br>&#8211; Controle iterativo<br>&#8211; Controle Preditivo<br>&#8211; Simuladores de Processos Qu\u00edmicos<br>&#8211; Seguran\u00e7a e Sa\u00fade do Trabalho<br>&#8211; Engenharia de Processos<\/td><\/tr><tr><td>Matheus Henrique Kuchenbecker do Amaral<\/td><td>&#8211; Geotect\u00f4nica e geologia regional<\/td><\/tr><tr><td>Michely Santos Oliveira<\/td><td>&#8211; Modelagem Matem\u00e1tica (sistemas din\u00e2micos, Biomatem\u00e1tica)<br>&#8211; Educa\u00e7\u00e3o Matem\u00e1tica<br>&#8211; Hist\u00f3ria da Matem\u00e1tica<br>&#8211; Aplica\u00e7\u00f5es intra e interdisciplinares<\/td><\/tr><tr><td>Mois\u00e9s de Matos Torres<\/td><td>&#8211; Controle e Automa\u00e7\u00e3o Industrial<br>&#8211; Rob\u00f3tica Industrial<br>&#8211; Biomec\u00e2nica<br>&#8211; Controle e Automa\u00e7\u00e3o Rural<br>&#8211; Simula\u00e7\u00e3o Num\u00e9rica<\/td><\/tr><tr><td>Monalisa Pereira Dutra Andrade<\/td><td>&#8211; Ci\u00eancia e Tecnologia de Carnes e Derivados<\/td><\/tr><tr><td>M\u00f4nica Aparecida Cruvinel Valad\u00e3o<\/td><td>&#8211; \u00c1lgebra Linear e Aplica\u00e7\u00f5es<\/td><\/tr><tr><td>M\u00f4nica Martins Andrade Tolentino<\/td><td>&#8211; Projeto Arquitet\u00f4nico<br>&#8211; Paisagismo<br>&#8211; Patrim\u00f4nio Hist\u00f3rico<br>&#8211; Tecnologias digitais para documenta\u00e7\u00e3o do patrim\u00f4nio arquitet\u00f4nico<br>&#8211; Sustentabilidade<br>&#8211; Fotogrametria digital<br>&#8211; Hist\u00f3ria da arquitetura<br>&#8211; Materiais sustent\u00e1veis para constru\u00e7\u00e3o civil<\/td><\/tr><tr><td>Olavo Cosme da Silva<\/td><td>&#8211; Astronomia<\/td><\/tr><tr><td>Paulo C\u00e9sar de Resende Andrade<\/td><td>&#8211; Estat\u00edstica e Experimenta\u00e7\u00e3o<br>&#8211; An\u00e1lise de Confiabilidade<br>&#8211; Estat\u00edstica Aplicada<br>&#8211; TDICs<\/td><\/tr><tr><td>Pedro Angelo Almeida Abreu<\/td><td>&#8211; Mapeamento Geol\u00f3gico de Detalhe<br>&#8211; An\u00e1lise de formas cristalogr\u00e1ficas e de Inclus\u00f5es Minerais de Diamantes<br>&#8211; Processamento de rochas para busca de diamantes<\/td><\/tr><tr><td>Poliana Mendes de Souza<\/td><td>&#8211; Tecnologias emergentes aplicadas na ind\u00fastria de alimentos<br>&#8211; Metodologias ativas de ensino<\/td><\/tr><tr><td>Raquel Anna Sapunaru<\/td><td>&#8211; Hist\u00f3ria \/Filosofia da Matem\u00e1tica<br>&#8211; Hist\u00f3ria\/Filosofia da F\u00edsica<br>&#8211; Sociologia Geral<\/td><\/tr><tr><td>Raquel Anna Sapunaru<\/td><td>&#8211; Filosofia\/Hist\u00f3ria da Matem\u00e1tica<br>&#8211; Filosofia\/Hist\u00f3ria da F\u00edsica<br>&#8211; Filosofia Geral<br>&#8211; Hist\u00f3ria Geral<br>&#8211; Sociologia Geral<br>&#8211; L\u00f3gica<\/td><\/tr><tr><td>Ricardo Augusto Gon\u00e7alves<\/td><td>&#8211; Processos de Usinagem<br>&#8211; Manufatura Aditiva<br>&#8211; Gest\u00e3o de Produ\u00e7\u00e3o<\/td><\/tr><tr><td>Ricardo Luis dos Reis<\/td><td>&#8211; S\u00e9ries Temporais<br>&#8211; Controle Estat\u00edstico da Qualidade<br>&#8211; Infer\u00eancia Bayesiana<br>&#8211; Estat\u00edstica Computacional<\/td><\/tr><tr><td>Roberta Maria Ferreira Alves<\/td><td>&#8211; Humanidades ( cultura afro brasileira, africanas, literatura e outras artes<\/td><\/tr><tr><td>Rog\u00e9rio Alexandre Alves de Melo<\/td><td>&#8211; Meio ambiente<br>&#8211; Cat\u00e1lise<br>&#8211; Processos qu\u00edmicos<\/td><\/tr><tr><td>Rubia Ribeiro Viana<\/td><td>&#8211; Mineralogia<br>&#8211; Geoqu\u00edmica<\/td><\/tr><tr><td>Sandra Matias Damasceno<\/td><td>&#8211; Biocombust\u00edveis<br>&#8211; Cat\u00e1lise heterog\u00eanea<br>&#8211; Reatores qu\u00edmicos<\/td><\/tr><tr><td>Solange de Souza<\/td><td>&#8211; Corros\u00e3o e prote\u00e7\u00e3o \u00e0 corros\u00e3o<br>&#8211; Ci\u00eancia e Engenharia dos Materiais<\/td><\/tr><tr><td>Soraya de Carvalho Neves<\/td><td>&#8211;<\/td><\/tr><tr><td>Tarcila Mantovan Atolini<\/td><td>&#8211; Opera\u00e7\u00f5es unit\u00e1rias em ind\u00fastrias qu\u00edmicas<br>&#8211; Engenharia\/Tecnologia e Meio Ambiente<br>&#8211; \u00c1gua (capta\u00e7\u00e3o, qualidade, tratamento e reuso)<br>&#8211; Reciclagem de materiais e desenvolvimento de novos produtos<br>&#8211; Tecnologia Social<br>&#8211; Educa\u00e7\u00e3o\/Forma\u00e7\u00e3o em Engenharia<br>&#8211; Engenharia\/Tecnologia e as rela\u00e7\u00f5es de g\u00eanero, ra\u00e7a e classe<br>&#8211; Cooperativismo e Autogest\u00e3o da produ\u00e7\u00e3o<br>&#8211; An\u00e1lise ergon\u00f4mica do trabalho<\/td><\/tr><tr><td>Tatiana Nunes Amaral<\/td><td><strong>Afastada<\/strong><\/td><\/tr><tr><td>Thiago Henrique Lara Pinto<\/td><td>&#8211; Modelagem num\u00e9rica de materiais comp\u00f3sitos<br>&#8211; Elementos de m\u00e1quinas<\/td><\/tr><tr><td>Thiago Parente Lima<\/td><td>&#8211; Transfer\u00eancia de Calor<br>&#8211; Mec\u00e2nica dos Fluidos<br>&#8211; M\u00e1quinas de Fluxo<br>&#8211; Din\u00e2mica dos Fluidos Computacional (CFD)<\/td><\/tr><tr><td>Thonson Ferreira Costa<\/td><td>&#8211;<\/td><\/tr><tr><td>Tiago Mendes<\/td><td>&#8211; Motores de Combust\u00e3o Interna<br>&#8211; Turbinas T\u00e9rmicas<br>&#8211; Energias Renov\u00e1veis e Geradores de Vapor<\/td><\/tr><tr><td>Ulisses Barros de Abreu Maia<\/td><td>&#8211; Administra\u00e7\u00e3o<br>&#8211; Inova\u00e7\u00e3o<br>&#8211; Gest\u00e3o<br>&#8211; Projetos<br>&#8211; Tecnologia Cervejeira<\/td><\/tr><tr><td>V\u00edctor Augusto Nascimento Magalh\u00e3es<\/td><td>&#8211; Projeto de m\u00e1quinas<br>&#8211; Processos de fabrica\u00e7\u00e3o<\/td><\/tr><tr><td>Victor Hugo de Oliveira Munhoz<\/td><td>&#8211; Simula\u00e7\u00e3o de din\u00e2mica molecular de biomol\u00e9culas e bioiform\u00e1tica aplicada ao estudo de pept\u00eddeos e prote\u00ednas<\/td><\/tr><tr><td>Vivian Machado Benassi<\/td><td>&#8211; Coleta e Isolamento de Fungos Filamentosos<br>&#8211; Otimiza\u00e7\u00e3o da Produ\u00e7\u00e3o de Enzimas<br>&#8211; Aplica\u00e7\u00e3o de Enzimas em processos industriais<br>&#8211; Biocombust\u00edveis<\/td><\/tr><tr><td>Walter dos Reis J\u00fanior<\/td><td>&#8211; Mapeamento geol\u00f3gico<br>&#8211; Cartografia Geot\u00e9cnica<br>&#8211; Avalia\u00e7\u00e3o de risco geol\u00f3gico<\/td><\/tr><tr><td>Wilbor Poletti Silva<\/td><td>&#8211; Geof\u00edsica<br>&#8211; Levantamentos de gamaespectrometria<br>&#8211; Elabora\u00e7\u00e3o do espa\u00e7o did\u00e1tico para pr\u00e1ticas de geof\u00edsica<\/td><\/tr><\/tbody><\/table><\/figure>\n","protected":false},"excerpt":{"rendered":"<p>Confira os dados de e-mail, sala, curr\u00edculo lattes e telefone dos servidores clicando aqui Veja abaixo a lista das linhas de pesquisa dos docentes da Unidade Docentes Temas de interesse Alessandra Mendes Carvalho Vasconcelos &#8211; Carste&#8211; Pedologia&#8211; Solos&#8211; Cer\u00e2mica Alessandro Caldeira Alves &#8211; Educa\u00e7\u00e3o&#8211; Matem\u00e1tica&#8211; Ensino Superior&#8211; Evas\u00e3o&#8211; Reten\u00e7\u00e3o&#8211; Metodologias de Ensino Alexandre Gutenberg da [&hellip;]<\/p>\n","protected":false},"author":3,"featured_media":0,"parent":318,"menu_order":4,"comment_status":"closed","ping_status":"closed","template":"","meta":{"_exactmetrics_skip_tracking":false,"_exactmetrics_sitenote_active":false,"_exactmetrics_sitenote_note":"","_exactmetrics_sitenote_category":0,"footnotes":""},"class_list":["post-4543","page","type-page","status-publish","hentry"],"_links":{"self":[{"href":"https:\/\/www.ict.ufvjm.edu.br\/index.php?rest_route=\/wp\/v2\/pages\/4543","targetHints":{"allow":["GET"]}}],"collection":[{"href":"https:\/\/www.ict.ufvjm.edu.br\/index.php?rest_route=\/wp\/v2\/pages"}],"about":[{"href":"https:\/\/www.ict.ufvjm.edu.br\/index.php?rest_route=\/wp\/v2\/types\/page"}],"author":[{"embeddable":true,"href":"https:\/\/www.ict.ufvjm.edu.br\/index.php?rest_route=\/wp\/v2\/users\/3"}],"replies":[{"embeddable":true,"href":"https:\/\/www.ict.ufvjm.edu.br\/index.php?rest_route=%2Fwp%2Fv2%2Fcomments&post=4543"}],"version-history":[{"count":14,"href":"https:\/\/www.ict.ufvjm.edu.br\/index.php?rest_route=\/wp\/v2\/pages\/4543\/revisions"}],"predecessor-version":[{"id":5930,"href":"https:\/\/www.ict.ufvjm.edu.br\/index.php?rest_route=\/wp\/v2\/pages\/4543\/revisions\/5930"}],"up":[{"embeddable":true,"href":"https:\/\/www.ict.ufvjm.edu.br\/index.php?rest_route=\/wp\/v2\/pages\/318"}],"wp:attachment":[{"href":"https:\/\/www.ict.ufvjm.edu.br\/index.php?rest_route=%2Fwp%2Fv2%2Fmedia&parent=4543"}],"curies":[{"name":"wp","href":"https:\/\/api.w.org\/{rel}","templated":true}]}}