{"id":3657,"date":"2021-07-16T13:55:53","date_gmt":"2021-07-16T16:55:53","guid":{"rendered":"https:\/\/www.ict.ufvjm.edu.br\/?page_id=3657"},"modified":"2024-03-05T13:32:26","modified_gmt":"2024-03-05T16:32:26","slug":"nossas-midias-sociais","status":"publish","type":"page","link":"https:\/\/www.ict.ufvjm.edu.br\/?page_id=3657","title":{"rendered":"Nossas m\u00eddias sociais"},"content":{"rendered":"\n<div class=\"midiasict-wrapper\">\n    <div class=\"midiasict-cards-container\">\n\n        <a class=\"midiasict-flex-item midiasict-site-card midiasict-fa\" href=\"https:\/\/ict.ufvjm.edu.br\" rel=\"noopener noreferrer\">\n\n            <i class=\"fa fa-wordpress midiasict-fa-wordpress\"><\/i>\n            Site\n\n        <\/a>\n\n        <a class=\"midiasict-flex-item midiasict-facebook-card midiasict-fa\" href=\"https:\/\/facebook.com\/ictufvjm\" target=\"_blank\" rel=\"noopener noreferrer\">\n\n            <i class=\"fa fa-facebook midiasict-fa-facebook\"><\/i>\n            Facebook\n\n        <\/a>\n\n        <a class=\"midiasict-flex-item midiasict-instagram-card midiasict-fa\" href=\"https:\/\/instagram.com\/ictufvjm\" target=\"_blank\" rel=\"noopener noreferrer\">\n\n            <i class=\"fa fa-instagram midiasict-fa-instagram\"><\/i>\n            Instagram\n\n        <\/a>\n\n        <a class=\"midiasict-flex-item midiasict-twitter-card midiasict-fa\" href=\"https:\/\/twitter.com\/ictufvjm\" target=\"_blank\" rel=\"noopener noreferrer\">\n\n            <i class=\"fa fa-twitter  midiasict-fa-twitter\"><\/i>\n            Twitter\n\n        <\/a>\n\n        <a class=\"midiasict-flex-item midiasict-whatsapp-card midiasict-fa\" href=\"https:\/\/chat.whatsapp.com\/Ia25WLlNmZjFGKyVstuIGh\" target=\"_blank\" rel=\"noopener noreferrer\">\n\n            <i class=\"fa fa-whatsapp midiasict-fa-whatsapp\"><\/i>\n            Whatsapp\n\n        <\/a>\n\n        <a class=\"midiasict-flex-item midiasict-telegram-card midiasict-fa\" href=\"https:\/\/t.me\/DivulgaICT\" target=\"_blank\" rel=\"noopener noreferrer\">\n\n            <i class=\"fa fa-telegram midiasict-fa-telegram\"><\/i>\n            Telegram\n\n        <\/a>\n\n        <a class=\"midiasict-flex-item midiasict-youtube-card midiasict-fa\" href=\"https:\/\/www.youtube.com\/channel\/UCUN9T59jQ9OAyiLwelkLeEw\" target=\"_blank\" rel=\"noopener noreferrer\">\n\n            <i class=\"fa fa-youtube midiasict-fa-youtube\"><\/i>\n            YouTube\n\n        <\/a>\n    <\/div>\n<\/div>\n\n\n\n<hr class=\"wp-block-separator has-css-opacity\"\/>\n\n\n\n<h4 class=\"wp-block-heading\">Precisa divulgar?<\/h4>\n\n\n\n<p class=\"justify\">Entre em contato com a Comiss\u00e3o Permanente de Divulga\u00e7\u00e3o do ICT. Basta preencher este <a href=\"https:\/\/glpi.ict.ufvjm.edu.br\/plugins\/formcreator\/front\/formdisplay.php?id=47\" target=\"_blank\" rel=\"noreferrer noopener\"><strong>formul\u00e1rio<\/strong><\/a>. Sua solicita\u00e7\u00e3o ser\u00e1 avaliada e poder\u00e1 ser divulgada nas redes sociais do ICT.<\/p>\n\n\n\n<div style=\"height:32px\" aria-hidden=\"true\" class=\"wp-block-spacer\"><\/div>\n\n\n\n<h4 class=\"wp-block-heading\"><strong>Nos divulgue!<\/strong><\/h4>\n\n\n\n<p>Imprima o cartaz e cole no seu setor! Assim mais pessoas saber\u00e3o como solicitar a divulga\u00e7\u00e3o dos seus trabalhos nas m\u00eddias do ICT.<\/p>\n\n\n\n<div class=\"wp-block-file\"><a id=\"wp-block-file--media-79cd26c2-1fa8-423b-a0a1-982f669b1cd5\" href=\"https:\/\/www.ict.ufvjm.edu.br\/wp-content\/uploads\/2023\/09\/Folheto_Midias_Sociais_ICT_atualizado.pdf\" target=\"_blank\" rel=\"noreferrer noopener\">Folheto Midias Sociais ICT<\/a><a href=\"https:\/\/www.ict.ufvjm.edu.br\/wp-content\/uploads\/2023\/09\/Folheto_Midias_Sociais_ICT_atualizado.pdf\" class=\"wp-block-file__button wp-element-button\" download aria-describedby=\"wp-block-file--media-79cd26c2-1fa8-423b-a0a1-982f669b1cd5\">Baixar<\/a><\/div>\n\n\n<div class=\"wp-block-image is-style-default\">\n<figure class=\"aligncenter size-large is-resized\"><img loading=\"lazy\" decoding=\"async\" src=\"https:\/\/www.ict.ufvjm.edu.br\/wp-content\/uploads\/2023\/09\/Folheto_Midias_Sociais_ICT_atualizado-1-724x1024.png\" alt=\"\" class=\"wp-image-5304\" width=\"543\" height=\"768\" srcset=\"https:\/\/www.ict.ufvjm.edu.br\/wp-content\/uploads\/2023\/09\/Folheto_Midias_Sociais_ICT_atualizado-1-724x1024.png 724w, https:\/\/www.ict.ufvjm.edu.br\/wp-content\/uploads\/2023\/09\/Folheto_Midias_Sociais_ICT_atualizado-1-212x300.png 212w, https:\/\/www.ict.ufvjm.edu.br\/wp-content\/uploads\/2023\/09\/Folheto_Midias_Sociais_ICT_atualizado-1-768x1086.png 768w, https:\/\/www.ict.ufvjm.edu.br\/wp-content\/uploads\/2023\/09\/Folheto_Midias_Sociais_ICT_atualizado-1-1086x1536.png 1086w, https:\/\/www.ict.ufvjm.edu.br\/wp-content\/uploads\/2023\/09\/Folheto_Midias_Sociais_ICT_atualizado-1.png 1414w\" sizes=\"auto, (max-width: 543px) 100vw, 543px\" \/><figcaption class=\"wp-element-caption\">Folheto M\u00eddias Sociais do ICT<\/figcaption><\/figure>\n<\/div>\n\n\n<div style=\"height:32px\" aria-hidden=\"true\" class=\"wp-block-spacer\"><\/div>\n\n\n\n<h4 class=\"wp-block-heading\">Listas de Transmiss\u00e3o<\/h4>\n\n\n\n<p class=\"justify\">Conhece nossas listas do Whatsapp e Telegram? Nelas voc\u00ea recebe informa\u00e7\u00f5es sobre eventos e outras atualiza\u00e7\u00f5es sobre acontecimentos no ICT. Veja como se cadastrar nas divulga\u00e7\u00f5es abaixo. <\/p>\n\n\n<div class=\"wp-block-image\">\n<figure class=\"aligncenter size-large is-resized\"><img loading=\"lazy\" decoding=\"async\" src=\"https:\/\/www.ict.ufvjm.edu.br\/wp-content\/uploads\/2023\/09\/Lista-Whatsapp-1024x1024.png\" alt=\"\" class=\"wp-image-5297\" width=\"512\" height=\"512\" srcset=\"https:\/\/www.ict.ufvjm.edu.br\/wp-content\/uploads\/2023\/09\/Lista-Whatsapp-1024x1024.png 1024w, https:\/\/www.ict.ufvjm.edu.br\/wp-content\/uploads\/2023\/09\/Lista-Whatsapp-300x300.png 300w, https:\/\/www.ict.ufvjm.edu.br\/wp-content\/uploads\/2023\/09\/Lista-Whatsapp-150x150.png 150w, https:\/\/www.ict.ufvjm.edu.br\/wp-content\/uploads\/2023\/09\/Lista-Whatsapp-768x768.png 768w, https:\/\/www.ict.ufvjm.edu.br\/wp-content\/uploads\/2023\/09\/Lista-Whatsapp-350x350.png 350w, https:\/\/www.ict.ufvjm.edu.br\/wp-content\/uploads\/2023\/09\/Lista-Whatsapp.png 1080w\" sizes=\"auto, (max-width: 512px) 100vw, 512px\" \/><figcaption class=\"wp-element-caption\">Divulga\u00e7\u00e3o Whatsapp do ICT<\/figcaption><\/figure>\n<\/div>\n\n<div class=\"wp-block-image is-style-default\">\n<figure class=\"aligncenter size-large is-resized\"><img loading=\"lazy\" decoding=\"async\" src=\"https:\/\/www.ict.ufvjm.edu.br\/wp-content\/uploads\/2023\/09\/Lista-Telegram-1024x1024.png\" alt=\"\" class=\"wp-image-5298\" width=\"512\" height=\"512\" srcset=\"https:\/\/www.ict.ufvjm.edu.br\/wp-content\/uploads\/2023\/09\/Lista-Telegram-1024x1024.png 1024w, https:\/\/www.ict.ufvjm.edu.br\/wp-content\/uploads\/2023\/09\/Lista-Telegram-300x300.png 300w, https:\/\/www.ict.ufvjm.edu.br\/wp-content\/uploads\/2023\/09\/Lista-Telegram-150x150.png 150w, https:\/\/www.ict.ufvjm.edu.br\/wp-content\/uploads\/2023\/09\/Lista-Telegram-768x768.png 768w, https:\/\/www.ict.ufvjm.edu.br\/wp-content\/uploads\/2023\/09\/Lista-Telegram-350x350.png 350w, https:\/\/www.ict.ufvjm.edu.br\/wp-content\/uploads\/2023\/09\/Lista-Telegram.png 1080w\" sizes=\"auto, (max-width: 512px) 100vw, 512px\" \/><figcaption class=\"wp-element-caption\">Divulga\u00e7\u00e3o Telegram do ICT<\/figcaption><\/figure>\n<\/div>","protected":false},"excerpt":{"rendered":"<p>Site Facebook Instagram Twitter Whatsapp Telegram YouTube Precisa divulgar? Entre em contato com a Comiss\u00e3o Permanente de Divulga\u00e7\u00e3o do ICT. Basta preencher este formul\u00e1rio. Sua solicita\u00e7\u00e3o ser\u00e1 avaliada e poder\u00e1 ser divulgada nas redes sociais do ICT. Nos divulgue! Imprima o cartaz e cole no seu setor! Assim mais pessoas saber\u00e3o como solicitar a divulga\u00e7\u00e3o [&hellip;]<\/p>\n","protected":false},"author":3,"featured_media":0,"parent":318,"menu_order":0,"comment_status":"closed","ping_status":"closed","template":"","meta":{"_exactmetrics_skip_tracking":false,"_exactmetrics_sitenote_active":false,"_exactmetrics_sitenote_note":"","_exactmetrics_sitenote_category":0,"footnotes":""},"class_list":["post-3657","page","type-page","status-publish","hentry"],"_links":{"self":[{"href":"https:\/\/www.ict.ufvjm.edu.br\/index.php?rest_route=\/wp\/v2\/pages\/3657","targetHints":{"allow":["GET"]}}],"collection":[{"href":"https:\/\/www.ict.ufvjm.edu.br\/index.php?rest_route=\/wp\/v2\/pages"}],"about":[{"href":"https:\/\/www.ict.ufvjm.edu.br\/index.php?rest_route=\/wp\/v2\/types\/page"}],"author":[{"embeddable":true,"href":"https:\/\/www.ict.ufvjm.edu.br\/index.php?rest_route=\/wp\/v2\/users\/3"}],"replies":[{"embeddable":true,"href":"https:\/\/www.ict.ufvjm.edu.br\/index.php?rest_route=%2Fwp%2Fv2%2Fcomments&post=3657"}],"version-history":[{"count":54,"href":"https:\/\/www.ict.ufvjm.edu.br\/index.php?rest_route=\/wp\/v2\/pages\/3657\/revisions"}],"predecessor-version":[{"id":5604,"href":"https:\/\/www.ict.ufvjm.edu.br\/index.php?rest_route=\/wp\/v2\/pages\/3657\/revisions\/5604"}],"up":[{"embeddable":true,"href":"https:\/\/www.ict.ufvjm.edu.br\/index.php?rest_route=\/wp\/v2\/pages\/318"}],"wp:attachment":[{"href":"https:\/\/www.ict.ufvjm.edu.br\/index.php?rest_route=%2Fwp%2Fv2%2Fmedia&parent=3657"}],"curies":[{"name":"wp","href":"https:\/\/api.w.org\/{rel}","templated":true}]}}