{"id":3502,"date":"2021-05-25T11:11:41","date_gmt":"2021-05-25T13:11:41","guid":{"rendered":"https:\/\/www.ict.ufvjm.edu.br\/?page_id=3502"},"modified":"2025-10-24T12:36:35","modified_gmt":"2025-10-24T15:36:35","slug":"grupo-de-eletroquimica-e-nanotecnologia-aplicada-genap","status":"publish","type":"page","link":"https:\/\/www.ict.ufvjm.edu.br\/?page_id=3502","title":{"rendered":"Grupo de Eletroqu\u00edmica e Nanotecnologia Aplicada &#8211; GENAp"},"content":{"rendered":"<div class=\"wp-block-image is-style-default\">\n<figure class=\"alignright size-large is-resized\"><img loading=\"lazy\" decoding=\"async\" width=\"647\" height=\"257\" src=\"https:\/\/www.ict.ufvjm.edu.br\/wp-content\/uploads\/2021\/04\/Genap_logo.jpg\" alt=\"\" class=\"wp-image-3554\" style=\"width:446px;height:176px\" srcset=\"https:\/\/www.ict.ufvjm.edu.br\/wp-content\/uploads\/2021\/04\/Genap_logo.jpg 647w, https:\/\/www.ict.ufvjm.edu.br\/wp-content\/uploads\/2021\/04\/Genap_logo-300x119.jpg 300w\" sizes=\"auto, (max-width: 647px) 100vw, 647px\" \/><\/figure>\n<\/div>\n\n\n<p class=\"justify\">O Grupo de Eletroqu\u00edmica e Nanotecnologia Aplicada (GENAp) atua no desenvolvimento de tintas condutoras, eletrodos impressos e biossensores eletroqu\u00edmicos voltados ao diagn\u00f3stico <em>point-of-care<\/em>, com \u00eanfase no enfrentamento de doen\u00e7as tropicais negligenciadas, emergentes e cancer\u00edgenas. As atividades do grupo abrangem o desenvolvimento e a aplica\u00e7\u00e3o de nanopart\u00edculas e materiais polim\u00e9ricos na constru\u00e7\u00e3o de eletrodos modificados, direcionados a tecnologias para diagn\u00f3stico.<\/p>\n\n\n\n<p class=\"justify\">Dentre as principais atividades realizadas pelo grupo, est\u00e1 o desenvolvimento e a utiliza\u00e7\u00e3o de novos materiais polim\u00e9ricos aplicados \u00e0 constru\u00e7\u00e3o de eletrodos modificados com aplica\u00e7\u00e3o \u00e0s tecnologias para o diagn\u00f3stico de doen\u00e7as tropicais negligenciadas e o monitoramento de poluentes ambientais, como metais pesados e pesticidas. <\/p>\n\n\n\n<p class=\"justify\">Neste contexto, os estudos buscam, principalmente, a fabrica\u00e7\u00e3o de eletrodos impressos (SPE), o desenvolvimento de materiais polim\u00e9ricos eletrodepositados sobre superf\u00edcies condutoras; a caracteriza\u00e7\u00e3o desses materiais usando t\u00e9cnicas eletroqu\u00edmicas, espectrosc\u00f3picas e morfol\u00f3gicas; assim como o desenvolvimento e a caracteriza\u00e7\u00e3o de dispositivos eletroqu\u00edmicos miniaturizados de baixo custo e com produ\u00e7\u00e3o em massa.<\/p>\n\n\n\n<p>O coordenador do grupo,  <a rel=\"noreferrer noopener\" href=\"http:\/\/lattes.cnpq.br\/6643874023907971\" target=\"_blank\">prof. Lucas Franco Ferreira<\/a>,  \u00e9 vinculado ao curso de Engenharia Qu\u00edmica do Instituto de Ci\u00eancia e Tecnologia da UFVJM, e no ensino de P\u00f3s-Gradua\u00e7\u00e3o, faz parte do corpo permanente do Programa de P\u00f3s-Gradua\u00e7\u00e3o em Qu\u00edmica (PPGQ) da UFVJM, e do Programa&nbsp; de P\u00f3s-Gradua\u00e7\u00e3o Multic\u00eantrico em Qu\u00edmica de Minas Gerais (PPGMQ-MG), vinculado \u00e0 rede Mineira de Qu\u00edmica (RQ-MG). Desta forma, atua como orientador de Mestrado e Doutorado na P\u00f3s-Gradua\u00e7\u00e3o <em>Stricto Sensu<\/em>, bem como de Inicia\u00e7\u00e3o Cient\u00edfica, Est\u00e1gio e TCC para a gradua\u00e7\u00e3o. <\/p>\n\n\n\n<p>As principais linhas de pesquisa do grupo s\u00e3o:<\/p>\n\n\n\n<hr class=\"wp-block-separator has-css-opacity\"\/>\n\n\n\n<p class=\"justify\"><strong>Linhas de pesquisa:<\/strong><\/p>\n\n\n\n<ol class=\"wp-block-list justify\">\n<li><strong>Eletross\u00edntese e caracteriza\u00e7\u00e3o de materiais polim\u00e9ricos: <\/strong>Eletropolimerizar mon\u00f4meros funcionalizados sobre a superf\u00edcie de substratos diversos, visando o desenvolvimento de eletrodos modificados para aplica\u00e7\u00f5es em sensores e\/ou biossensores, bem como caracterizar tais materiais utilizando t\u00e9cnicas eletroqu\u00edmicas, espectrosc\u00f3picas e morfol\u00f3gicas.<\/li>\n\n\n\n<li><strong>Desenvolvimento de biossensores eletroqu\u00edmicos aplicados ao diagn\u00f3stico de doen\u00e7as: <\/strong>Desenvolver biossensores eletroqu\u00edmicos \u00e0 base de eletrodos modificados com filmes polim\u00e9ricos com aplica\u00e7\u00e3o no diagn\u00f3stico de doen\u00e7as tropicais negligenciadas.<\/li>\n\n\n\n<li><strong>Desenvolvimento de sensores\/biossensores eletroqu\u00edmicos para monitoramento de poluentes ambientais: <\/strong>Desenvolver biossensores ou sensores eletroqu\u00edmicos \u00e0 base de eletrodos modificados com filmes polim\u00e9ricos com aplica\u00e7\u00e3o na determina\u00e7\u00e3o e quantifica\u00e7\u00e3o de anal\u00edticos de interesse ambiental como, por exemplo, metais pesados e pesticidas. <\/li>\n\n\n\n<li><strong>Desenvolvimento de eletrodos descart\u00e1veis de baixo custo para an\u00e1lises eletroqu\u00edmicas: <\/strong>Produzir e caracterizar eletrodos impressos, utilizando tintas condutoras aplicadas sobre superf\u00edcies flex\u00edveis ou r\u00edgidas, para gera\u00e7\u00e3o de sistemas miniaturizados para aplica\u00e7\u00e3o em sensores e\/ou biossensores eletroqu\u00edmicos. <\/li>\n<\/ol>\n\n\n\n<hr class=\"wp-block-separator has-css-opacity\"\/>\n\n\n\n<p><strong>Informa\u00e7\u00f5es\/Contato<\/strong>:<\/p>\n\n\n\n<i class=\"far fa-2x fa-address-card\"><\/i> <a rel=\"noreferrer noopener\" aria-label=\"Prof. Lucas Franco Ferreira\n (abre numa nova aba)\" href=\"http:\/\/lattes.cnpq.br\/6643874023907971\" target=\"_blank\">Prof. Lucas Franco Ferreira<\/a><strong><a rel=\"noreferrer noopener\" aria-label=\"Prof. Lucas Franco Ferreira\n (abre numa nova aba)\" href=\"http:\/\/lattes.cnpq.br\/6643874023907971\" target=\"_blank\"><br><\/a><\/strong><i class=\"far fa-2x fa-envelope\"><\/i><strong>&nbsp;<\/strong><a rel=\"noreferrer noopener\" aria-label=\" (abre numa nova aba)\" href=\"mailto:lucas.franco@ict.ufvjm.edu.br\" target=\"_blank\">lucas.franco@ict.ufvjm.edu.br<\/a><br><i class=\"fa fa-2x fa-globe\"><\/i> Em constru\u00e7\u00e3o!<\/p>\n\n\n\n<i class=\"fas fa-2x fa-map-marker-alt\"><\/i> &nbsp;Laborat\u00f3rio 15 do Bloco 3 do ICT. <em>Campus <\/em>JK \u2013 Rodovia MGT 367 \u2013 Km 583, n\u00ba 5.000. Alto da Jacuba. Diamantina-MG. CEP: 39100-000.<\/p>\n\n\n\n<hr class=\"wp-block-separator has-css-opacity\"\/>\n","protected":false},"excerpt":{"rendered":"<p>O Grupo de Eletroqu\u00edmica e Nanotecnologia Aplicada (GENAp) atua no desenvolvimento de tintas condutoras, eletrodos impressos e biossensores eletroqu\u00edmicos voltados ao diagn\u00f3stico point-of-care, com \u00eanfase no enfrentamento de doen\u00e7as tropicais negligenciadas, emergentes e cancer\u00edgenas. As atividades do grupo abrangem o desenvolvimento e a aplica\u00e7\u00e3o de nanopart\u00edculas e materiais polim\u00e9ricos na constru\u00e7\u00e3o de eletrodos modificados, direcionados [&hellip;]<\/p>\n","protected":false},"author":2,"featured_media":0,"parent":332,"menu_order":150,"comment_status":"closed","ping_status":"closed","template":"","meta":{"_exactmetrics_skip_tracking":false,"_exactmetrics_sitenote_active":false,"_exactmetrics_sitenote_note":"","_exactmetrics_sitenote_category":0,"footnotes":""},"class_list":["post-3502","page","type-page","status-publish","hentry"],"_links":{"self":[{"href":"https:\/\/www.ict.ufvjm.edu.br\/index.php?rest_route=\/wp\/v2\/pages\/3502","targetHints":{"allow":["GET"]}}],"collection":[{"href":"https:\/\/www.ict.ufvjm.edu.br\/index.php?rest_route=\/wp\/v2\/pages"}],"about":[{"href":"https:\/\/www.ict.ufvjm.edu.br\/index.php?rest_route=\/wp\/v2\/types\/page"}],"author":[{"embeddable":true,"href":"https:\/\/www.ict.ufvjm.edu.br\/index.php?rest_route=\/wp\/v2\/users\/2"}],"replies":[{"embeddable":true,"href":"https:\/\/www.ict.ufvjm.edu.br\/index.php?rest_route=%2Fwp%2Fv2%2Fcomments&post=3502"}],"version-history":[{"count":36,"href":"https:\/\/www.ict.ufvjm.edu.br\/index.php?rest_route=\/wp\/v2\/pages\/3502\/revisions"}],"predecessor-version":[{"id":6752,"href":"https:\/\/www.ict.ufvjm.edu.br\/index.php?rest_route=\/wp\/v2\/pages\/3502\/revisions\/6752"}],"up":[{"embeddable":true,"href":"https:\/\/www.ict.ufvjm.edu.br\/index.php?rest_route=\/wp\/v2\/pages\/332"}],"wp:attachment":[{"href":"https:\/\/www.ict.ufvjm.edu.br\/index.php?rest_route=%2Fwp%2Fv2%2Fmedia&parent=3502"}],"curies":[{"name":"wp","href":"https:\/\/api.w.org\/{rel}","templated":true}]}}