{"id":336,"date":"2019-07-31T18:06:03","date_gmt":"2019-07-31T20:06:03","guid":{"rendered":"http:\/\/www4.ict.ufvjm.edu.br\/?page_id=336"},"modified":"2025-09-04T16:26:32","modified_gmt":"2025-09-04T19:26:32","slug":"egressos","status":"publish","type":"page","link":"https:\/\/www.ict.ufvjm.edu.br\/?page_id=336","title":{"rendered":"Egressos"},"content":{"rendered":"\n<h2 class=\"wp-block-heading\">Quantitativo de Formandos por Semestre Letivo<\/h2>\n\n\n\n<div class=\"visualizer-front-container\" id=\"chart_wrapper_visualizer-1033-1517846074\"><style type=\"text\/css\" name=\"visualizer-custom-css\" id=\"customcss-visualizer-1033\">.locker,.locker-loader{position:absolute;top:0;left:0;width:100%;height:100%}.locker{z-index:1000;opacity:.8;background-color:#fff;-ms-filter:\"progid:DXImageTransform.Microsoft.Alpha(Opacity=80)\";filter:alpha(opacity=80)}.locker-loader{z-index:1001;background:url(https:\/\/www.ict.ufvjm.edu.br\/wp-content\/plugins\/visualizer\/images\/ajax-loader.gif) no-repeat center center}.dt-button{display:none!important}.visualizer-front-container.visualizer-lazy-render{content-visibility: auto;}.google-visualization-controls-categoryfilter label.google-visualization-controls-label {vertical-align: middle;}.google-visualization-controls-categoryfilter li.goog-inline-block {margin: 0 0.2em;}.google-visualization-controls-categoryfilter li {padding: 0 0.2em;}.visualizer-front-container .dataTables_scrollHeadInner{margin: 0 auto;}<\/style><div id=\"visualizer-1033-1517846074\" class=\"visualizer-front  visualizer-front-1033\"><\/div><!-- Not showing structured data for chart 1033 because title is empty --><\/div>\n\n\n\n<ul class=\"wp-block-list\">\n<li class=\"has-small-font-size\"><em>A primeira turma de formandos do curso de Ci\u00eancia e Tecnologia foi em 2012\/2.<\/em><\/li>\n\n\n\n<li class=\"has-small-font-size\"><em>As primeiras turmas de formandos dos cursos das Engenharias (Alimentos Mec\u00e2nica e Qu\u00edmica) foi em 2014\/1. <\/em><\/li>\n\n\n\n<li class=\"has-small-font-size\"><em>A previs\u00e3o dos primeiros formandos de Eng. Geol\u00f3gica \u00e9 2019\/2.<\/em><\/li>\n\n\n\n<li class=\"has-small-font-size\"><em>Devido \u00e0 pandemia causada pela Covid-19, os cursos que aderiram \u00e0 regulariza\u00e7\u00e3o, onde saltaram de 2022\/2 para 2023\/2. Assim, para os veteranos que seriam concluintes de 2023\/1, a conclus\u00e3o aconteceu em 2023\/2.<\/em><\/li>\n<\/ul>\n\n\n\n<hr class=\"wp-block-separator has-css-opacity\"\/>\n\n\n\n<h2 class=\"wp-block-heading\">Listas dos Formandos por Ano<\/h2>\n\n\n\n<figure class=\"wp-block-table aligncenter is-style-regular\"><table><tbody><tr><td><\/td><td><a href=\"https:\/\/www.ict.ufvjm.edu.br\/wp-content\/uploads\/2025\/09\/Formandos-2025-1.pdf\" target=\"_blank\" rel=\"noreferrer noopener\">Turmas de 2025\/1<\/a><\/td><td><a href=\"https:\/\/www.ict.ufvjm.edu.br\/wp-content\/uploads\/2025\/09\/Formandos-2024-2.pdf\" target=\"_blank\" rel=\"noreferrer noopener\">Turmas de 2024\/2<\/a><\/td><td><a href=\"https:\/\/www.ict.ufvjm.edu.br\/wp-content\/uploads\/2024\/08\/Formandos-ICT-2024-1.pdf\" target=\"_blank\" rel=\"noreferrer noopener\">Turmas de 2024\/1<\/a><\/td><\/tr><tr><td><a href=\"https:\/\/www.ict.ufvjm.edu.br\/wp-content\/uploads\/2024\/07\/Formandos-geral-2023.pdf\" target=\"_blank\" rel=\"noreferrer noopener\">Turmas de 2023<\/a><\/td><td><a href=\"https:\/\/www.ict.ufvjm.edu.br\/wp-content\/uploads\/2024\/07\/Formandos-ICT-2022.pdf\" target=\"_blank\" rel=\"noreferrer noopener\">Turmas de 2022<\/a><\/td><td><a href=\"https:\/\/www.ict.ufvjm.edu.br\/wp-content\/uploads\/2024\/07\/Formandos-2021-geral.pdf\" target=\"_blank\" rel=\"noreferrer noopener\">Turmas de 2021<\/a><\/td><td><a href=\"https:\/\/www.ict.ufvjm.edu.br\/wp-content\/uploads\/2021\/11\/Formandos-ICT-2020-completa.pdf\" target=\"_blank\" rel=\"noreferrer noopener\">Turmas de 2020<\/a><\/td><\/tr><tr><td><a href=\"https:\/\/www.ict.ufvjm.edu.br\/wp-content\/uploads\/2020\/02\/Turmas-de-2019-atu.pdf\" target=\"_blank\" rel=\"noreferrer noopener\">Turmas de 2019<\/a><\/td><td><a href=\"https:\/\/www4.ict.ufvjm.edu.br\/wp-content\/uploads\/2019\/08\/Turmas-de-2018.pdf\" target=\"_blank\" rel=\"noreferrer noopener\">Turmas de 2018<\/a><\/td><td><a href=\"https:\/\/www4.ict.ufvjm.edu.br\/wp-content\/uploads\/2019\/08\/Turmas-de-2017.pdf\" target=\"_blank\" rel=\"noreferrer noopener\">Turmas de 2017<\/a><\/td><td><a href=\"https:\/\/www4.ict.ufvjm.edu.br\/wp-content\/uploads\/2019\/08\/Turmas-de-2016.pdf\" target=\"_blank\" rel=\"noreferrer noopener\">Turmas de 2016<\/a><\/td><\/tr><tr><td><a href=\"https:\/\/www4.ict.ufvjm.edu.br\/wp-content\/uploads\/2019\/08\/Turmas-de-2015.pdf\" target=\"_blank\" rel=\"noreferrer noopener\">Turmas de 2015<\/a><\/td><td><a href=\"https:\/\/www4.ict.ufvjm.edu.br\/wp-content\/uploads\/2019\/08\/Turmas-de-2014.pdf\" target=\"_blank\" rel=\"noreferrer noopener\">Turmas de 2014<\/a><\/td><td><a href=\"https:\/\/www4.ict.ufvjm.edu.br\/wp-content\/uploads\/2019\/08\/Turmas-de-2013.pdf\" target=\"_blank\" rel=\"noreferrer noopener\">Turmas de 2013<\/a><\/td><td><a href=\"https:\/\/www4.ict.ufvjm.edu.br\/wp-content\/uploads\/2019\/08\/Turmas-de-2012.pdf\" target=\"_blank\" rel=\"noreferrer noopener\">Turmas de 2012<\/a><\/td><\/tr><\/tbody><\/table><\/figure>\n\n\n\n<hr class=\"wp-block-separator has-css-opacity\"\/>\n\n\n\n<h2 class=\"wp-block-heading\">Mensagens de Ex-Alunos<\/h2>\n\n\n\n<p class=\"justify\">Voc\u00ea \u00e9 um egresso do ICT? N\u00e3o deixe de nos informar onde est\u00e1 atuando, e atualizar consequentemente as informa\u00e7\u00f5es desta p\u00e1gina. Sua colabora\u00e7\u00e3o \u00e9 muito importante e poder\u00e1 contribuir significativamente com o desenvolvimento do Instituto. <br><br><a rel=\"noreferrer noopener\" aria-label=\"Clique aqui para preencher o formul\u00e1rio e tamb\u00e9m para deixar uma mensagem!  (abre numa nova aba)\" href=\"https:\/\/forms.gle\/GPv7dKN6GhGdYsGm8\" target=\"_blank\">Clique aqui para preencher o formul\u00e1rio e deixar sua mensagem! <\/a> \ud83d\ude0e\ud83d\ude0e <\/p>\n\n\n\n<hr class=\"wp-block-separator has-alpha-channel-opacity\"\/>\n\n\n\n<p class=\"justify\">&#8220;Multit\u00e9cnica &#8211; Fertilizantes Foliares. Sou aluno da terceira turma de BCT da UFVJM, logo ingressei no instituto quando os laborat\u00f3rios ainda estavam em constru\u00e7\u00e3o. Naquela \u00e9poca utiliz\u00e1vamos laborat\u00f3rios de outros departamentos&#8230;era uma luta. Vi o esfor\u00e7o de todos os professores e t\u00e9cnicos envolvidos para que tudo desse certo, vi o instituto ter o primeiro teste de ilumina\u00e7\u00e3o realizado, os equipamentos chegarem e o curso tomar sua forma e identidade. Hoje posso dizer que fiz uma \u00f3tima faculdade, que me possibilitou chegar a um patamar confiante em minha carreira.  Atuo no setor de agroneg\u00f3cios (Fertilizantes), em uma das maiores empresas de micronutrientes do pa\u00eds como Supervisor de Produ\u00e7\u00e3o, que \u00e9 uma fun\u00e7\u00e3o que exige conhecimentos t\u00e9cnicos aprofundados da engenharia qu\u00edmica, mas que tamb\u00e9m demanda grande dom\u00ednio na gest\u00e3o com pessoas. Acredito que ter estudado na UFVJM nos possibilita um desenvolvimento humanit\u00e1rio muito grande, aspecto que maximiza nossas compet\u00eancias quanto coordenadores de produ\u00e7\u00e3o.&#8221; <br><strong>Matheus Sebe<em>, egresso dos cursos de Ci\u00eancia e Tecnologia e Engenharia Qu\u00edmica. <\/em><\/strong><\/p>\n\n\n\n<hr class=\"wp-block-separator has-css-opacity\"\/>\n\n\n\n<p class=\"justify\">&#8220;Doutorando na Universidade Federal de Itajub\u00e1.  Este ano fez 10 anos que ingressei na UFVJM. Agrade\u00e7o aos professores do ICT pela minha \u00f3tima forma\u00e7\u00e3o!&#8221; <br><strong> Lucas Lincoln Fonseca Soares<em>, egresso dos cursos de Ci\u00eancia e Tecnologia e Engenharia Mec\u00e2nica. <\/em><\/strong><\/p>\n\n\n\n<hr class=\"wp-block-separator has-css-opacity\"\/>\n\n\n\n<p class=\"justify\">&#8220;Atuo como Prestador de Servi\u00e7os de Engenharia e Projetos para Ind\u00fastria Farmac\u00eautica Veterin\u00e1ria &#8211; MSD Sa\u00fade Animal. O curso de engenharia mec\u00e2nica do ICT permite aos alunos aprender e aprofundar seu conhecimento em diversas \u00e1reas da mec\u00e2nica. Sou grato pelo aprendizado bastante completo que tive e pelas oportunidades de ministrar monitorias, desenvolver pesquisas e participar de grupos de competi\u00e7\u00e3o. Tor\u00e7o pelo sucesso do curso e que o mesmo ganhe maior visibilidade na UFVJM.&#8221;<br><em><strong>Thiago Afonso Sampaio e Brito, egresso dos cursos de Ci\u00eancia e Tecnologia e Engenharia Mec\u00e2nica. <\/strong><\/em><\/p>\n\n\n\n<hr class=\"wp-block-separator has-alpha-channel-opacity\"\/>\n\n\n\n<p class=\"justify\">&#8220;Atualmente sou professor adjunto na UFAM &#8211; Manaus &#8211; AM e eu tenho muito orgulho de ser ex-aluno do ICT.&#8221;  <br><em><strong>Moacir Alo\u00edsio Nascimento dos Santos, egresso do curso de Ci\u00eancia e Tecnologia .<\/strong><\/em><\/p>\n\n\n\n<hr class=\"wp-block-separator has-css-opacity\"\/>\n\n\n\n<p class=\"justify\">&#8220;Atuei 1 ano como gerente da esta\u00e7\u00e3o de tratamento de \u00e1guas e efluentes da PepsiCo de Sete Lagoas. Hoje sou docente do curso t\u00e9cnico em qu\u00edmica do SENAI. A forma\u00e7\u00e3o que recebi no ICT foi essencial e n\u00e3o deixou nada a desejar quanto as capacidades t\u00e9cnicas.&#8221;  <br><em><strong>Filipe Soares da Cruz, egresso dos cursos de Ci\u00eancia e Tecnologia e Engenharia Qu\u00edmica.<\/strong><\/em><\/p>\n\n\n\n<hr class=\"wp-block-separator has-css-opacity is-style-default\"\/>\n\n\n\n<p class=\"justify\">&#8220;Trabalho como engenheiro qu\u00edmico respons\u00e1vel pela produ\u00e7\u00e3o de gelatina na Gelnex em Aragua\u00edna-TO.   Trabalhar hoje na \u00e1rea em que estudei nesses longos anos na UFVJM \u00e9 muito gratificante. Aos meus colegas que est\u00e3o se formando eu deixo um recado: n\u00e3o tenham medo de buscar desafios em outros estados do Brasil, a saudade da fam\u00edlia \u00e9 grande, mas voc\u00eas v\u00e3o se sentir realizados profissionalmente.   Agrade\u00e7o a todos os desafios enfrentados no ICT, adquiri muita bagagem e posso afirmar que uso constantemente os conceitos aprendidos no Instituto no meu trabalho.&#8221;<br><em><strong>Lucas Dias Silva, egresso do curso de Engenharia Qu\u00edmica.<\/strong><\/em><\/p>\n\n\n\n<hr class=\"wp-block-separator has-css-opacity\"\/>\n\n\n\n<p class=\"justify\">&#8220;Sempre me questionei porqu\u00ea deveria estudar tantas disciplinas (como micro, bioqu\u00edmica, qu\u00edmica org\u00e2nica????) que aparentemente n\u00e3o tinham nada a ver com o curso de Engenharia escolhido por mim, at\u00e9 descobrir nas ICs, Projetos de Extens\u00e3o e outras viv\u00eancias acad\u00eamicas que todas eram realmente necess\u00e1rias. Pode n\u00e3o parecer, mas l\u00e1 na frente tudo se conecta e voc\u00ea vai agradecer por saber o que \u00e9 uma hifa e decidir n\u00e3o comer aquele peda\u00e7o de queijo de casca embolorada. A caminhada \u00e9 dura e, por vezes, desmotivante, mas ou\u00e7a as palavras de quem sobreviveu ao BC&amp;T: tudo valer\u00e1 a pena e TODO aprendizado ser\u00e1 utilizado no futuro (receba o seu primeiro sal\u00e1rio e ver\u00e1 qu\u00e3o importantes as aulas de Matem\u00e1tica Financeira ser\u00e3o na hora de calcular os juros do cart\u00e3o de cr\u00e9dito ou fazer uma aplica\u00e7\u00e3o). Ao final dessa jornada pelo ICT vai perceber que os surtos e l\u00e1grimas derramadas no banheiro do 3\u00b0 andar te fizeram uma pessoa mais forte, humana e madura e que as noites viradas estudando ou at\u00e9 mesmo na farra te ensinou o valor que o tempo tem.  Enfim, s\u00f3 tenho a agradecer pelos 3 anos quase infinitos que passei no ICT, pelas amizades colhidas, conhecimento compartilhado, palavras de \u00e2nimo e at\u00e9 pux\u00f5es de orelha de alguns professores (apesar de frios, os corredores do ICT podem se mostrar muito acolhedores).  \u00c0queles que ainda se aventuram pelos corredores do Pr\u00e9dio das Engenharias: coragem! Estes podem ser os melhores anos da sua vida. Aproveite! H\u00e1 um mundo de desafios e maravilhas a ser explorado e um futuro brilhante por tr\u00e1s daquelas portas.&#8221;<br><em><strong>Caroline Coelho de Macedo, egressa do curso de Ci\u00eancia e Tecnologia (BCT) e Graduanda de Engenharia Civil na UFSJ.  <\/strong><\/em><\/p>\n\n\n\n<hr class=\"wp-block-separator has-css-opacity\"\/>\n\n\n\n<p class=\"justify\">&#8220;Estou atuando em uma empresa Nacional de m\u00e9dio porte do setor de energia, em um projeto de constru\u00e7\u00e3o, montagem e gerenciamento de 4 pequenas centrais hidrel\u00e9tricas. Projeto \u00e9 uma parceria da CEMIG com a LIGHT. Hoje trabalhando na minha \u00e1rea de atua\u00e7\u00e3o vejo o quanto o ensino ministrado na UFVJM me deu base para executar minhas atividades, desde disciplinas b\u00e1sicas que me desenvolveram um bom racioc\u00ednio logico a disciplinas mais aplicadas na pr\u00e1tica. Agrade\u00e7o por ter tido a oportunidade de estudar em uma universidade que se preocupa com a qualidade de ensino.&#8221;<br><em><strong>Caroline Duarte, egressa dos cursos de Ci\u00eancia e Tecnologia e Engenharia Mec\u00e2nica. <\/strong><\/em><\/p>\n\n\n\n<hr class=\"wp-block-separator has-css-opacity\"\/>\n\n\n\n<p class=\"justify\">&#8220;KPMG do Brasil &#8211; Atuando com consultoria de compliance. Adequa\u00e7\u00e3o \u00e0 normas e Leis.  Creio que a gradua\u00e7\u00e3o deve ser mais focada no perfil profissional que o aluno pretende seguir. A forma com a qual voc\u00ea faz um curso de gradua\u00e7\u00e3o, \u00e9 totalmente ligada a esse perfil. Determinadas atividades como por exemplo, pesquisas cient\u00edficas, projetos como o BAJA, Empresas j\u00fanior, monitorias, dentre outros, s\u00e3o, mais do que nunca, pr\u00e9 requisitos para determinados perfis de profissionais. Um aluno que se interessa pela vida acad\u00eamica, precisa direcionar sua gradua\u00e7\u00e3o para isso desde cedo. Um aluno que pretende ir direito para o mercado de trabalho, tamb\u00e9m precisa pensar nisso desde o in\u00edcio.&#8221;<br><em><strong>Victor Everson Pereira Alves, egresso do curso de Engenharia Mec\u00e2nica. <\/strong><\/em><\/p>\n\n\n\n<hr class=\"wp-block-separator has-css-opacity\"\/>\n\n\n\n<p class=\"justify\">&#8221; Atuo como Gestor de Planejamento na \u00e1rea da constru\u00e7\u00e3o civil de edifica\u00e7\u00f5es de m\u00e9dio e grande porte.  Sou da terceira turma das engenharias do ICT. Muito orgulho de ter participado e contribu\u00eddo para o crescimento do Instituto de Ci\u00eancia e Tecnologia e de seus respectivos cursos. Ver a Engenharia Mec\u00e2nica da UFVJM crescendo \u00e9 incr\u00edvel! Salve ICT e UFVJM, que sigamos firmes na forma\u00e7\u00e3o de novos profissionais qualificados para nosso pa\u00eds!&#8221;<br><em><strong>Jos\u00e9 Ernane Alves Diniz J\u00fanior, egresso dos cursos de Ci\u00eancia e Tecnologia e Engenharia Mec\u00e2nica. <\/strong><\/em><\/p>\n\n\n\n<hr class=\"wp-block-separator has-css-opacity\"\/>\n\n\n\n<p class=\"justify\">&#8220;Estou atuando em uma empresa de caldeiraria em Sete Lagoas\/MG. Empresa na qual me ingressei como estagi\u00e1rio, fui promovido \u00e0 assistente de PCP e hoje sou Gerente Industrial.  Tenho orgulho de dizer que sou ex-aluno UFVJM. Por ter sido aluno enquanto o Campus JK ainda era bem jovem, tive a oportunidade de ver a universidade triplicar de tamanho. No ICT muitos professores atuaram na ind\u00fastria antes da vida acad\u00eamica, estes nos relatam com prazer em sala de aula suas experi\u00eancias de mercado de trabalho, suas dificuldades e tamb\u00e9m suas conquistas, transmitindo um pouco de seguran\u00e7a a seus alunos que est\u00e3o prestes a entrar neste mundo da engenharia.&#8221;<br><strong>Igor Straehl Gon\u00e7alves Machado,<em> egresso dos cursos de Ci\u00eancia e Tecnologia e Engenharia Mec\u00e2nica. <\/em><\/strong><\/p>\n\n\n\n<hr class=\"wp-block-separator has-css-opacity\"\/>\n\n\n\n<p class=\"justify\">&#8220;Atualmente curso doutorado nos Estados Unidos (University Of Rhode Island) e trabalho como assistente de pesquisa.  Sou muito grata por toda a oportunidade a mim dada pela UFVJM e pela cidade de Diamantina. Aos professores do ICT meu muito obrigada por todos os ensinamentos e por terem me formado engenheira!&#8221;<br><strong>Tania Thalyta Silva de Oliveira,<em> egressa do curso de Engenharia Qu\u00edmica. <\/em><\/strong><\/p>\n\n\n\n<hr class=\"wp-block-separator has-css-opacity\"\/>\n\n\n\n<p class=\"justify\">&#8220;Atualmente atuando em Ind\u00fastria Sider\u00fargica. Todos os conhecimentos e a forma\u00e7\u00e3o s\u00f3lida provenientes do ICT\/UFVJM foram fundamentais para o crescimento pessoal e profissional. E, ao contr\u00e1rio do que muitos pensam, me sinto muito orgulhoso de poder levar o emblema dessa universidade no peito e ajudar a construir seu nome!&#8221;<br><strong>Marcos Cordeiro,<em> egresso dos cursos de Ci\u00eancia e Tecnologia e Engenharia Mec\u00e2nica. <\/em> <em> <\/em><\/strong><\/p>\n\n\n\n<hr class=\"wp-block-separator has-css-opacity\"\/>\n\n\n\n<p><\/p>\n","protected":false},"excerpt":{"rendered":"<p>Quantitativo de Formandos por Semestre Letivo Listas dos Formandos por Ano Turmas de 2025\/1 Turmas de 2024\/2 Turmas de 2024\/1 Turmas de 2023 Turmas de 2022 Turmas de 2021 Turmas de 2020 Turmas de 2019 Turmas de 2018 Turmas de 2017 Turmas de 2016 Turmas de 2015 Turmas de 2014 Turmas de 2013 Turmas de [&hellip;]<\/p>\n","protected":false},"author":1,"featured_media":0,"parent":318,"menu_order":0,"comment_status":"closed","ping_status":"closed","template":"","meta":{"_exactmetrics_skip_tracking":false,"_exactmetrics_sitenote_active":false,"_exactmetrics_sitenote_note":"","_exactmetrics_sitenote_category":0,"footnotes":""},"class_list":["post-336","page","type-page","status-publish","hentry"],"_links":{"self":[{"href":"https:\/\/www.ict.ufvjm.edu.br\/index.php?rest_route=\/wp\/v2\/pages\/336","targetHints":{"allow":["GET"]}}],"collection":[{"href":"https:\/\/www.ict.ufvjm.edu.br\/index.php?rest_route=\/wp\/v2\/pages"}],"about":[{"href":"https:\/\/www.ict.ufvjm.edu.br\/index.php?rest_route=\/wp\/v2\/types\/page"}],"author":[{"embeddable":true,"href":"https:\/\/www.ict.ufvjm.edu.br\/index.php?rest_route=\/wp\/v2\/users\/1"}],"replies":[{"embeddable":true,"href":"https:\/\/www.ict.ufvjm.edu.br\/index.php?rest_route=%2Fwp%2Fv2%2Fcomments&post=336"}],"version-history":[{"count":61,"href":"https:\/\/www.ict.ufvjm.edu.br\/index.php?rest_route=\/wp\/v2\/pages\/336\/revisions"}],"predecessor-version":[{"id":6654,"href":"https:\/\/www.ict.ufvjm.edu.br\/index.php?rest_route=\/wp\/v2\/pages\/336\/revisions\/6654"}],"up":[{"embeddable":true,"href":"https:\/\/www.ict.ufvjm.edu.br\/index.php?rest_route=\/wp\/v2\/pages\/318"}],"wp:attachment":[{"href":"https:\/\/www.ict.ufvjm.edu.br\/index.php?rest_route=%2Fwp%2Fv2%2Fmedia&parent=336"}],"curies":[{"name":"wp","href":"https:\/\/api.w.org\/{rel}","templated":true}]}}