{"id":334,"date":"2019-07-31T18:05:26","date_gmt":"2019-07-31T20:05:26","guid":{"rendered":"http:\/\/www4.ict.ufvjm.edu.br\/?page_id=334"},"modified":"2019-11-20T11:21:26","modified_gmt":"2019-11-20T13:21:26","slug":"formularios","status":"publish","type":"page","link":"https:\/\/www.ict.ufvjm.edu.br\/?page_id=334","title":{"rendered":"Formul\u00e1rios e Procedimentos"},"content":{"rendered":"\n<p> <i class=\"far fa-2x fa-file-word\"><\/i> <a href=\"https:\/\/www4.ict.ufvjm.edu.br\/wp-content\/uploads\/2019\/11\/Registro-atividades-docentes-Modelo.docx\">Registro de Encargos Docentes &#8211; Semestral <\/a><\/p>\n\n\n\n<p> <i class=\"far fa-2x fa-file-word\"><\/i> <a href=\"https:\/\/www4.ict.ufvjm.edu.br\/wp-content\/uploads\/2019\/11\/Quadro-TAs.docx\">Registro de Encargos T\u00e9cnico-Administrativos em Educa\u00e7\u00e3o &#8211; ICT  <\/a><\/p>\n\n\n\n<p> <i class=\"far fa-2x fa-file-word\"><\/i> <a href=\"https:\/\/www4.ict.ufvjm.edu.br\/wp-content\/uploads\/2019\/11\/Form_Solicita\u00e7ao_Di\u00e1rias-e-Passagens-A\u00e9reas-1.docx\">Solicita\u00e7\u00e3o de Di\u00e1rias e Passagens A\u00e9reas <\/a><\/p>\n\n\n\n<p> <i class=\"far fa-2x fa-file-word\"><\/i> <a href=\"https:\/\/www4.ict.ufvjm.edu.br\/wp-content\/uploads\/2019\/11\/Di\u00e1ria-Colaborador-Eventual.doc\">Di\u00e1rias para Colaborador Eventual <\/a><\/p>\n\n\n\n<p> <i class=\"far fa-2x fa-file-word\"><\/i> <a href=\"https:\/\/www4.ict.ufvjm.edu.br\/wp-content\/uploads\/2019\/11\/Devolu\u00e7\u00e3o-Di\u00e1rias-Emiss\u00e3o-GRU.docx\">Devolu\u00e7\u00e3o Di\u00e1rias &#8211; Emiss\u00e3o de GRU <\/a><\/p>\n\n\n\n<p> <i class=\"far fa-2x fa-file-pdf\"><\/i> <a href=\"https:\/\/www4.ict.ufvjm.edu.br\/wp-content\/uploads\/2019\/11\/Fomulario-Servi\u00e7os-Graficos-na-UFVJM.pdf\" target=\"_blank\" rel=\"noreferrer noopener\" aria-label=\"Solicita\u00e7\u00e3o Servi\u00e7os Gr\u00e1ficos na UFVJM  (abre numa nova aba)\">Solicita\u00e7\u00e3o Servi\u00e7os Gr\u00e1ficos na UFVJM <\/a><\/p>\n\n\n\n<p> <i class=\"far fa-2x fa-file-word\"><\/i>  <a href=\"https:\/\/www4.ict.ufvjm.edu.br\/wp-content\/uploads\/2019\/11\/Folha-Ponto-Manual-Modelo.docx\">Folha Registro de Ponto Manual  <\/a><\/p>\n\n\n\n<p> <i class=\"far fa-2x fa-file-word\"><\/i>  <a href=\"https:\/\/www4.ict.ufvjm.edu.br\/wp-content\/uploads\/2019\/11\/Formul\u00e1rio-de-Ocorrencias-no-REP-Modelo.doc\">Ocorr\u00eancias e Ajustes no REP <\/a><\/p>\n\n\n\n<p> <i class=\"far fa-2x fa-file-word\"><\/i>  <a href=\"https:\/\/www4.ict.ufvjm.edu.br\/wp-content\/uploads\/2019\/11\/Solicita\u00e7\u00e3o-e-Agendamento-de-Ferias.doc\" target=\"_blank\" rel=\"noreferrer noopener\" aria-label=\"Solicita\u00e7\u00e3o e Agendamento de F\u00e9rias  (abre numa nova aba)\">Solicita\u00e7\u00e3o e Agendamento de F\u00e9rias <\/a><\/p>\n\n\n\n<p> <i class=\"far fa-2x fa-file-word\"><\/i>  <a href=\"https:\/\/www4.ict.ufvjm.edu.br\/wp-content\/uploads\/2019\/11\/Altera\u00e7\u00e3o-de-f\u00e9rias.doc\" target=\"_blank\" rel=\"noreferrer noopener\" aria-label=\"Pedido de Altera\u00e7\u00e3o de f\u00e9rias  (abre numa nova aba)\">Pedido de Altera\u00e7\u00e3o de f\u00e9rias <\/a><\/p>\n\n\n\n<p> <i class=\"far fa-2x fa-file-word\"><\/i>  <a href=\"https:\/\/www4.ict.ufvjm.edu.br\/wp-content\/uploads\/2019\/11\/Modelo-de-Of\u00edcio.docx\" target=\"_blank\" rel=\"noreferrer noopener\" aria-label=\"Modelo de Of\u00edcio (abre numa nova aba)\">Modelo de Of\u00edcio<\/a><\/p>\n\n\n\n<hr class=\"wp-block-separator\"\/>\n\n\n\n<p class=\"justify\"><i class=\"fas fa-4x fa-chalkboard-teacher\"><\/i> Para orienta\u00e7\u00f5es b\u00e1sicas quanto \u00e0 legisla\u00e7\u00e3o e procedimentos administrativos, bem como formul\u00e1rios para requerimentos diversos acesse o Manual do Servidor disponibilizado pela PROGEP, <a rel=\"noreferrer noopener\" aria-label=\"clicando aqui!  (abre numa nova aba)\" href=\"http:\/\/www.ufvjm.edu.br\/rh\/manual-do-servidor.html\" target=\"_blank\"><strong>clicando aqui! <\/strong><\/a><\/p>\n\n\n\n<hr class=\"wp-block-separator\"\/>\n\n\n\n<p class=\"justify\"><i class=\"fas fa-4x fa-chalkboard-teacher\"><\/i>  Modelos para solicita\u00e7\u00f5es de Promo\u00e7\u00e3o ou Progress\u00e3o Docente, acesse as instru\u00e7\u00f5es disponibilizadas pela CPPD, <a rel=\"noreferrer noopener\" aria-label=\"clicando aqui! (abre numa nova aba)\" href=\"http:\/\/novo.ufvjm.edu.br\/cppd\/modelos-de-requerimentos\/\" target=\"_blank\"><strong>clicando aqui!<\/strong><\/a><\/p>\n\n\n\n<hr class=\"wp-block-separator\"\/>\n","protected":false},"excerpt":{"rendered":"<p>Registro de Encargos Docentes &#8211; Semestral Registro de Encargos T\u00e9cnico-Administrativos em Educa\u00e7\u00e3o &#8211; ICT Solicita\u00e7\u00e3o de Di\u00e1rias e Passagens A\u00e9reas Di\u00e1rias para Colaborador Eventual Devolu\u00e7\u00e3o Di\u00e1rias &#8211; Emiss\u00e3o de GRU Solicita\u00e7\u00e3o Servi\u00e7os Gr\u00e1ficos na UFVJM Folha Registro de Ponto Manual Ocorr\u00eancias e Ajustes no REP Solicita\u00e7\u00e3o e Agendamento de F\u00e9rias Pedido de Altera\u00e7\u00e3o de f\u00e9rias [&hellip;]<\/p>\n","protected":false},"author":1,"featured_media":0,"parent":318,"menu_order":0,"comment_status":"closed","ping_status":"closed","template":"","meta":{"_exactmetrics_skip_tracking":false,"_exactmetrics_sitenote_active":false,"_exactmetrics_sitenote_note":"","_exactmetrics_sitenote_category":0,"footnotes":""},"class_list":["post-334","page","type-page","status-publish","hentry"],"_links":{"self":[{"href":"https:\/\/www.ict.ufvjm.edu.br\/index.php?rest_route=\/wp\/v2\/pages\/334","targetHints":{"allow":["GET"]}}],"collection":[{"href":"https:\/\/www.ict.ufvjm.edu.br\/index.php?rest_route=\/wp\/v2\/pages"}],"about":[{"href":"https:\/\/www.ict.ufvjm.edu.br\/index.php?rest_route=\/wp\/v2\/types\/page"}],"author":[{"embeddable":true,"href":"https:\/\/www.ict.ufvjm.edu.br\/index.php?rest_route=\/wp\/v2\/users\/1"}],"replies":[{"embeddable":true,"href":"https:\/\/www.ict.ufvjm.edu.br\/index.php?rest_route=%2Fwp%2Fv2%2Fcomments&post=334"}],"version-history":[{"count":32,"href":"https:\/\/www.ict.ufvjm.edu.br\/index.php?rest_route=\/wp\/v2\/pages\/334\/revisions"}],"predecessor-version":[{"id":2030,"href":"https:\/\/www.ict.ufvjm.edu.br\/index.php?rest_route=\/wp\/v2\/pages\/334\/revisions\/2030"}],"up":[{"embeddable":true,"href":"https:\/\/www.ict.ufvjm.edu.br\/index.php?rest_route=\/wp\/v2\/pages\/318"}],"wp:attachment":[{"href":"https:\/\/www.ict.ufvjm.edu.br\/index.php?rest_route=%2Fwp%2Fv2%2Fmedia&parent=334"}],"curies":[{"name":"wp","href":"https:\/\/api.w.org\/{rel}","templated":true}]}}