{"id":326,"date":"2019-07-31T18:03:32","date_gmt":"2019-07-31T20:03:32","guid":{"rendered":"http:\/\/www4.ict.ufvjm.edu.br\/?page_id=326"},"modified":"2025-09-04T16:32:34","modified_gmt":"2025-09-04T19:32:34","slug":"cegeo","status":"publish","type":"page","link":"https:\/\/www.ict.ufvjm.edu.br\/?page_id=326","title":{"rendered":"CEGEO"},"content":{"rendered":"\n<h2 class=\"wp-block-heading has-text-align-center center\"><strong>CENTRO DE ESTUDOS EM GEOCI\u00caNCIAS \u2013 CeGeo<\/strong><\/h2>\n\n\n\n<h3 class=\"wp-block-heading has-text-align-center center\"><em>(\u00d3rg\u00e3o Complementar do Instituto de Ci\u00eancia e Tecnologia &#8211; ICT)<\/em> <\/h3>\n\n\n\n<hr class=\"wp-block-separator has-css-opacity\"\/>\n\n\n\n<p class=\"justify\">O Centro de Estudos em Geoci\u00eancias (CeGeo), originalmente com a denomina\u00e7\u00e3o de N\u00facleo de Geoci\u00eancias (NuGeo), foi idealizado para agregar as compet\u00eancias da \u00e1rea das Geoci\u00eancias no \u00e2mbito da UFVJM, sobretudo do Campus de Diamantina, haja vista que os docentes com forma\u00e7\u00e3o nessa \u00e1rea atuavam em diferentes Unidades Acad\u00eamicas, ou seja, na Faculdade de Ci\u00eancias Agr\u00e1rias, na Faculdade Interdisciplinar em Humanidades e na Faculdade de Ci\u00eancias Biol\u00f3gica e da Sa\u00fade.<br><br>O NuGeo foi vinculado ao Centro de Inova\u00e7\u00e3o Tecnol\u00f3gica (CITEC) em 2009, sendo, a partir de ent\u00e3o, edificada sua sede pr\u00f3pria, contando com um pr\u00e9dio de 2 pavimentos somando 1.524 m<sup>2<\/sup> de \u00e1rea constru\u00edda e que contempla 14 gabinetes de docentes e 12 laborat\u00f3rios devidamente equipados para atender diferentes especialidades das geoci\u00eancias, incluindo Arqueologia, Espeleologia, Geografia F\u00edsica, al\u00e9m de v\u00e1rios ramos da Geologia.<br><br>As especificidades pr\u00f3prias da Serra do Espinha\u00e7o transformaram-se em apelo para a implanta\u00e7\u00e3o de curso de geologia nesta regi\u00e3o e assim, em 2014, foi criado o curso de Engenharia Geol\u00f3gica junto ao Instituto de Ci\u00eancia e Tecnologia (ICT) da UFVJM. Esse novo curso de gradua\u00e7\u00e3o demandou uma nova vincula\u00e7\u00e3o do NuGeo e, nesse contexto, em julho de 2016 ocorreu a transforma\u00e7\u00e3o em Centro de Estudos em Geoci\u00eancias como \u00d3rg\u00e3o Complementar do ICT.<br><br>A diversidade de laborat\u00f3rios para suporte de atividades did\u00e1ticas e de pesquisas e a agrega\u00e7\u00e3o de novas especialidades e compet\u00eancias ap\u00f3s o advento do curso de Engenharia Geol\u00f3gica foi um facilitador para a implanta\u00e7\u00e3o do Programa de P\u00f3s-gradua\u00e7\u00e3o em Geologia (PPGeo &#8211; Mestrado Acad\u00eamico), que tem sido o suporte para a produ\u00e7\u00e3o de disserta\u00e7\u00f5es e publica\u00e7\u00f5es cient\u00edficas vinculadas aos laborat\u00f3rios do CeGeo.<br><br><strong>Contatos:<br><\/strong><br><i class=\"far fa-2x fa-envelope\"><\/i> Secretaria &#8211; <a href=\"mailto:cegeo@ufvjm.edu.br\">cegeo@ufvjm.edu.br<\/a><br><i class=\"fas fa-2x fa-phone-square-alt\"><\/i> Telefone: +55 (38) 3532-1200 (VoIP: 8460)<br><i class=\"far fa-2x fa-envelope\"><\/i> Profa. Evelyn Aparecida Mecenero Sanches Bizan &#8211; <em><strong>Diretora<\/strong><\/em> &#8211; e-mail: <a href=\"mailto:evelyn.sanchez@ict.ufvjm.edu.br\">evelyn.sanchez@ict.ufvjm.edu.br<\/a><br><i class=\"far fa-2x fa-envelope\"><\/i> Profa. Alessandra Mendes Carvalho Vasconcelos &#8211; <em><strong>Vice-Diretora<\/strong><\/em> &#8211; e-mail: <a href=\"mailto:alessandra.carvalho@ict.ufvjm.edu.br\">alessandra.carvalho@ict.ufvjm.edu.br<\/a><br><br><i class=\"fas fa-2x fa-map-marker-alt\"><\/i> CEGEO &#8211; Campus JK &#8211; Rodovia MGT 367 \u2013 Km 583, n\u00ba 5.000. Alto da Jacuba. Diamantina-MG. CEP: 39100-000.<\/p>\n\n\n\n<figure class=\"wp-block-image\"><img loading=\"lazy\" decoding=\"async\" width=\"1024\" height=\"576\" src=\"https:\/\/www4.ict.ufvjm.edu.br\/wp-content\/uploads\/2019\/09\/DJI_0389-1024x576.jpg\" alt=\"\" class=\"wp-image-1525\" srcset=\"https:\/\/www.ict.ufvjm.edu.br\/wp-content\/uploads\/2019\/09\/DJI_0389-1024x576.jpg 1024w, https:\/\/www.ict.ufvjm.edu.br\/wp-content\/uploads\/2019\/09\/DJI_0389-300x169.jpg 300w, https:\/\/www.ict.ufvjm.edu.br\/wp-content\/uploads\/2019\/09\/DJI_0389-768x432.jpg 768w, https:\/\/www.ict.ufvjm.edu.br\/wp-content\/uploads\/2019\/09\/DJI_0389-1920x1080.jpg 1920w\" sizes=\"auto, (max-width: 1024px) 100vw, 1024px\" \/><figcaption class=\"wp-element-caption\">CEGEO &#8211; ICT\/UFVJM &#8211; Diamantina-MG &#8211; 2019<\/figcaption><\/figure>\n","protected":false},"excerpt":{"rendered":"<p>CENTRO DE ESTUDOS EM GEOCI\u00caNCIAS \u2013 CeGeo (\u00d3rg\u00e3o Complementar do Instituto de Ci\u00eancia e Tecnologia &#8211; ICT) O Centro de Estudos em Geoci\u00eancias (CeGeo), originalmente com a denomina\u00e7\u00e3o de N\u00facleo de Geoci\u00eancias (NuGeo), foi idealizado para agregar as compet\u00eancias da \u00e1rea das Geoci\u00eancias no \u00e2mbito da UFVJM, sobretudo do Campus de Diamantina, haja vista que [&hellip;]<\/p>\n","protected":false},"author":1,"featured_media":0,"parent":318,"menu_order":0,"comment_status":"closed","ping_status":"closed","template":"","meta":{"_exactmetrics_skip_tracking":false,"_exactmetrics_sitenote_active":false,"_exactmetrics_sitenote_note":"","_exactmetrics_sitenote_category":0,"footnotes":""},"class_list":["post-326","page","type-page","status-publish","hentry"],"_links":{"self":[{"href":"https:\/\/www.ict.ufvjm.edu.br\/index.php?rest_route=\/wp\/v2\/pages\/326","targetHints":{"allow":["GET"]}}],"collection":[{"href":"https:\/\/www.ict.ufvjm.edu.br\/index.php?rest_route=\/wp\/v2\/pages"}],"about":[{"href":"https:\/\/www.ict.ufvjm.edu.br\/index.php?rest_route=\/wp\/v2\/types\/page"}],"author":[{"embeddable":true,"href":"https:\/\/www.ict.ufvjm.edu.br\/index.php?rest_route=\/wp\/v2\/users\/1"}],"replies":[{"embeddable":true,"href":"https:\/\/www.ict.ufvjm.edu.br\/index.php?rest_route=%2Fwp%2Fv2%2Fcomments&post=326"}],"version-history":[{"count":43,"href":"https:\/\/www.ict.ufvjm.edu.br\/index.php?rest_route=\/wp\/v2\/pages\/326\/revisions"}],"predecessor-version":[{"id":6658,"href":"https:\/\/www.ict.ufvjm.edu.br\/index.php?rest_route=\/wp\/v2\/pages\/326\/revisions\/6658"}],"up":[{"embeddable":true,"href":"https:\/\/www.ict.ufvjm.edu.br\/index.php?rest_route=\/wp\/v2\/pages\/318"}],"wp:attachment":[{"href":"https:\/\/www.ict.ufvjm.edu.br\/index.php?rest_route=%2Fwp%2Fv2%2Fmedia&parent=326"}],"curies":[{"name":"wp","href":"https:\/\/api.w.org\/{rel}","templated":true}]}}