{"id":322,"date":"2019-07-31T18:02:53","date_gmt":"2019-07-31T20:02:53","guid":{"rendered":"http:\/\/www4.ict.ufvjm.edu.br\/?page_id=322"},"modified":"2024-05-15T07:05:18","modified_gmt":"2024-05-15T10:05:18","slug":"direcao","status":"publish","type":"page","link":"https:\/\/www.ict.ufvjm.edu.br\/?page_id=322","title":{"rendered":"Dire\u00e7\u00e3o"},"content":{"rendered":"\n<h3 class=\"wp-block-heading\"><strong>Mandato 2024-2028<\/strong><\/h3>\n\n\n\n<p><strong>Prof. Paulo C\u00e9sar de Resende Andrade &#8211; Diretor<br><\/strong>Mandato: 25\/03\/2024 &#8211; 25\/03\/2028 (Portaria N<sup>o<\/sup> 553, de 21\/03\/2024, DOU de 22\/03\/2024, se\u00e7\u00e3o 2, p\u00e1gina 30)<br>Fone: (38) 3532-1214 \/ 8456 (VoIP)<br>Sala 362\/ICT (3\u00ba andar)<br>E-mail:&nbsp;<strong><a href=\"mailto:direcao@ict.ufvjm.edu.br\">direcao@ict.ufvjm.edu.br<\/a><\/strong><\/p>\n\n\n\n<p><strong>Prof. Lucas Franco Ferreira &#8211; Vice-Diretor<br><\/strong>Mandato: 25\/03\/2024 &#8211; 25\/03\/2028 (Portaria N<sup>o<\/sup> 554, de 21\/03\/2024, DOU de 22\/03\/2024, se\u00e7\u00e3o 2, p\u00e1gina 30)<br>Fone: (38) 3532-1214 \/ 8455 (VoIP)<br>Sala 362\/ICT (3\u00ba andar)<br>E-mail:&nbsp;<strong><a href=\"mailto:vice.direcao@ict.ufvjm.edu.br\">vice.direcao@ict.ufvjm.edu.br<\/a><\/strong><\/p>\n\n\n\n<hr class=\"wp-block-separator has-css-opacity\"\/>\n\n\n\n<h3 class=\"wp-block-heading\"><strong>Secretaria da Dire\u00e7\u00e3o<\/strong><\/h3>\n\n\n\n<p><strong>Secret\u00e1ria: Diana Elizabeth Sampaio Amariz dos Santos<\/strong><br>Fone: (38) 3532-1214 \/ 1214 (VoIP)<br>Sala 362\/ICT (3\u00ba andar)<br>E-mail: <a href=\"mailto: sec.direcao@ict.ufvjm.edu.br\"><strong>sec.direcao@ict.ufvjm.edu.br<\/strong><\/a><strong> <\/strong><\/p>\n\n\n\n<hr class=\"wp-block-separator has-css-opacity\"\/>\n\n\n\n<span class=\"collapseomatic \" id=\"id6a00ba9b7e9dd\"  tabindex=\"0\" title=\"&lt;strong&gt;GEST\u00d5ES ANTERIORES&lt;\/strong&gt;\"    ><strong>GEST\u00d5ES ANTERIORES<\/strong><\/span><div id=\"target-id6a00ba9b7e9dd\" class=\"collapseomatic_content \">  <\/p>\n\n\n\n<hr class=\"wp-block-separator has-css-opacity\"\/>\n\n\n\n<h3 class=\"wp-block-heading\"><strong>Mandato 2020-2024<\/strong><\/h3>\n\n\n\n<p><strong>Prof. Paulo C\u00e9sar de Resende Andrade &#8211; Diretor<br><\/strong>Mandato: 25\/03\/2020 &#8211; 25\/03\/2024 <br>Fone: (38) 3532-1214 \/ 8456 (voip)<br>Sala 362\/ICT<br>E-mail:&nbsp;<strong><a href=\"mailto:direcao@ict.ufvjm.edu.br\"><strong><\/strong><\/a><strong><a href=\"mailto:paulo.andrade@ict.ufvjm.edu.br\">paulo.andrade@ict.ufvjm.edu.br<\/a><\/strong><\/strong><\/p>\n\n\n\n<p><strong>Prof. Libardo Andres Gonzalez Torres &#8211; Vice-Diretor<br><\/strong>Mandato: 25\/03\/2020 &#8211; 25\/03\/2024  <br>Fone: (38) 3532-1214 \/ 8455 (voip)<br>Sala 362\/ICT<br>E-mail:&nbsp;<strong><a href=\"mailto:vice.direcao@ict.ufvjm.edu.br\">l.gonzales@ict.ufvjm.edu.br<\/a><\/strong><\/p>\n\n\n\n<hr class=\"wp-block-separator has-alpha-channel-opacity\"\/>\n\n\n\n<h3 class=\"wp-block-heading\"><strong>Mandato 2018-2020<\/strong><\/h3>\n\n\n\n<p><strong>Prof. Lucas Franco Ferreira &#8211; Diretor<br><\/strong>Mandato:&nbsp;06\/08\/2018 &#8211; 21\/01\/2020<br>Fone: (38) 3532-1214 \/ 8377 (voip)<br>Sala 319\/ICT<br>E-mail:&nbsp;<strong><a href=\"mailto:lucas.franco@ict.ufvjm.edu.br\">lucas.franco<\/a><a href=\"malito:lucas.franco@ict.ufvjm.edu.br\">@ict.ufvjm.edu.br<\/a><\/strong><\/p>\n\n\n\n<p><strong>Profa. Beth\u00e2nia Alves de Avelar Freitas &#8211; Vice-Diretora<br><\/strong>Mandato: 06\/08\/2018 &#8211; 24\/03\/2020 <br>Fone: (38) 3532-1214 \/ 8434 (voip)<br>Sala 362\/ICT<br>E-mail:&nbsp;<strong><a href=\"mailto:bethania.avelar@ict.ufvjm.edu.br\">bethania.avelar@ict.ufvjm.edu.br<\/a><\/strong><\/p>\n\n\n\n<hr class=\"wp-block-separator has-css-opacity\"\/>\n\n\n\n<h3 class=\"wp-block-heading\"><strong>Mandato 2014-2018<\/strong><\/h3>\n\n\n\n<p><strong>Prof. Lucas Franco Ferreira<br><\/strong>Diretor (07\/08\/2014 &#8211; 05\/08\/2018)<br>Fone: (38) 3532-1214 \/ 8377&nbsp;(voip) <br>Sala&nbsp;319\/ICT<br>E-mail:&nbsp;<strong><a href=\"mailto:lucas.franco@ict.ufvjm.edu.br\">lucas.franco@ict.ufvjm.edu.br<\/a><\/strong><\/p>\n\n\n\n<p><strong>Profa. Beth\u00e2nia Alves de Avelar Freitas<br><\/strong>Vice-Diretora&nbsp;(07\/08\/2014 &#8211; 05\/08\/2018)<br>Fone: (38) 3532-1214 \/ 8434 (voip)<br>Sala 228\/ICT<br>E-mail:&nbsp;<strong><a href=\"mailto:bethania.avelar@ict.ufvjm.edu.br\">bethania.avelar@ict.ufvjm.edu.br<\/a><\/strong><\/p>\n\n\n\n<hr class=\"wp-block-separator has-css-opacity\"\/>\n\n\n\n<h3 class=\"wp-block-heading\">&nbsp;<strong>Mandato 2011-2014<\/strong><\/h3>\n\n\n\n<p><strong>Prof. Paulo C\u00e9sar de Resende Andrade<br><\/strong>Diretor (06\/07\/2011 &#8211; 01\/06\/2014)<br>Fone: (38) 3532-1214 \/ 8413 (voip) <br>Sala 204\/ICT<br>E-mail:<strong>&nbsp;<a href=\"mailto:paulo.andrade@ict.ufvjm.edu.br\">paulo.andrade@ict.ufvjm.edu.br<\/a><\/strong><\/p>\n\n\n\n<p><strong>Prof. Lucas Franco Ferreira<br><\/strong>Vice-Diretor (06\/07\/2011 &#8211; 06\/08\/2013)<br>Fone: (38) 3532-1214 \/ 8456 (voip) <br>Sala 319\/ICT<br>E-mail:&nbsp;<strong><a href=\"malito:lucas.franco@ict.ufvjm.edu.br\">lucas.franco@ict.ufvjm.edu.br<\/a><\/strong><\/p>\n\n\n\n<p><strong>Prof. Olavo Cosme da Silva<br><\/strong>Vice-Diretor (29\/10\/2013 &#8211; 06\/08\/2014)<br>Fone: (38) 3532-1214 \/ 8437 (voip) <br>Sala 231\/ICT<br>E-mail:&nbsp;<strong><a href=\"mailto:olavo.cosme@ict.ufvjm.edu.br\">olavo.cosme@ict.ufvjm.edu.br<\/a><\/strong><\/p>\n\n\n\n<hr class=\"wp-block-separator has-css-opacity\"\/>\n\n\n\n<h2 class=\"wp-block-heading\"><strong>Mandato 2009-2011<\/strong><\/h2>\n\n\n\n<p><strong>Prof. Paulo C\u00e9sar de Resende Andrade<br><\/strong>Diretor (16\/04\/2009 &#8211; 05\/07\/2011)<br>Fone: (38) 3532-1214 \/ 8413 (voip) <br>Sala 204\/ICT<br>E-mail:&nbsp;<strong><a href=\"mailto:paulo.andrade@ict.ufvjm.edu.br\">paulo.andrade@ict.ufvjm.edu.br<\/a><\/strong><\/p>\n\n\n\n<p><strong>Prof. Anderson Luiz Pedrosa Porto<br><\/strong>Vice-Diretor (19\/02\/2010 &#8211; 05\/07\/2011)<br>Fone: (38) 3532-1214 \/ 8441 (voip) <br>Sala 235\/ICT<br>E-mail:&nbsp;<strong><a href=\"mailto:ander.porto@ict.ufvjm.edu.br\">ander.porto@ict.ufvjm.edu.br<\/a><\/strong><\/p>\n\n\n\n<p>\n\n<\/div>\n\n\n\n<hr class=\"wp-block-separator has-css-opacity\"\/>\n\n\n\n<div class=\"wp-block-group\"><div class=\"wp-block-group__inner-container is-layout-flow wp-block-group-is-layout-flow\">\n<h2 class=\"wp-block-heading\">Agenda<\/h2>\n\n\n\n<p><strong>Dire\u00e7\u00e3o<\/strong><\/p>\n\n\n\n<div style=\"position:relative; display:block; width: 100%; min-height: 600px\">\n<iframe loading=\"lazy\" width=\"100%\" height=\"100%\" frameborder=\"0\" allowfullscreen=\"yes\" style=\"position:absolute; top:0; left: 0\" src=\"https:\/\/calendar.google.com\/calendar\/embed?src=paulo.andrade%40ict.ufvjm.edu.br&amp;ctz=America%2FSao_Paulo\">\n  <p>Seu browser n\u00e3o suporta iframes.<\/p>\n<\/iframe>\n<\/div>\n\n\n\n<hr class=\"wp-block-separator has-css-opacity\"\/>\n\n\n\n<p><strong>Vice-dire\u00e7\u00e3o<\/strong><\/p>\n\n\n\n<div style=\"position:relative; display:block; width: 100%; min-height: 600px\">\n<iframe loading=\"lazy\"  width=\"100%\" height=\"100%\" frameborder=\"0\" allowfullscreen=\"yes\" style=\"position:absolute; top:0; left: 0\" src=\"https:\/\/calendar.google.com\/calendar\/embed?src=lucas.franco%40ufvjm.edu.br&#038;ctz=America%2FSao_Paulo\" style=\"border: 0\" width=\"800\" height=\"600\" frameborder=\"0\" scrolling=\"no\">\n<\/iframe>\n<\/div>\n<\/div><\/div>\n","protected":false},"excerpt":{"rendered":"<p>Mandato 2024-2028 Prof. Paulo C\u00e9sar de Resende Andrade &#8211; DiretorMandato: 25\/03\/2024 &#8211; 25\/03\/2028 (Portaria No 553, de 21\/03\/2024, DOU de 22\/03\/2024, se\u00e7\u00e3o 2, p\u00e1gina 30)Fone: (38) 3532-1214 \/ 8456 (VoIP)Sala 362\/ICT (3\u00ba andar)E-mail:&nbsp;direcao@ict.ufvjm.edu.br Prof. Lucas Franco Ferreira &#8211; Vice-DiretorMandato: 25\/03\/2024 &#8211; 25\/03\/2028 (Portaria No 554, de 21\/03\/2024, DOU de 22\/03\/2024, se\u00e7\u00e3o 2, p\u00e1gina 30)Fone: (38) [&hellip;]<\/p>\n","protected":false},"author":1,"featured_media":0,"parent":318,"menu_order":0,"comment_status":"closed","ping_status":"closed","template":"","meta":{"_exactmetrics_skip_tracking":false,"_exactmetrics_sitenote_active":false,"_exactmetrics_sitenote_note":"","_exactmetrics_sitenote_category":0,"footnotes":""},"class_list":["post-322","page","type-page","status-publish","hentry"],"_links":{"self":[{"href":"https:\/\/www.ict.ufvjm.edu.br\/index.php?rest_route=\/wp\/v2\/pages\/322","targetHints":{"allow":["GET"]}}],"collection":[{"href":"https:\/\/www.ict.ufvjm.edu.br\/index.php?rest_route=\/wp\/v2\/pages"}],"about":[{"href":"https:\/\/www.ict.ufvjm.edu.br\/index.php?rest_route=\/wp\/v2\/types\/page"}],"author":[{"embeddable":true,"href":"https:\/\/www.ict.ufvjm.edu.br\/index.php?rest_route=\/wp\/v2\/users\/1"}],"replies":[{"embeddable":true,"href":"https:\/\/www.ict.ufvjm.edu.br\/index.php?rest_route=%2Fwp%2Fv2%2Fcomments&post=322"}],"version-history":[{"count":66,"href":"https:\/\/www.ict.ufvjm.edu.br\/index.php?rest_route=\/wp\/v2\/pages\/322\/revisions"}],"predecessor-version":[{"id":5801,"href":"https:\/\/www.ict.ufvjm.edu.br\/index.php?rest_route=\/wp\/v2\/pages\/322\/revisions\/5801"}],"up":[{"embeddable":true,"href":"https:\/\/www.ict.ufvjm.edu.br\/index.php?rest_route=\/wp\/v2\/pages\/318"}],"wp:attachment":[{"href":"https:\/\/www.ict.ufvjm.edu.br\/index.php?rest_route=%2Fwp%2Fv2%2Fmedia&parent=322"}],"curies":[{"name":"wp","href":"https:\/\/api.w.org\/{rel}","templated":true}]}}