{"id":320,"date":"2019-07-31T18:02:20","date_gmt":"2019-07-31T20:02:20","guid":{"rendered":"http:\/\/www4.ict.ufvjm.edu.br\/?page_id=320"},"modified":"2026-01-30T08:49:09","modified_gmt":"2026-01-30T11:49:09","slug":"historico","status":"publish","type":"page","link":"https:\/\/www.ict.ufvjm.edu.br\/?page_id=320","title":{"rendered":"Um breve hist\u00f3rico"},"content":{"rendered":"<div class=\"wp-block-image\">\n<figure class=\"alignright size-large is-resized\"><a href=\"https:\/\/www.ict.ufvjm.edu.br\/wp-content\/uploads\/2026\/01\/logo-ICT.jpg\" target=\"_blank\" rel=\" noreferrer noopener\"><img loading=\"lazy\" decoding=\"async\" width=\"873\" height=\"1024\" src=\"https:\/\/www.ict.ufvjm.edu.br\/wp-content\/uploads\/2026\/01\/logo-ICT-873x1024.jpg\" alt=\"\" class=\"wp-image-6878\" style=\"aspect-ratio:0.8525484474610676;width:380px;height:auto\" srcset=\"https:\/\/www.ict.ufvjm.edu.br\/wp-content\/uploads\/2026\/01\/logo-ICT-873x1024.jpg 873w, https:\/\/www.ict.ufvjm.edu.br\/wp-content\/uploads\/2026\/01\/logo-ICT-256x300.jpg 256w, https:\/\/www.ict.ufvjm.edu.br\/wp-content\/uploads\/2026\/01\/logo-ICT-768x901.jpg 768w, https:\/\/www.ict.ufvjm.edu.br\/wp-content\/uploads\/2026\/01\/logo-ICT-100x117.jpg 100w, https:\/\/www.ict.ufvjm.edu.br\/wp-content\/uploads\/2026\/01\/logo-ICT-1310x1536.jpg 1310w, https:\/\/www.ict.ufvjm.edu.br\/wp-content\/uploads\/2026\/01\/logo-ICT-1746x2048.jpg 1746w, https:\/\/www.ict.ufvjm.edu.br\/wp-content\/uploads\/2026\/01\/logo-ICT.jpg 1759w\" sizes=\"auto, (max-width: 873px) 100vw, 873px\" \/><\/a><figcaption class=\"wp-element-caption\">    <br>                        <em>Download <\/em>da logo do ICT<\/figcaption><\/figure>\n<\/div>\n\n\n<p class=\"justify\">O Instituto de Ci\u00eancia e Tecnologia (ICT) foi criado com a principal miss\u00e3o a dissemina\u00e7\u00e3o de conhecimentos nas diversas \u00e1reas de ci\u00eancia e tecnologia, al\u00e9m de formar cidad\u00e3os participativos e conscientes. Para tal, o ICT agrega em seu escopo o bacharelado Interdisciplinar em Ci\u00eancia e Tecnologia (BCT) e quatro Engenharias da UFVJM.<\/p>\n\n\n\n<p class=\"justify\">O curso de Ci\u00eancia e Tecnologia foi o primeiro curso a ser ministrado no ICT, em 2009. Trata-se de um curso superior de gradua\u00e7\u00e3o, diurno, que conta com uma carga hor\u00e1ria de 2.400 horas e um per\u00edodo de integraliza\u00e7\u00e3o curricular de tr\u00eas anos. Apesar de formar bachar\u00e9is em ci\u00eancia e tecnologia com forma\u00e7\u00e3o generalista em ci\u00eancias naturais e sociais aplicadas, constitui tamb\u00e9m o ciclo b\u00e1sico das quatro Engenharias do ICT. De 2009 a 2013, ofereceu 120 vagas por semestre. Nessa \u00e9poca, previa-se 30 vagas para cada uma das tr\u00eas Engenharias existentes e 30 vagas para o BC&amp;T.<br><br>Em 2011, estabeleceram-se os projetos pedag\u00f3gicos das tr\u00eas primeiras Engenharias do ICT, conforme constava no projeto original, a saber: a Engenharia Mec\u00e2nica, respons\u00e1vel pelo projeto, constru\u00e7\u00e3o, an\u00e1lise, opera\u00e7\u00e3o e manuten\u00e7\u00e3o de sistemas mec\u00e2nicos, como, motores, ve\u00edculos, m\u00e1quinas e sistemas termodin\u00e2micos para todo tipo de ind\u00fastria; a Engenharia de Alimentos, que trata de todos os processos da ind\u00fastria de alimentos, desde a pesquisa de novos produtos e seus ingredientes, at\u00e9 a defini\u00e7\u00e3o das embalagens e armazenagem dos alimentos industrializados; e a Engenharia Qu\u00edmica, que trabalha com os processos f\u00edsico-qu\u00edmicos de uma ind\u00fastria, desde a an\u00e1lise da mat\u00e9ria-prima at\u00e9 o desenvolvimento do produto final.<br><br>No ano de 2014, foi criada uma nova Engenharia no ICT, a Engenharia Geol\u00f3gica, respons\u00e1vel pela explora\u00e7\u00e3o de recursos naturais como jazidas de min\u00e9rios e petrol\u00edferas, an\u00e1lise da estrutura do solo para a constru\u00e7\u00e3o de barragens, identifica\u00e7\u00e3o de \u00e1reas de risco de abalos s\u00edsmicos, recupera\u00e7\u00e3o de solos e explora\u00e7\u00e3o de len\u00e7\u00f3is fre\u00e1ticos. A partir de ent\u00e3o, o BCT passou a oferecer 150 vagas, sendo que s\u00e3o igualmente oferecidas 40 vagas para cada uma das Engenharias pioneiras no Instituto: Alimentos, Mec\u00e2nica e Qu\u00edmica e, ainda, 30 vagas para o curso de Engenharia Geol\u00f3gica.<br><br>No ano de 2016, o Conselho Universit\u00e1rio &#8211; CONSU, atrav\u00e9s da Resolu\u00e7\u00e3o N. 06-CONSU, de 17 de junho de 2016, cria o <a href=\"https:\/\/www4.ict.ufvjm.edu.br\/?page_id=326\">Centro de Estudos em Geoci\u00eancias &#8211; CEGeo<\/a>, \u00f3rg\u00e3o complementar do ICT , que tem como objetivo prec\u00edpuo o desenvolvimento de atividades de excel\u00eancia acad\u00eamica no \u00e2mbito do ensino, da pesquisa e da extens\u00e3o universit\u00e1ria na \u00e1rea de Geoci\u00eancias, facilitando a agrega\u00e7\u00e3o de todas as compet\u00eancias da UFVJM na \u00e1rea das Geoci\u00eancias e \u00e1reas de conhecimento afins.<br><br>Al\u00e9m dos cursos de gradua\u00e7\u00e3o, o ICT possui 04 cursos de P\u00f3s-Gradua\u00e7\u00e3o, a saber: <a href=\"https:\/\/www4.ict.ufvjm.edu.br\/?page_id=243\">Biocombust\u00edveis &#8211; PPGBiocomb<\/a> (Mestrado e Doutorado), <a href=\"https:\/\/www4.ict.ufvjm.edu.br\/?page_id=245\">Ci\u00eancia e Tecnologia de Alimentos &#8211; PPGCTA<\/a> (Mestrado) e <a href=\"https:\/\/www4.ict.ufvjm.edu.br\/?page_id=247\">Geologia -PPGGEO<\/a> (Mestrado)<br><br>Atualmente, a Unidade t\u00eam uma equipe de 40 t\u00e9cnico-administrativos em educa\u00e7\u00e3o (33 atuantes no ICT e 07 no CEGeo), e 87 docentes (33 vinculados ao BCT, 12 a Eng. de Alimentos, 16 a Eng. Geol\u00f3gica, 14 a Eng. de Mec\u00e2nica e 12 a Eng. Qu\u00edmica).<br><br>Ao longo do tempo, o ICT tem cumprido sua miss\u00e3o no sentido de formar profissionais competentes para atua\u00e7\u00e3o em diversas \u00e1reas da sociedade, incluindo a ind\u00fastria, a pesquisa e p\u00f3s-gradua\u00e7\u00e3o no meio acad\u00eamico e tamb\u00e9m profissionais empreendedores.<\/p>\n\n\n\n<p class=\"justify\">Mais informa\u00e7\u00f5es, leia o artigo publicado por Campos, C.A. e Andrade, P.C.R.,  <em><strong>A Implanta\u00e7\u00e3o do Instituto de Ci\u00eancia e Tecnologia: o resgate hist\u00f3rico e primeiros passos do BCT na UFVJM<\/strong><\/em>,  <em>Revista Vozes dos Vales: Publica\u00e7\u00f5es Acad\u00eamicas<\/em>, n. 13, Ano VII, 2018. <a rel=\"noreferrer noopener\" aria-label=\"dispon\u00edvel aqui! (abre numa nova aba)\" href=\"http:\/\/site.ufvjm.edu.br\/revistamultidisciplinar\/files\/2018\/05\/Paulo1103.pdf\" target=\"_blank\"><strong>Dispon\u00edvel aqui!<\/strong><\/a><\/p>\n\n\n<style type=\"text\/css\" scoped>.rbs_gallery_69e231b2d9b22Spinner{\r\n\t\t\t\tmargin: 50px auto;\r\n\t\t\t\twidth: 50px;\r\n\t\t\t\theight: 40px;\r\n\t\t\t\ttext-align: center;\r\n\t\t\t\tfont-size: 10px;\r\n\t\t\t}\r\n\t\t\t.rbs_gallery_69e231b2d9b22Spinner > div{\r\n\t\t\t  background-color: #333;\r\n\t\t\t  height: 100%;\r\n\t\t\t  width: 6px;\r\n\t\t\t  display: inline-block;\r\n\t\t\t  -webkit-animation: rbs_gallery_69e231b2d9b22-stretchdelay 1.2s infinite ease-in-out;\r\n\t\t\t  animation: rbs_gallery_69e231b2d9b22-stretchdelay 1.2s infinite ease-in-out;\r\n\t\t\t}\r\n\t\t\t.rbs_gallery_69e231b2d9b22Spinner .rbs_gallery_69e231b2d9b22Rect2 {\r\n\t\t\t  -webkit-animation-delay: -1.1s;\r\n\t\t\t  animation-delay: -1.1s;\r\n\t\t\t}\r\n\t\t\t.rbs_gallery_69e231b2d9b22Spinner .rbs_gallery_69e231b2d9b22Rect3 {\r\n\t\t\t  -webkit-animation-delay: -1.0s;\r\n\t\t\t  animation-delay: -1.0s;\r\n\t\t\t}\r\n\t\t\t.rbs_gallery_69e231b2d9b22Spinner .rbs_gallery_69e231b2d9b22Rect4 {\r\n\t\t\t  -webkit-animation-delay: -0.9s;\r\n\t\t\t  animation-delay: -0.9s;\r\n\t\t\t}\r\n\t\t\t.rbs_gallery_69e231b2d9b22Spinner .rbs_gallery_69e231b2d9b22Rect5 {\r\n\t\t\t  -webkit-animation-delay: -0.8s;\r\n\t\t\t  animation-delay: -0.8s;\r\n\t\t\t}\r\n\t\t\t@-webkit-keyframes rbs_gallery_69e231b2d9b22-stretchdelay {\r\n\t\t\t  0%, 40%, 100% { -webkit-transform: scaleY(0.4) }  \r\n\t\t\t  20% { -webkit-transform: scaleY(1.0) }\r\n\t\t\t}\r\n\t\t\t@keyframes rbs_gallery_69e231b2d9b22-stretchdelay {\r\n\t\t\t  0%, 40%, 100% { \r\n\t\t\t    transform: scaleY(0.4);\r\n\t\t\t    -webkit-transform: scaleY(0.4);\r\n\t\t\t  }  20% { \r\n\t\t\t    transform: scaleY(1.0);\r\n\t\t\t    -webkit-transform: scaleY(1.0);\r\n\t\t\t  }\r\n\t\t\t}\r\n\t\t<\/style><div class=\"robo-gallery-wrap robo-gallery-wrap-id1416 robo-gallery-\" ><div id=\"rbs_gallery_69e231b2d9b22-block-loader\" class=\"rbs_gallery_69e231b2d9b22Spinner\"><div class=\"rbs_gallery_69e231b2d9b22Rect1\"><\/div> <div class=\"rbs_gallery_69e231b2d9b22Rect2\"><\/div> <div class=\"rbs_gallery_69e231b2d9b22Rect3\"><\/div> <div class=\"rbs_gallery_69e231b2d9b22Rect4\"><\/div> <div class=\"rbs_gallery_69e231b2d9b22Rect5\"><\/div><\/div><div class=\"rbs_gallery_button  rbs_gallery_align_left\" id=\"rbs_gallery_69e231b2d9b22filter\" style=\" display: none;\" ><\/div><div id=\"robo_gallery_main_block_rbs_gallery_69e231b2d9b22\" class=\"robogallery-gallery-1416\" style=\"width:100%;margin:0 auto;  display: none;\"><div id=\"rbs_gallery_69e231b2d9b22\" data-options=\"rbs_gallery_69e231b2d9b22\" style=\"width:100%;\" class=\"robo_gallery  \"><div class=\"rbs-img  category1416 \" ><div class=\"rbs-img-image   rbs-lightbox \" ><div class=\"rbs-img-thumbs\"  data-thumbnail=\"https:\/\/www.ict.ufvjm.edu.br\/wp-content\/uploads\/2019\/09\/fotos-campus-JK-sobrevoo-102-1024x768.jpg\"  title=\"Constru\u00e7\u00e3o do ICT\/UFVJM (2010)\"  data-width=\"1024\"  data-height=\"768\" ><\/div><div class=\"rbs-img-data-popup\"  data-popup=\"https:\/\/www.ict.ufvjm.edu.br\/wp-content\/uploads\/2019\/09\/fotos-campus-JK-sobrevoo-102.jpg\"  title=\"Constru\u00e7\u00e3o do ICT\/UFVJM (2010)\" ><\/div><div class=\"thumbnail-overlay\"><div class=\"rbsTitle \">Constru\u00e7\u00e3o do ICT\/UFVJM (2010)<\/div><div class=\"rbsIcons\"><i class=\"fa fa-search-plus rbsZoomIcon \" ><\/i><\/div><\/div><\/div><\/div><div class=\"rbs-img  category1416 \" ><div class=\"rbs-img-image   rbs-lightbox \" ><div class=\"rbs-img-thumbs\"  data-thumbnail=\"https:\/\/www.ict.ufvjm.edu.br\/wp-content\/uploads\/2019\/09\/fotos-campus-JK-sobrevoo-100-1024x768.jpg\"  title=\"Constru\u00e7\u00e3o do ICT\/UFVJM (2010)\"  data-width=\"1024\"  data-height=\"768\" ><\/div><div class=\"rbs-img-data-popup\"  data-popup=\"https:\/\/www.ict.ufvjm.edu.br\/wp-content\/uploads\/2019\/09\/fotos-campus-JK-sobrevoo-100.jpg\"  title=\"Constru\u00e7\u00e3o do ICT\/UFVJM (2010)\" ><\/div><div class=\"thumbnail-overlay\"><div class=\"rbsTitle \">Constru\u00e7\u00e3o do ICT\/UFVJM (2010)<\/div><div class=\"rbsIcons\"><i class=\"fa fa-search-plus rbsZoomIcon \" ><\/i><\/div><\/div><\/div><\/div><div class=\"rbs-img  category1416 \" ><div class=\"rbs-img-image   rbs-lightbox \" ><div class=\"rbs-img-thumbs\"  data-thumbnail=\"https:\/\/www.ict.ufvjm.edu.br\/wp-content\/uploads\/2019\/09\/fotos-campus-JK-sobrevoo-081-1024x768.jpg\"  title=\"UFVJM - Campus JK (2010)\"  data-width=\"1024\"  data-height=\"768\" ><\/div><div class=\"rbs-img-data-popup\"  data-popup=\"https:\/\/www.ict.ufvjm.edu.br\/wp-content\/uploads\/2019\/09\/fotos-campus-JK-sobrevoo-081.jpg\"  title=\"UFVJM - Campus JK (2010)\" ><\/div><div class=\"thumbnail-overlay\"><div class=\"rbsTitle \">UFVJM - Campus JK (2010)<\/div><div class=\"rbsIcons\"><i class=\"fa fa-search-plus rbsZoomIcon \" ><\/i><\/div><\/div><\/div><\/div><div class=\"rbs-img  category1416 \" ><div class=\"rbs-img-image   rbs-lightbox \" ><div class=\"rbs-img-thumbs\"  data-thumbnail=\"https:\/\/www.ict.ufvjm.edu.br\/wp-content\/uploads\/2019\/09\/fotos-campus-JK-sobrevoo-077-1024x768.jpg\"  title=\"UFVJM - Campus JK (2010)\"  data-width=\"1024\"  data-height=\"768\" ><\/div><div class=\"rbs-img-data-popup\"  data-popup=\"https:\/\/www.ict.ufvjm.edu.br\/wp-content\/uploads\/2019\/09\/fotos-campus-JK-sobrevoo-077.jpg\"  title=\"UFVJM - Campus JK (2010)\" ><\/div><div class=\"thumbnail-overlay\"><div class=\"rbsTitle \">UFVJM - Campus JK (2010)<\/div><div class=\"rbsIcons\"><i class=\"fa fa-search-plus rbsZoomIcon \" ><\/i><\/div><\/div><\/div><\/div><div class=\"rbs-img  category1416 \" ><div class=\"rbs-img-image   rbs-lightbox \" ><div class=\"rbs-img-thumbs\"  data-thumbnail=\"https:\/\/www.ict.ufvjm.edu.br\/wp-content\/uploads\/2019\/09\/fotos-campus-JK-sobrevoo-019-1024x768.jpg\"  title=\"Constru\u00e7\u00e3o do ICT\/UFVJM (2010)\"  data-width=\"1024\"  data-height=\"768\" ><\/div><div class=\"rbs-img-data-popup\"  data-popup=\"https:\/\/www.ict.ufvjm.edu.br\/wp-content\/uploads\/2019\/09\/fotos-campus-JK-sobrevoo-019.jpg\"  title=\"Constru\u00e7\u00e3o do ICT\/UFVJM (2010)\" ><\/div><div class=\"thumbnail-overlay\"><div class=\"rbsTitle \">Constru\u00e7\u00e3o do ICT\/UFVJM (2010)<\/div><div class=\"rbsIcons\"><i class=\"fa fa-search-plus rbsZoomIcon \" ><\/i><\/div><\/div><\/div><\/div><div class=\"rbs-img  category1416 \" ><div class=\"rbs-img-image   rbs-lightbox \" ><div class=\"rbs-img-thumbs\"  data-thumbnail=\"https:\/\/www.ict.ufvjm.edu.br\/wp-content\/uploads\/2019\/10\/IMG-20190523-WA0024-1024x575.jpg\"  title=\"UFVJM - Campus JK (2019)\"  data-width=\"1024\"  data-height=\"575\" ><\/div><div class=\"rbs-img-data-popup\"  data-popup=\"https:\/\/www.ict.ufvjm.edu.br\/wp-content\/uploads\/2019\/10\/IMG-20190523-WA0024.jpg\"  title=\"UFVJM - Campus JK (2019)\" ><\/div><div class=\"thumbnail-overlay\"><div class=\"rbsTitle \">UFVJM - Campus JK (2019)<\/div><div class=\"rbsIcons\"><i class=\"fa fa-search-plus rbsZoomIcon \" ><\/i><\/div><\/div><\/div><\/div><div class=\"rbs-img  category1416 \" ><div class=\"rbs-img-image   rbs-lightbox \" ><div class=\"rbs-img-thumbs\"  data-thumbnail=\"https:\/\/www.ict.ufvjm.edu.br\/wp-content\/uploads\/2019\/10\/DJI_0374-1024x576.jpg\"  title=\"ICT\/UFVJM (2019)\"  data-width=\"1024\"  data-height=\"576\" ><\/div><div class=\"rbs-img-data-popup\"  data-popup=\"https:\/\/www.ict.ufvjm.edu.br\/wp-content\/uploads\/2019\/10\/DJI_0374.jpg\"  title=\"ICT\/UFVJM (2019)\" ><\/div><div class=\"thumbnail-overlay\"><div class=\"rbsTitle \">ICT\/UFVJM (2019)<\/div><div class=\"rbsIcons\"><i class=\"fa fa-search-plus rbsZoomIcon \" ><\/i><\/div><\/div><\/div><\/div><div class=\"rbs-img  category1416 \" ><div class=\"rbs-img-image   rbs-lightbox \" ><div class=\"rbs-img-thumbs\"  data-thumbnail=\"https:\/\/www.ict.ufvjm.edu.br\/wp-content\/uploads\/2019\/10\/IMG_20190730_122053345_HDR-1024x768.jpg\"  title=\"P\u00e1tio Central ICT (2019)\"  data-width=\"1024\"  data-height=\"768\" ><\/div><div class=\"rbs-img-data-popup\"  data-popup=\"https:\/\/www.ict.ufvjm.edu.br\/wp-content\/uploads\/2019\/10\/IMG_20190730_122053345_HDR.jpg\"  title=\"P\u00e1tio Central ICT (2019)\" ><\/div><div class=\"thumbnail-overlay\"><div class=\"rbsTitle \">P\u00e1tio Central ICT (2019)<\/div><div class=\"rbsIcons\"><i class=\"fa fa-search-plus rbsZoomIcon \" ><\/i><\/div><\/div><\/div><\/div><div class=\"rbs-img  category1416 \" ><div class=\"rbs-img-image   rbs-lightbox \" ><div class=\"rbs-img-thumbs\"  data-thumbnail=\"https:\/\/www.ict.ufvjm.edu.br\/wp-content\/uploads\/2019\/10\/DJI_0371-1024x576.jpg\"  title=\"ICT\/UFVJM (2019)\"  data-width=\"1024\"  data-height=\"576\" ><\/div><div class=\"rbs-img-data-popup\"  data-popup=\"https:\/\/www.ict.ufvjm.edu.br\/wp-content\/uploads\/2019\/10\/DJI_0371.jpg\"  title=\"ICT\/UFVJM (2019)\" ><\/div><div class=\"thumbnail-overlay\"><div class=\"rbsTitle \">ICT\/UFVJM (2019)<\/div><div class=\"rbsIcons\"><i class=\"fa fa-search-plus rbsZoomIcon \" ><\/i><\/div><\/div><\/div><\/div><div class=\"rbs-img  category1416 \" ><div class=\"rbs-img-image   rbs-lightbox \" ><div class=\"rbs-img-thumbs\"  data-thumbnail=\"https:\/\/www.ict.ufvjm.edu.br\/wp-content\/uploads\/2019\/10\/DJI_0369-1024x576.jpg\"  title=\"ICT\/UFVJM (2019)\"  data-width=\"1024\"  data-height=\"576\" ><\/div><div class=\"rbs-img-data-popup\"  data-popup=\"https:\/\/www.ict.ufvjm.edu.br\/wp-content\/uploads\/2019\/10\/DJI_0369.jpg\"  title=\"ICT\/UFVJM (2019)\" ><\/div><div class=\"thumbnail-overlay\"><div class=\"rbsTitle \">ICT\/UFVJM (2019)<\/div><div class=\"rbsIcons\"><i class=\"fa fa-search-plus rbsZoomIcon \" ><\/i><\/div><\/div><\/div><\/div><div class=\"rbs-img  category1416 \" ><div class=\"rbs-img-image   rbs-lightbox \" ><div class=\"rbs-img-thumbs\"  data-thumbnail=\"https:\/\/www.ict.ufvjm.edu.br\/wp-content\/uploads\/2019\/10\/DJI_0365-1024x576.jpg\"  title=\"ICT\/UFVJM (2019)\"  data-width=\"1024\"  data-height=\"576\" ><\/div><div class=\"rbs-img-data-popup\"  data-popup=\"https:\/\/www.ict.ufvjm.edu.br\/wp-content\/uploads\/2019\/10\/DJI_0365.jpg\"  title=\"ICT\/UFVJM (2019)\" ><\/div><div class=\"thumbnail-overlay\"><div class=\"rbsTitle \">ICT\/UFVJM (2019)<\/div><div class=\"rbsIcons\"><i class=\"fa fa-search-plus rbsZoomIcon \" ><\/i><\/div><\/div><\/div><\/div><div class=\"rbs-img  category1416 \" ><div class=\"rbs-img-image   rbs-lightbox \" ><div class=\"rbs-img-thumbs\"  data-thumbnail=\"https:\/\/www.ict.ufvjm.edu.br\/wp-content\/uploads\/2019\/10\/DJI_0378-1024x576.jpg\"  title=\"ICT\/UFVJM (2019)\"  data-width=\"1024\"  data-height=\"576\" ><\/div><div class=\"rbs-img-data-popup\"  data-popup=\"https:\/\/www.ict.ufvjm.edu.br\/wp-content\/uploads\/2019\/10\/DJI_0378.jpg\"  title=\"ICT\/UFVJM (2019)\" ><\/div><div class=\"thumbnail-overlay\"><div class=\"rbsTitle \">ICT\/UFVJM (2019)<\/div><div class=\"rbsIcons\"><i class=\"fa fa-search-plus rbsZoomIcon \" ><\/i><\/div><\/div><\/div><\/div><div class=\"rbs-img  category1416 \" ><div class=\"rbs-img-image   rbs-lightbox \" ><div class=\"rbs-img-thumbs\"  data-thumbnail=\"https:\/\/www.ict.ufvjm.edu.br\/wp-content\/uploads\/2019\/10\/DJI_0377-1024x576.jpg\"  title=\"ICT\/UFVJM - Laborat\u00f3rios Engenharias (2019)\"  data-width=\"1024\"  data-height=\"576\" ><\/div><div class=\"rbs-img-data-popup\"  data-popup=\"https:\/\/www.ict.ufvjm.edu.br\/wp-content\/uploads\/2019\/10\/DJI_0377.jpg\"  title=\"ICT\/UFVJM - Laborat\u00f3rios Engenharias (2019)\" ><\/div><div class=\"thumbnail-overlay\"><div class=\"rbsTitle \">ICT\/UFVJM - Laborat\u00f3rios Engenharias (2019)<\/div><div class=\"rbsIcons\"><i class=\"fa fa-search-plus rbsZoomIcon \" ><\/i><\/div><\/div><\/div><\/div><div class=\"rbs-img  category1416 \" ><div class=\"rbs-img-image   rbs-lightbox \" ><div class=\"rbs-img-thumbs\"  data-thumbnail=\"https:\/\/www.ict.ufvjm.edu.br\/wp-content\/uploads\/2019\/10\/20190911_182658-1024x768.jpg\"  title=\"P\u00e1tio Central ICT (2019)\"  data-width=\"1024\"  data-height=\"768\" ><\/div><div class=\"rbs-img-data-popup\"  data-popup=\"https:\/\/www.ict.ufvjm.edu.br\/wp-content\/uploads\/2019\/10\/20190911_182658.jpg\"  title=\"P\u00e1tio Central ICT (2019)\" ><\/div><div class=\"thumbnail-overlay\"><div class=\"rbsTitle \">P\u00e1tio Central ICT (2019)<\/div><div class=\"rbsIcons\"><i class=\"fa fa-search-plus rbsZoomIcon \" ><\/i><\/div><\/div><\/div><\/div><div class=\"rbs-img  category1416 \" ><div class=\"rbs-img-image   rbs-lightbox \" ><div class=\"rbs-img-thumbs\"  data-thumbnail=\"https:\/\/www.ict.ufvjm.edu.br\/wp-content\/uploads\/2019\/10\/20190828_180012-1024x768.jpg\"  title=\"P\u00e1tio Central ICT (2019)\"  data-width=\"1024\"  data-height=\"768\" ><\/div><div class=\"rbs-img-data-popup\"  data-popup=\"https:\/\/www.ict.ufvjm.edu.br\/wp-content\/uploads\/2019\/10\/20190828_180012.jpg\"  title=\"P\u00e1tio Central ICT (2019)\" ><\/div><div class=\"thumbnail-overlay\"><div class=\"rbsTitle \">P\u00e1tio Central ICT (2019)<\/div><div class=\"rbsIcons\"><i class=\"fa fa-search-plus rbsZoomIcon \" ><\/i><\/div><\/div><\/div><\/div><div class=\"rbs-img  category1416 \" ><div class=\"rbs-img-image   rbs-lightbox \" ><div class=\"rbs-img-thumbs\"  data-thumbnail=\"https:\/\/www.ict.ufvjm.edu.br\/wp-content\/uploads\/2019\/10\/DJI_0375-1024x576.jpg\"  title=\"ICT\/UFVJM (2019)\"  data-width=\"1024\"  data-height=\"576\" ><\/div><div class=\"rbs-img-data-popup\"  data-popup=\"https:\/\/www.ict.ufvjm.edu.br\/wp-content\/uploads\/2019\/10\/DJI_0375.jpg\"  title=\"ICT\/UFVJM (2019)\" ><\/div><div class=\"thumbnail-overlay\"><div class=\"rbsTitle \">ICT\/UFVJM (2019)<\/div><div class=\"rbsIcons\"><i class=\"fa fa-search-plus rbsZoomIcon \" ><\/i><\/div><\/div><\/div><\/div><div class=\"rbs-img  category1416 \" ><div class=\"rbs-img-image   rbs-lightbox \" ><div class=\"rbs-img-thumbs\"  data-thumbnail=\"https:\/\/www.ict.ufvjm.edu.br\/wp-content\/uploads\/2019\/10\/GOPR0205_1570042550855_high_2.JPG-1-768x1024.jpeg\"  title=\"P\u00e1tio Central ICT (2019)\"  data-width=\"768\"  data-height=\"1024\" ><\/div><div class=\"rbs-img-data-popup\"  data-popup=\"https:\/\/www.ict.ufvjm.edu.br\/wp-content\/uploads\/2019\/10\/GOPR0205_1570042550855_high_2.JPG-1.jpeg\"  title=\"P\u00e1tio Central ICT (2019)\" ><\/div><div class=\"thumbnail-overlay\"><div class=\"rbsTitle \">P\u00e1tio Central ICT (2019)<\/div><div class=\"rbsIcons\"><i class=\"fa fa-search-plus rbsZoomIcon \" ><\/i><\/div><\/div><\/div><\/div><\/div><\/div><\/div><script>var rbs_gallery_69e231b2d9b22 = {\"version\":\"5.1.2\",\"id\":1416,\"class\":\"id1416\",\"roboGalleryDelay\":1000,\"mainContainer\":\"#robo_gallery_main_block_rbs_gallery_69e231b2d9b22\",\"loadingContainer\":\"#rbs_gallery_69e231b2d9b22-block-loader\",\"loadingContainerObj\":\"rbs_gallery_69e231b2d9b22-block-loader\",\"columnWidth\":\"auto\",\"columns\":3,\"resolutions\":[{\"columnWidth\":\"auto\",\"columns\":3,\"maxWidth\":960},{\"columnWidth\":\"auto\",\"columns\":2,\"maxWidth\":650},{\"columnWidth\":\"auto\",\"columns\":1,\"maxWidth\":450}],\"descBox\":true,\"descBoxClass\":\"rbs_desc_panel_light\",\"lightboxOptions\":{\"gallery\":{\"enabled\":true,\"tCounter\":\"%curr% of %total%\"},\"image\":{\"verticalFit\":true},\"mainClass\":\"my-mfp-slide-bottom mfp-img-mobile\"},\"borderSize\":5,\"overlayEffect\":\"direction-aware-fade\",\"boxesToLoadStart\":12,\"boxesToLoad\":8,\"waitUntilThumbLoads\":1,\"LoadingWord\":\"Loading...\",\"loadMoreWord\":\"Load More\",\"noMoreEntriesWord\":\"No More Entries\",\"horizontalSpaceBetweenBoxes\":15,\"verticalSpaceBetweenBoxes\":15,\"lazyLoad\":1,\"wrapContainer\":\"#robo-gallery-wrap-rbs_gallery_69e231b2d9b22\",\"filterContainer\":\"#rbs_gallery_69e231b2d9b22filter\",\"loadMoreClass\":\"button-flat-primary button-large \"};<\/script>\n\n\n\n<p><\/p>\n","protected":false},"excerpt":{"rendered":"<p>O Instituto de Ci\u00eancia e Tecnologia (ICT) foi criado com a principal miss\u00e3o a dissemina\u00e7\u00e3o de conhecimentos nas diversas \u00e1reas de ci\u00eancia e tecnologia, al\u00e9m de formar cidad\u00e3os participativos e conscientes. Para tal, o ICT agrega em seu escopo o bacharelado Interdisciplinar em Ci\u00eancia e Tecnologia (BCT) e quatro Engenharias da UFVJM. O curso de [&hellip;]<\/p>\n","protected":false},"author":1,"featured_media":0,"parent":318,"menu_order":0,"comment_status":"closed","ping_status":"closed","template":"","meta":{"_exactmetrics_skip_tracking":false,"_exactmetrics_sitenote_active":false,"_exactmetrics_sitenote_note":"","_exactmetrics_sitenote_category":0,"footnotes":""},"class_list":["post-320","page","type-page","status-publish","hentry"],"_links":{"self":[{"href":"https:\/\/www.ict.ufvjm.edu.br\/index.php?rest_route=\/wp\/v2\/pages\/320","targetHints":{"allow":["GET"]}}],"collection":[{"href":"https:\/\/www.ict.ufvjm.edu.br\/index.php?rest_route=\/wp\/v2\/pages"}],"about":[{"href":"https:\/\/www.ict.ufvjm.edu.br\/index.php?rest_route=\/wp\/v2\/types\/page"}],"author":[{"embeddable":true,"href":"https:\/\/www.ict.ufvjm.edu.br\/index.php?rest_route=\/wp\/v2\/users\/1"}],"replies":[{"embeddable":true,"href":"https:\/\/www.ict.ufvjm.edu.br\/index.php?rest_route=%2Fwp%2Fv2%2Fcomments&post=320"}],"version-history":[{"count":30,"href":"https:\/\/www.ict.ufvjm.edu.br\/index.php?rest_route=\/wp\/v2\/pages\/320\/revisions"}],"predecessor-version":[{"id":6882,"href":"https:\/\/www.ict.ufvjm.edu.br\/index.php?rest_route=\/wp\/v2\/pages\/320\/revisions\/6882"}],"up":[{"embeddable":true,"href":"https:\/\/www.ict.ufvjm.edu.br\/index.php?rest_route=\/wp\/v2\/pages\/318"}],"wp:attachment":[{"href":"https:\/\/www.ict.ufvjm.edu.br\/index.php?rest_route=%2Fwp%2Fv2%2Fmedia&parent=320"}],"curies":[{"name":"wp","href":"https:\/\/api.w.org\/{rel}","templated":true}]}}