{"id":2699,"date":"2020-07-01T21:47:15","date_gmt":"2020-07-01T23:47:15","guid":{"rendered":"https:\/\/www.ict.ufvjm.edu.br\/?page_id=2699"},"modified":"2020-07-01T21:58:02","modified_gmt":"2020-07-01T23:58:02","slug":"grupo-de-biomecanica-e-bioengenharia-gbio2","status":"publish","type":"page","link":"https:\/\/www.ict.ufvjm.edu.br\/?page_id=2699","title":{"rendered":"Grupo de Biomec\u00e2nica e Bioengenharia &#8211; GBio2"},"content":{"rendered":"\n<div class=\"wp-block-image\"><figure class=\"alignright size-large is-resized\"><img loading=\"lazy\" decoding=\"async\" src=\"https:\/\/www.ict.ufvjm.edu.br\/wp-content\/uploads\/2020\/07\/gbio2.png\" alt=\"\" class=\"wp-image-2700\" width=\"426\" height=\"293\" srcset=\"https:\/\/www.ict.ufvjm.edu.br\/wp-content\/uploads\/2020\/07\/gbio2.png 614w, https:\/\/www.ict.ufvjm.edu.br\/wp-content\/uploads\/2020\/07\/gbio2-300x207.png 300w\" sizes=\"auto, (max-width: 426px) 100vw, 426px\" \/><\/figure><\/div>\n\n\n\n<p class=\"justify\">O Grupo de Biomec\u00e2nica e Bioengenharia -GBio2- tem como objetivo realizar pesquisas dentro da Bioengenharia e a Engenharia Biomec\u00e2nica, orientadas ao estudo de Biomateriais, Processos Biol\u00f3gicos B\u00e1sicos e aprimoramento de tratamentos nas \u00c1reas da Sa\u00fade. O GBio2 usa uma abordagem interdisciplinar por meio de ferramentas computacionais e experimentais.<\/p>\n\n\n\n<p class=\"justify\"><br>O Gbio2 \u00e9 formado por pesquisadores e colaboradores do Instituto de Ci\u00eancia e Tecnologia e da Faculdade de Ci\u00eancias Biol\u00f3gicas da UFVJM. No GBio2 s\u00e3o estudados processos biol\u00f3gicos, tratamentos da \u00e1rea da sa\u00fade e biomateriais usando ferramentas computacionais e experimentais. O Grupo conta com colaboradores de outras universidades Brasileiras e Estrangeiras.<\/p>\n\n\n\n<p class=\"justify\"><br>As principais linhas de atua\u00e7\u00e3o do GBio2 s\u00e3o:<\/p>\n\n\n\n<ol class=\"justify wp-block-list\"><li>Biomateriais: Materiais baseados em materiais polim\u00e9ricos para aplica\u00e7\u00f5es em \u00e1reas m\u00e9dicas, odontol\u00f3gicas e de bens de consumo.<\/li><li>Biomec\u00e2nica aplicada nas \u00e1reas da sa\u00fade: Uso das ferramentas da Engenharia Mec\u00e2nica e das \u00e1reas da sa\u00fade para o estudo e o aprimoramento de tratamentos aplicados em \u00e1reas da sa\u00fade (odontologia, ortopedia, fisioterapia e outras).<\/li><li>Biomec\u00e2nica e Biof\u00edsica Celular: Estudo por meio de ferramentas da Engenharia e das \u00e1reas da sa\u00fade da influ\u00eancia das propriedades e das comportamento mec\u00e2nico das c\u00e9lulas no comportamento saud\u00e1vel ou patol\u00f3gico das mesmas. Desenvolvimento de m\u00e9todos para serem aplicados em \u00e1reas da sa\u00fade para ajuda na repara\u00e7\u00e3o e regenera\u00e7\u00e3o de tecidos.<\/li><\/ol>\n\n\n\n<div style=\"height:24px\" aria-hidden=\"true\" class=\"wp-block-spacer\"><\/div>\n\n\n\n<p><strong>Contato<\/strong><\/p>\n\n\n\n<p>Prof. Libardo Andr\u00e9s Gonz\u00e1lez Torres<br><i class=\"far fa-2x fa-envelope\"><\/i><strong>&nbsp;<a rel=\"noreferrer noopener\" href=\"mailto:l.gonzales@ict.ufvjm.edu.br\" target=\"_blank\">l.gonzales@ict.ufvjm.edu.br<\/a><\/strong><br><\/p>\n\n\n\n<p><a rel=\"noreferrer noopener\" href=\"https:\/\/gbio2.ict.ufvjm.edu.br\/\" target=\"_blank\"><i class=\"fa fa-2x fa-globe\"><\/i><\/a>&nbsp;<a rel=\"noreferrer noopener\" href=\"https:\/\/gbio2.ict.ufvjm.edu.br\/\" target=\"_blank\">https:\/\/gbio2.ict.ufvjm.edu.br<\/a><\/p>\n\n\n\n<div style=\"height:24px\" aria-hidden=\"true\" class=\"wp-block-spacer\"><\/div>\n\n\n\n<i class=\"fas fa-2x fa-map-marker-alt\"><\/i> &nbsp;Sala 240 &#8211; Pr\u00e9dio ICT. Campus JK \u2013 Rodovia MGT 367 \u2013 Km 583, n\u00ba 5.000. Alto da Jacuba. Diamantina-MG. CEP: 39100-000.<\/p>\n","protected":false},"excerpt":{"rendered":"<p>O Grupo de Biomec\u00e2nica e Bioengenharia -GBio2- tem como objetivo realizar pesquisas dentro da Bioengenharia e a Engenharia Biomec\u00e2nica, orientadas ao estudo de Biomateriais, Processos Biol\u00f3gicos B\u00e1sicos e aprimoramento de tratamentos nas \u00c1reas da Sa\u00fade. O GBio2 usa uma abordagem interdisciplinar por meio de ferramentas computacionais e experimentais. O Gbio2 \u00e9 formado por pesquisadores e [&hellip;]<\/p>\n","protected":false},"author":3,"featured_media":0,"parent":332,"menu_order":150,"comment_status":"closed","ping_status":"closed","template":"","meta":{"_exactmetrics_skip_tracking":false,"_exactmetrics_sitenote_active":false,"_exactmetrics_sitenote_note":"","_exactmetrics_sitenote_category":0,"footnotes":""},"class_list":["post-2699","page","type-page","status-publish","hentry"],"_links":{"self":[{"href":"https:\/\/www.ict.ufvjm.edu.br\/index.php?rest_route=\/wp\/v2\/pages\/2699","targetHints":{"allow":["GET"]}}],"collection":[{"href":"https:\/\/www.ict.ufvjm.edu.br\/index.php?rest_route=\/wp\/v2\/pages"}],"about":[{"href":"https:\/\/www.ict.ufvjm.edu.br\/index.php?rest_route=\/wp\/v2\/types\/page"}],"author":[{"embeddable":true,"href":"https:\/\/www.ict.ufvjm.edu.br\/index.php?rest_route=\/wp\/v2\/users\/3"}],"replies":[{"embeddable":true,"href":"https:\/\/www.ict.ufvjm.edu.br\/index.php?rest_route=%2Fwp%2Fv2%2Fcomments&post=2699"}],"version-history":[{"count":17,"href":"https:\/\/www.ict.ufvjm.edu.br\/index.php?rest_route=\/wp\/v2\/pages\/2699\/revisions"}],"predecessor-version":[{"id":2732,"href":"https:\/\/www.ict.ufvjm.edu.br\/index.php?rest_route=\/wp\/v2\/pages\/2699\/revisions\/2732"}],"up":[{"embeddable":true,"href":"https:\/\/www.ict.ufvjm.edu.br\/index.php?rest_route=\/wp\/v2\/pages\/332"}],"wp:attachment":[{"href":"https:\/\/www.ict.ufvjm.edu.br\/index.php?rest_route=%2Fwp%2Fv2%2Fmedia&parent=2699"}],"curies":[{"name":"wp","href":"https:\/\/api.w.org\/{rel}","templated":true}]}}