{"id":2663,"date":"2020-07-01T16:40:37","date_gmt":"2020-07-01T18:40:37","guid":{"rendered":"https:\/\/www.ict.ufvjm.edu.br\/?page_id=2663"},"modified":"2020-07-01T21:58:13","modified_gmt":"2020-07-01T23:58:13","slug":"grupo-de-ciencia-e-tecnologia-dos-materiais-gctm","status":"publish","type":"page","link":"https:\/\/www.ict.ufvjm.edu.br\/?page_id=2663","title":{"rendered":"Grupo de Ci\u00eancia e Tecnologia dos Materiais &#8211; GCTM"},"content":{"rendered":"\n<p class=\"justify\">O GCTM \u00e9 um grupo formado por docentes e discentes que trabalham com pesquisa e desenvolvimento de novos materiais para diversas aplica\u00e7\u00f5es tecnol\u00f3gicas. Contamos com 6 docentes de diferentes cursos do ICT e ICET, e 3 professores seniores volunt\u00e1rios.<\/p>\n\n\n\n<p class=\"justify\">Com abordagem predominantemente experimental, as linhas de pesquisa se distribuem nas \u00e1reas de materiais cer\u00e2micos e \u00f3xidos, materiais eletroqu\u00edmicos, biocombust\u00edveis, materiais magn\u00e9ticos, pol\u00edmeros, e propriedades f\u00edsicas e qu\u00edmicas de superf\u00edcies.<\/p>\n\n\n\n<p class=\"justify\">As atividades s\u00e3o realizadas em laborat\u00f3rios nos campi I e II em Diamantina, e no campus do Mucuri. O grupo foi criado em 2011 e, desde ent\u00e3o, diversos estudantes desenvolveram seus trabalhos de conclus\u00e3o, disserta\u00e7\u00f5es e teses nas \u00e1reas citadas associadas aos programas de p\u00f3s-gradua\u00e7\u00e3o em Qu\u00edmica e em Biocombust\u00edveis da UFVJM.<\/p>\n\n\n\n<div style=\"height:24px\" aria-hidden=\"true\" class=\"wp-block-spacer\"><\/div>\n\n\n\n<p><strong>Contato<\/strong><\/p>\n\n\n\n<i class=\"far fa-2x fa-envelope\"><\/i> <a rel=\"noreferrer noopener\" href=\"mailto:manoel.pires@ict.ufvjm.edu.br\" target=\"_blank\"><strong>manoel.pires@ict.ufvjm.edu.br<\/strong><\/a><\/p>\n\n\n\n<i class=\"fas fa-2x fa-map-marker-alt\"><\/i> Salas 6 e 7 &#8211; Pr\u00e9dio LPP\/Jequi (Laborat\u00f3rio Multiusu\u00e1rio de Pesquisa e P\u00f3s-Gradua\u00e7\u00e3o). Campus JK &#8211;  Rodovia MGT 367 &#8211; Km 583, n\u00ba 5.000. Alto da Jacuba. Diamantina-MG. CEP: 39100-000. <\/p>\n\n\n\n<figure class=\"wp-block-image size-large\"><img loading=\"lazy\" decoding=\"async\" width=\"1024\" height=\"724\" src=\"https:\/\/www.ict.ufvjm.edu.br\/wp-content\/uploads\/2020\/07\/labs-1024x724.jpg\" alt=\"\" class=\"wp-image-2668\" srcset=\"https:\/\/www.ict.ufvjm.edu.br\/wp-content\/uploads\/2020\/07\/labs-1024x724.jpg 1024w, https:\/\/www.ict.ufvjm.edu.br\/wp-content\/uploads\/2020\/07\/labs-300x212.jpg 300w, https:\/\/www.ict.ufvjm.edu.br\/wp-content\/uploads\/2020\/07\/labs-768x543.jpg 768w, https:\/\/www.ict.ufvjm.edu.br\/wp-content\/uploads\/2020\/07\/labs-1536x1086.jpg 1536w, https:\/\/www.ict.ufvjm.edu.br\/wp-content\/uploads\/2020\/07\/labs.jpg 1588w\" sizes=\"auto, (max-width: 1024px) 100vw, 1024px\" \/><figcaption>Equipe do GCTM<\/figcaption><\/figure>\n","protected":false},"excerpt":{"rendered":"<p>O GCTM \u00e9 um grupo formado por docentes e discentes que trabalham com pesquisa e desenvolvimento de novos materiais para diversas aplica\u00e7\u00f5es tecnol\u00f3gicas. Contamos com 6 docentes de diferentes cursos do ICT e ICET, e 3 professores seniores volunt\u00e1rios. Com abordagem predominantemente experimental, as linhas de pesquisa se distribuem nas \u00e1reas de materiais cer\u00e2micos e [&hellip;]<\/p>\n","protected":false},"author":3,"featured_media":0,"parent":332,"menu_order":160,"comment_status":"closed","ping_status":"closed","template":"","meta":{"_exactmetrics_skip_tracking":false,"_exactmetrics_sitenote_active":false,"_exactmetrics_sitenote_note":"","_exactmetrics_sitenote_category":0,"footnotes":""},"class_list":["post-2663","page","type-page","status-publish","hentry"],"_links":{"self":[{"href":"https:\/\/www.ict.ufvjm.edu.br\/index.php?rest_route=\/wp\/v2\/pages\/2663","targetHints":{"allow":["GET"]}}],"collection":[{"href":"https:\/\/www.ict.ufvjm.edu.br\/index.php?rest_route=\/wp\/v2\/pages"}],"about":[{"href":"https:\/\/www.ict.ufvjm.edu.br\/index.php?rest_route=\/wp\/v2\/types\/page"}],"author":[{"embeddable":true,"href":"https:\/\/www.ict.ufvjm.edu.br\/index.php?rest_route=\/wp\/v2\/users\/3"}],"replies":[{"embeddable":true,"href":"https:\/\/www.ict.ufvjm.edu.br\/index.php?rest_route=%2Fwp%2Fv2%2Fcomments&post=2663"}],"version-history":[{"count":4,"href":"https:\/\/www.ict.ufvjm.edu.br\/index.php?rest_route=\/wp\/v2\/pages\/2663\/revisions"}],"predecessor-version":[{"id":2670,"href":"https:\/\/www.ict.ufvjm.edu.br\/index.php?rest_route=\/wp\/v2\/pages\/2663\/revisions\/2670"}],"up":[{"embeddable":true,"href":"https:\/\/www.ict.ufvjm.edu.br\/index.php?rest_route=\/wp\/v2\/pages\/332"}],"wp:attachment":[{"href":"https:\/\/www.ict.ufvjm.edu.br\/index.php?rest_route=%2Fwp%2Fv2%2Fmedia&parent=2663"}],"curies":[{"name":"wp","href":"https:\/\/api.w.org\/{rel}","templated":true}]}}