{"id":2641,"date":"2020-06-29T19:24:39","date_gmt":"2020-06-29T21:24:39","guid":{"rendered":"https:\/\/www.ict.ufvjm.edu.br\/?page_id=2641"},"modified":"2020-07-01T21:57:41","modified_gmt":"2020-07-01T23:57:41","slug":"estatistica-e-experimentacao","status":"publish","type":"page","link":"https:\/\/www.ict.ufvjm.edu.br\/?page_id=2641","title":{"rendered":"Estat\u00edstica e Experimenta\u00e7\u00e3o"},"content":{"rendered":"\n<h3 class=\"wp-block-heading\">Linhas de pesquisa<\/h3>\n\n\n\n<div style=\"height:32px\" aria-hidden=\"true\" class=\"wp-block-spacer\"><\/div>\n\n\n\n<p><strong>1.&nbsp; Estat\u00edstica e Experimenta\u00e7\u00e3o<\/strong><\/p>\n\n\n\n<p>Objetivos:<\/p>\n\n\n\n<ul class=\"justify wp-block-list\"><li>Desenvolver m\u00e9todos estat\u00edsticos para planejamento de coleta e an\u00e1lise de dados experimentais ou observacionais.<\/li><li>Contribuir para a inicia\u00e7\u00e3o de investigadores de outras \u00e1reas no mundo das t\u00e9cnicas e m\u00e9todos da estat\u00edstica.<\/li><li> Fornecer subs\u00eddios para pesquisadores de outras \u00e1reas possam conduzir suas avalia\u00e7\u00f5es estat\u00edsticas de forma mais eficiente.<\/li><li>Estudar os principais procedimentos de compara\u00e7\u00f5es m\u00faltiplas.<\/li><\/ul>\n\n\n\n<p><strong>2. An\u00e1lise de Confiabilidade<\/strong><\/p>\n\n\n\n<p>Objetivos:<\/p>\n\n\n\n<ul class=\"justify wp-block-list\"><li>Analisar dados relacionados com o tempo de vida de um equipamento.<\/li><li>Implementar rotinas no R para an\u00e1lise do tempo de vida dos componentes.<\/li><li>Modelar tempos de falha via software R.<\/li><li>Determina\u00e7\u00e3o do tempo \u00f3timo de manuten\u00e7\u00e3o de equipamentos.&nbsp;<\/li><\/ul>\n\n\n\n<div style=\"height:24px\" aria-hidden=\"true\" class=\"wp-block-spacer\"><\/div>\n\n\n\n<p><strong>Contato<\/strong><\/p>\n\n\n\n<i class=\"far fa-2x fa-envelope\"><\/i> <a rel=\"noreferrer noopener\" aria-label=\" (abre numa nova aba)\" href=\"mailto:paulo.andrade@ict.ufvjm.edu.br\" target=\"_blank\"><strong>paulo.andrade@ict.ufvjm.edu.br<\/strong><\/a><\/p>\n\n\n\n<i class=\"fas fa-2x fa-map-marker-alt\"><\/i> Laborat\u00f3rio 252 &#8211; Pr\u00e9dio ICT. Campus JK &#8211;  Rodovia MGT 367 &#8211; Km 583, n\u00ba 5.000. Alto da Jacuba. Diamantina-MG. CEP: 39100-000. <\/p>\n","protected":false},"excerpt":{"rendered":"<p>Linhas de pesquisa 1.&nbsp; Estat\u00edstica e Experimenta\u00e7\u00e3o Objetivos: Desenvolver m\u00e9todos estat\u00edsticos para planejamento de coleta e an\u00e1lise de dados experimentais ou observacionais. Contribuir para a inicia\u00e7\u00e3o de investigadores de outras \u00e1reas no mundo das t\u00e9cnicas e m\u00e9todos da estat\u00edstica. Fornecer subs\u00eddios para pesquisadores de outras \u00e1reas possam conduzir suas avalia\u00e7\u00f5es estat\u00edsticas de forma mais eficiente. [&hellip;]<\/p>\n","protected":false},"author":3,"featured_media":0,"parent":332,"menu_order":130,"comment_status":"closed","ping_status":"closed","template":"","meta":{"_exactmetrics_skip_tracking":false,"_exactmetrics_sitenote_active":false,"_exactmetrics_sitenote_note":"","_exactmetrics_sitenote_category":0,"footnotes":""},"class_list":["post-2641","page","type-page","status-publish","hentry"],"_links":{"self":[{"href":"https:\/\/www.ict.ufvjm.edu.br\/index.php?rest_route=\/wp\/v2\/pages\/2641","targetHints":{"allow":["GET"]}}],"collection":[{"href":"https:\/\/www.ict.ufvjm.edu.br\/index.php?rest_route=\/wp\/v2\/pages"}],"about":[{"href":"https:\/\/www.ict.ufvjm.edu.br\/index.php?rest_route=\/wp\/v2\/types\/page"}],"author":[{"embeddable":true,"href":"https:\/\/www.ict.ufvjm.edu.br\/index.php?rest_route=\/wp\/v2\/users\/3"}],"replies":[{"embeddable":true,"href":"https:\/\/www.ict.ufvjm.edu.br\/index.php?rest_route=%2Fwp%2Fv2%2Fcomments&post=2641"}],"version-history":[{"count":15,"href":"https:\/\/www.ict.ufvjm.edu.br\/index.php?rest_route=\/wp\/v2\/pages\/2641\/revisions"}],"predecessor-version":[{"id":2666,"href":"https:\/\/www.ict.ufvjm.edu.br\/index.php?rest_route=\/wp\/v2\/pages\/2641\/revisions\/2666"}],"up":[{"embeddable":true,"href":"https:\/\/www.ict.ufvjm.edu.br\/index.php?rest_route=\/wp\/v2\/pages\/332"}],"wp:attachment":[{"href":"https:\/\/www.ict.ufvjm.edu.br\/index.php?rest_route=%2Fwp%2Fv2%2Fmedia&parent=2641"}],"curies":[{"name":"wp","href":"https:\/\/api.w.org\/{rel}","templated":true}]}}