{"id":245,"date":"2019-07-31T14:40:31","date_gmt":"2019-07-31T16:40:31","guid":{"rendered":"http:\/\/www4.ict.ufvjm.edu.br\/?page_id=245"},"modified":"2019-09-24T14:12:44","modified_gmt":"2019-09-24T16:12:44","slug":"pos-graduacao-em-ciencia-e-tecnologia-dos-alimentos","status":"publish","type":"page","link":"https:\/\/www.ict.ufvjm.edu.br\/?page_id=245","title":{"rendered":"P\u00f3s-Gradua\u00e7\u00e3o em Ci\u00eancia e Tecnologia dos Alimentos"},"content":{"rendered":"\n<div align=\"right\">\n<span class=\"expandall\"><b>Expandir todos<\/b><\/span>\u2003\u2003\n<span class=\"collapseall\"><b>Recolher todos<\/b><\/span>\n<\/div>\n\n\n\n<hr class=\"wp-block-separator\"\/>\n\n\n\n<div class=\"wp-block-image\"><figure class=\"alignright is-resized\"><img loading=\"lazy\" decoding=\"async\" src=\"https:\/\/www4.ict.ufvjm.edu.br\/wp-content\/uploads\/2019\/09\/Logo-PPGCTA-1024x1024.jpg\" alt=\"\" class=\"wp-image-1419\" width=\"284\" height=\"284\" srcset=\"https:\/\/www.ict.ufvjm.edu.br\/wp-content\/uploads\/2019\/09\/Logo-PPGCTA-1024x1024.jpg 1024w, https:\/\/www.ict.ufvjm.edu.br\/wp-content\/uploads\/2019\/09\/Logo-PPGCTA-150x150.jpg 150w, https:\/\/www.ict.ufvjm.edu.br\/wp-content\/uploads\/2019\/09\/Logo-PPGCTA-300x300.jpg 300w, https:\/\/www.ict.ufvjm.edu.br\/wp-content\/uploads\/2019\/09\/Logo-PPGCTA-768x768.jpg 768w, https:\/\/www.ict.ufvjm.edu.br\/wp-content\/uploads\/2019\/09\/Logo-PPGCTA-350x350.jpg 350w, https:\/\/www.ict.ufvjm.edu.br\/wp-content\/uploads\/2019\/09\/Logo-PPGCTA.jpg 1134w\" sizes=\"auto, (max-width: 284px) 100vw, 284px\" \/><\/figure><\/div>\n\n\n\n<p class=\"justify\"> O Programa de P\u00f3s-gradua\u00e7\u00e3o em Ci\u00eancia e Tecnologia de Alimentos contribua para formar profissionais com amplo e s\u00f3lido conhecimento na \u00e1rea de Ci\u00eancia e Tecnologia de Alimentos, qualificados para o exerc\u00edcio de atividades do magist\u00e9rio superior, pesquisa e desenvolvimento tecnol\u00f3gico, com esp\u00edrito empreendedor e vis\u00e3o cr\u00edtica e criativa sempre que estiver \u00e0 frente de novos problemas ou tecnologias, bem como aqueles do cotidiano.                 <\/p>\n\n\n\n<p class=\"has-text-color has-vivid-cyan-blue-color\">   <span class=\"collapseomatic \" id=\"id69fabf66eec15\"  tabindex=\"0\" title=\"&lt;strong&gt;SOBRE O PROGRAMA&lt;\/strong&gt;\"    ><strong>SOBRE O PROGRAMA<\/strong><\/span><div id=\"target-id69fabf66eec15\" class=\"collapseomatic_content \">    <\/p>\n\n\n\n<p class=\"justify\">O Programa de P\u00f3s-Gradua\u00e7\u00e3o em Ci\u00eancia e Tecnologia de Alimentos foi aprovado em dezembro de 2015 ap\u00f3s avalia\u00e7\u00e3o da APCN n\u00ba 743\/2015 e o in\u00edcio das atividades ocorreu em 25 de abril de 2016. O PPGCTA tem por objetivo geral formar profissionais capazes de atuar no magist\u00e9rio superior, assim como em segmentos especializados para atender aos setores com atividades de pesquisa cient\u00edfica, desenvolvimento e inova\u00e7\u00e3o tecnol\u00f3gica na \u00e1rea de Ci\u00eancia e Tecnologia de Alimentos no n\u00edvel de Mestrado. Assim, pretende-se: <br><br>1) Formar recursos humanos qualificados na \u00e1rea de Ci\u00eancia e Tecnologia de Alimentos, que possuam ampla vis\u00e3o t\u00e9cnico-cient\u00edfica e empreendedora, e que se adaptem \u00e0 nova realidade do mercado de trabalho, em todas as \u00e1reas relacionadas ao programa. <br><br>2) Agregar valor as diferentes mat\u00e9rias-primas locais e regionais, por meio de a\u00e7\u00f5es que visem a valoriza\u00e7\u00e3o e o desenvolvimento de novos produtos com base em novas tecnologias. <br><br>3) Desenvolver e apoiar projetos de promo\u00e7\u00e3o social e de desenvolvimento agropecu\u00e1rio e t\u00e9cnico-cient\u00edfico da Regi\u00e3o dos Vales do Jequitinhonha e Mucuri e Regi\u00f5es vizinhas de forma sustent\u00e1vel. <br><br>4) Fortalecer as \u00e1reas de estudos afins j\u00e1 existentes na UFVJM, por meio da forma\u00e7\u00e3o de recursos humanos qualificados na \u00e1rea de Ci\u00eancia e Tecnologia de Alimentos, incentivando a implanta\u00e7\u00e3o de novas linhas pesquisas multi e interdisciplinares, visando inova\u00e7\u00e3o cient\u00edfica e tecnol\u00f3gica. <br><br>5) Contribuir para a melhoria de vida da popula\u00e7\u00e3o dos Vales do Jequitinhonha e Mucuri e Regi\u00f5es vizinhas, por meio de a\u00e7\u00f5es que promovam a alimenta\u00e7\u00e3o saud\u00e1vel e segura, bem como, o desenvolvimento da agricultura familiar o que certamente ser\u00e1 um incentivo na melhoria de renda da popula\u00e7\u00e3o.<\/p>\n\n\n\n<\/div>\n\n\n\n<p><\/p>\n\n\n\n<span class=\"collapseomatic \" id=\"id69fabf66eee0e\"  tabindex=\"0\" title=\"&lt;strong&gt;DADOS CADASTRAIS&lt;\/strong&gt;\"    ><strong>DADOS CADASTRAIS<\/strong><\/span><div id=\"target-id69fabf66eee0e\" class=\"collapseomatic_content \">   <\/p>\n\n\n\n<p class=\"justify\"><strong>Nome<\/strong>:  Programa de P\u00f3s-Gradua\u00e7\u00e3o em Ci\u00eancia e Tecnologia de Alimentos &#8211; PPGCTA<br><strong>C\u00f3digo<\/strong>: 32010010044P7 <br><strong>\u00c1rea B\u00e1sica: <\/strong>Ci\u00eancia e Tecnologia de Alimentos (50700006)<br><strong>\u00c1rea de Avalia\u00e7\u00e3o:<\/strong> Ci\u00eancia de Alimentos<br><strong>\u00c1rea de Conhecimento: <\/strong>Ci\u00eancias Agr\u00e1rias <br><strong>Modalidade<\/strong>: Mestrado Acad\u00eamico<br><strong>Nota do curso de Mestrado: <\/strong>3<\/p>\n\n\n\n<p>  <\/div>\n\n\n\n<p><\/p>\n\n\n\n<span class=\"collapseomatic \" id=\"id69fabf66eeec9\"  tabindex=\"0\" title=\"&lt;strong&gt;LINHAS DE PESQUISA&lt;\/strong&gt;\"    ><strong>LINHAS DE PESQUISA<\/strong><\/span><div id=\"target-id69fabf66eeec9\" class=\"collapseomatic_content \">    <\/p>\n\n\n\n<p class=\"justify\">1 &#8211; Desenvolvimento de processos e produtos.<br>2 &#8211; Qu\u00edmica, bioqu\u00edmica, microbiologia e an\u00e1lise sensorial de alimentos.<\/p>\n\n\n\n<p>\n\n<\/div>\n\n\n\n<p><\/p>\n\n\n\n<span class=\"collapseomatic \" id=\"id69fabf66eef5d\"  tabindex=\"0\" title=\"&lt;strong&gt;CONTATO&lt;\/strong&gt;\"    ><strong>CONTATO<\/strong><\/span><div id=\"target-id69fabf66eef5d\" class=\"collapseomatic_content \"> <\/p>\n\n\n\n<p class=\"justify\"><em><strong>Secretaria&nbsp;do Programa de P\u00f3s-Gradua\u00e7\u00e3o em Ci\u00eancia e Tecnologia de Alimentos<\/strong><\/em><br><br><em><strong>Endere\u00e7o<\/strong><\/em>: UFVJM, Campus JK \u2013 Instituto de Ci\u00eancia e Tecnologia \u2013 Rodovia MGT 367 \u2013 Km 583, n\u00ba 5000, sala 358 \u2013 Alto da Jacuba \u2013 CEP 39100-000 \u2013 Diamantina\/MG<br><em><strong>Secret\u00e1rio do programa<\/strong><\/em>: S\u00e9rgio Wilson Ara\u00fajo<br><em><strong>Telefone<\/strong><\/em>: +55 (38) 3532-1200&nbsp;r. 8369<br><em><strong>E-mail da secretaria:<\/strong><\/em>&nbsp;<a href=\"mailto:sec.ppgcta@ict.ufvjm.edu.br\"><strong>sec.ppgcta@ict.ufvjm.edu.br<\/strong><\/a><strong> <\/strong><br><em><strong>E-mail da coordena\u00e7\u00e3o:<\/strong><\/em> <a href=\"mailto:ppgcta@ict.ufvjm.edu.br\"><strong>ppgcta@ict.ufvjm.edu.br<\/strong><\/a><\/p>\n\n\n\n<p>\n\n <\/div>\n\n\n\n<p><\/p>\n\n\n\n<span class=\"collapseomatic \" id=\"id69fabf66eefe1\"  tabindex=\"0\" title=\"&lt;strong&gt;MAIS INFORMA\u00c7\u00d5ES&lt;\/strong&gt;\"    ><strong>MAIS INFORMA\u00c7\u00d5ES<\/strong><\/span><div id=\"target-id69fabf66eefe1\" class=\"collapseomatic_content \">  <\/p>\n\n\n\n<p>S\u00edtio Eletr\u00f4nico:  <strong><a rel=\"noreferrer noopener\" aria-label=\" (abre numa nova aba)\" href=\"http:\/\/site.ufvjm.edu.br\/ppgcta\" target=\"_blank\">http:\/\/site.ufvjm.edu.br\/ppgcta<\/a><\/strong><br>E-mail da secretaria:&nbsp;<a href=\"mailto:sec.ppgcta@ict.ufvjm.edu.br\"><strong>sec.ppgcta@ict.ufvjm.edu.br<\/strong><\/a><br>E-mail da coordena\u00e7\u00e3o: <a href=\"mailto:ppgcta@ict.ufvjm.edu.br\"><strong>ppgcta@ict.ufvjm.edu.br<\/strong><\/a> <\/p>\n\n\n\n<p>\n\n<\/div>\n\n\n\n<p><\/p>\n\n\n\n<span class=\"collapseomatic \" id=\"id69fabf66ef061\"  tabindex=\"0\" title=\"&lt;strong&gt;COORDENA\u00c7\u00c3O&lt;\/strong&gt;\"    ><strong>COORDENA\u00c7\u00c3O<\/strong><\/span><div id=\"target-id69fabf66ef061\" class=\"collapseomatic_content \"> <\/p>\n\n\n\n<p><strong><a href=\"https:\/\/www4.ict.ufvjm.edu.br\/?page_id=324\">Coordena\u00e7\u00e3o do Curso<\/a><\/strong><\/p>\n\n\n\n<\/div>\n","protected":false},"excerpt":{"rendered":"<p>Expandir todos\u2003\u2003 Recolher todos O Programa de P\u00f3s-gradua\u00e7\u00e3o em Ci\u00eancia e Tecnologia de Alimentos contribua para formar profissionais com amplo e s\u00f3lido conhecimento na \u00e1rea de Ci\u00eancia e Tecnologia de Alimentos, qualificados para o exerc\u00edcio de atividades do magist\u00e9rio superior, pesquisa e desenvolvimento tecnol\u00f3gico, com esp\u00edrito empreendedor e vis\u00e3o cr\u00edtica e criativa sempre que estiver [&hellip;]<\/p>\n","protected":false},"author":1,"featured_media":0,"parent":172,"menu_order":0,"comment_status":"closed","ping_status":"closed","template":"","meta":{"_exactmetrics_skip_tracking":false,"_exactmetrics_sitenote_active":false,"_exactmetrics_sitenote_note":"","_exactmetrics_sitenote_category":0,"footnotes":""},"class_list":["post-245","page","type-page","status-publish","hentry"],"_links":{"self":[{"href":"https:\/\/www.ict.ufvjm.edu.br\/index.php?rest_route=\/wp\/v2\/pages\/245","targetHints":{"allow":["GET"]}}],"collection":[{"href":"https:\/\/www.ict.ufvjm.edu.br\/index.php?rest_route=\/wp\/v2\/pages"}],"about":[{"href":"https:\/\/www.ict.ufvjm.edu.br\/index.php?rest_route=\/wp\/v2\/types\/page"}],"author":[{"embeddable":true,"href":"https:\/\/www.ict.ufvjm.edu.br\/index.php?rest_route=\/wp\/v2\/users\/1"}],"replies":[{"embeddable":true,"href":"https:\/\/www.ict.ufvjm.edu.br\/index.php?rest_route=%2Fwp%2Fv2%2Fcomments&post=245"}],"version-history":[{"count":14,"href":"https:\/\/www.ict.ufvjm.edu.br\/index.php?rest_route=\/wp\/v2\/pages\/245\/revisions"}],"predecessor-version":[{"id":1458,"href":"https:\/\/www.ict.ufvjm.edu.br\/index.php?rest_route=\/wp\/v2\/pages\/245\/revisions\/1458"}],"up":[{"embeddable":true,"href":"https:\/\/www.ict.ufvjm.edu.br\/index.php?rest_route=\/wp\/v2\/pages\/172"}],"wp:attachment":[{"href":"https:\/\/www.ict.ufvjm.edu.br\/index.php?rest_route=%2Fwp%2Fv2%2Fmedia&parent=245"}],"curies":[{"name":"wp","href":"https:\/\/api.w.org\/{rel}","templated":true}]}}