{"id":2447,"date":"2020-06-09T21:04:18","date_gmt":"2020-06-09T23:04:18","guid":{"rendered":"https:\/\/www.ict.ufvjm.edu.br\/?page_id=2447"},"modified":"2026-03-25T10:34:57","modified_gmt":"2026-03-25T13:34:57","slug":"astrovale","status":"publish","type":"page","link":"https:\/\/www.ict.ufvjm.edu.br\/?page_id=2447","title":{"rendered":"Promovendo a Ci\u00eancia e Tecnologia: potencializando as oportunidades e o conhecimento da sociedade acad\u00eamica e diamantinense"},"content":{"rendered":"<div class=\"wp-block-image is-style-default\">\n<figure class=\"alignright size-full is-resized\"><img loading=\"lazy\" decoding=\"async\" width=\"864\" height=\"394\" src=\"https:\/\/www.ict.ufvjm.edu.br\/wp-content\/uploads\/2024\/04\/Ciencia-e-Tecnologia-melhorar-1-1.png\" alt=\"\" class=\"wp-image-5690\" style=\"width:386px;height:176px\" srcset=\"https:\/\/www.ict.ufvjm.edu.br\/wp-content\/uploads\/2024\/04\/Ciencia-e-Tecnologia-melhorar-1-1.png 864w, https:\/\/www.ict.ufvjm.edu.br\/wp-content\/uploads\/2024\/04\/Ciencia-e-Tecnologia-melhorar-1-1-300x137.png 300w, https:\/\/www.ict.ufvjm.edu.br\/wp-content\/uploads\/2024\/04\/Ciencia-e-Tecnologia-melhorar-1-1-768x350.png 768w\" sizes=\"auto, (max-width: 864px) 100vw, 864px\" \/><\/figure>\n<\/div>\n\n\n<p class=\"justify\" style=\"font-size:18px\">O projeto visa superar a falta de informa\u00e7\u00f5es sobre os cursos de gradua\u00e7\u00e3o em exatas, especialmente nas \u00e1reas de f\u00edsica, matem\u00e1tica, qu\u00edmica, entre outras que muitas vezes afasta potenciais interessados. O objetivo \u00e9 aproximar a ci\u00eancia e tecnologia do p\u00fablico em geral, promovendo um ambiente inclusivo e acess\u00edvel. A proposta se baseia no lema de Esopo: &#8220;<strong>Ningu\u00e9m \u00e9 t\u00e3o grande que n\u00e3o possa aprender, nem t\u00e3o pequeno que n\u00e3o possa ensinar&#8221;.<\/strong><\/p>\n\n\n\n<div class=\"wp-block-group\"><div class=\"wp-block-group__inner-container is-layout-constrained wp-block-group-is-layout-constrained\"><div class=\"wp-block-image is-style-default\">\n<figure class=\"alignleft size-medium is-resized\"><img loading=\"lazy\" decoding=\"async\" width=\"300\" height=\"300\" src=\"https:\/\/www.ict.ufvjm.edu.br\/wp-content\/uploads\/2026\/03\/ImagemProjetoExtensao-300x300.png\" alt=\"\" class=\"wp-image-7002\" style=\"aspect-ratio:0.8878048780487805;width:304px;height:auto\" srcset=\"https:\/\/www.ict.ufvjm.edu.br\/wp-content\/uploads\/2026\/03\/ImagemProjetoExtensao-300x300.png 300w, https:\/\/www.ict.ufvjm.edu.br\/wp-content\/uploads\/2026\/03\/ImagemProjetoExtensao-150x150.png 150w, https:\/\/www.ict.ufvjm.edu.br\/wp-content\/uploads\/2026\/03\/ImagemProjetoExtensao-100x100.png 100w, https:\/\/www.ict.ufvjm.edu.br\/wp-content\/uploads\/2026\/03\/ImagemProjetoExtensao-350x350.png 350w, https:\/\/www.ict.ufvjm.edu.br\/wp-content\/uploads\/2026\/03\/ImagemProjetoExtensao.png 400w\" sizes=\"auto, (max-width: 300px) 100vw, 300px\" \/><\/figure>\n<\/div><\/div><\/div>\n\n\n\n<blockquote class=\"wp-block-quote is-layout-flow wp-block-quote-is-layout-flow\">\n<p class=\"justify has-black-color has-text-color\" style=\"font-size:18px\">O <strong><mark style=\"background-color:rgba(0, 0, 0, 0)\" class=\"has-inline-color has-vivid-cyan-blue-color\">&#8220;Promovendo a Ci\u00eancia e Tecnologia&#8221;<\/mark><\/strong> tem como coordenador o Tiago Mendes. Professor na \u00e1rea de Sistemas T\u00e9rmicos do curso de Engenharia Mec\u00e2nica da Universidade Federal dos Vales do Jequitinhonha e Mucuri (UFVJM). Obteve a gradua\u00e7\u00e3o (2009), mestrado (2012) e doutorado (2018) em Engenharia Mec\u00e2nica pela Universidade Federal de Itajub\u00e1 (UNIFEI).<strong><em>&#8220;A minha motiva\u00e7\u00e3o para criar o projeto, surge da convic\u00e7\u00e3o de que o acesso e a divulga\u00e7\u00e3o eficaz do conhecimento cient\u00edfico e tecnol\u00f3gico s\u00e3o fundamentais para impulsionar o progresso e a inova\u00e7\u00e3o em nossa sociedade.&#8221;<\/em><\/strong> \u2014 disse o professor.<\/p>\n\n\n\n<p><\/p>\n\n\n\n<p class=\"justify\" style=\"font-size:18px\">Em suma, o projeto conta tamb\u00e9m com sua vice coordena\u00e7\u00e3o, o Dr. Prof. Jos\u00e9 Ricardo Ferreira, trazendo sua experi\u00eancia e dedica\u00e7\u00e3o para agregar ainda mais valor a essa iniciativa inovadora. Vale enfatizar as parcerias do projeto, que conta com o apoio da Comiss\u00e3o Permanente de Sele\u00e7\u00e3o (COPESE), do Programa de Educa\u00e7\u00e3o Tutorial&nbsp;(PET ESTRAT\u00c9GIAS) e da Escola Estadual Professor Gabriel Mandacaru.<\/p>\n\n\n\n<figure class=\"wp-block-gallery has-nested-images columns-default is-cropped wp-block-gallery-1 is-layout-flex wp-block-gallery-is-layout-flex\">\n<figure class=\"wp-block-image size-large\"><img loading=\"lazy\" decoding=\"async\" width=\"540\" height=\"540\" data-id=\"5735\" src=\"https:\/\/www.ict.ufvjm.edu.br\/wp-content\/uploads\/2024\/04\/Arte-equipes-14.png\" alt=\"\" class=\"wp-image-5735\" srcset=\"https:\/\/www.ict.ufvjm.edu.br\/wp-content\/uploads\/2024\/04\/Arte-equipes-14.png 540w, https:\/\/www.ict.ufvjm.edu.br\/wp-content\/uploads\/2024\/04\/Arte-equipes-14-300x300.png 300w, https:\/\/www.ict.ufvjm.edu.br\/wp-content\/uploads\/2024\/04\/Arte-equipes-14-150x150.png 150w, https:\/\/www.ict.ufvjm.edu.br\/wp-content\/uploads\/2024\/04\/Arte-equipes-14-350x350.png 350w\" sizes=\"auto, (max-width: 540px) 100vw, 540px\" \/><\/figure>\n<\/figure>\n<\/blockquote>\n\n\n\n<h3 class=\"wp-block-heading has-text-align-left has-very-light-gray-to-cyan-bluish-gray-gradient-background has-background has-medium-font-size\">Proposta<\/h3>\n\n\n\n<div class=\"wp-block-group\"><div class=\"wp-block-group__inner-container is-layout-constrained wp-block-group-is-layout-constrained\">\n<div class=\"wp-block-group\"><div class=\"wp-block-group__inner-container is-layout-constrained wp-block-group-is-layout-constrained\">\n<p class=\"has-text-align-left\" style=\"font-size:18px\">Pesquisadores, docentes, discentes e t\u00e9cnicos administrativos podem contextualizar suas atua\u00e7\u00f5es para os alunos de gradua\u00e7\u00e3o e ensino m\u00e9dio, promovendo um ciclo de aprendizado e crescimento. A educa\u00e7\u00e3o est\u00e1 imersa na era digital, e \u00e9 fundamental transformar o uso de tecnologias em ferramentas educacionais. O projeto tamb\u00e9m se alinha com planos de desenvolvimento integrado que visam inova\u00e7\u00e3o digital na educa\u00e7\u00e3o e amplia\u00e7\u00e3o do acesso ao ensino t\u00e9cnico e profissionalizante. Enriquecendo o novo curr\u00edculo do ensino m\u00e9dio no Brasil, fornecendo aos estudantes experi\u00eancias pr\u00e1ticas, incentivando o pensamento cr\u00edtico. Al\u00e9m de preparar os alunos para as demandas do mundo contempor\u00e2neo, onde a ci\u00eancia e a tecnologia desempenham um papel cada vez mais importante. <\/p>\n\n\n\n<p class=\"has-text-align-left\" style=\"font-size:18px\">Isso pode ajudar a formar uma gera\u00e7\u00e3o de jovens mais capacitados e interessados em ci\u00eancia e tecnologia, contribuindo para o desenvolvimento do pa\u00eds.<\/p>\n<\/div><\/div>\n<\/div><\/div>\n\n\n\n<h2 class=\"wp-block-heading has-text-align-left has-vivid-green-cyan-color has-text-color\" style=\"font-size:24px\"><em>Para parcerias e informa\u00e7\u00f5es acesse o email e siga as redes sociais do projeto<\/em>:<\/h2>\n\n\n\n<p class=\"has-text-align-left\"><i class=\"fab fa-2x fa-instagram\"><\/i> <a href=\"https:\/\/www.instagram.com\/promovendo_ciencia_tecnologia\/\" target=\"_blank\" rel=\"noreferrer noopener\">https:\/\/www.instagram.com\/promovendo_ciencia_tecnologia\/<\/a><\/p>\n\n\n\n<p class=\"has-text-align-left\"><i class=\"far fa-2x fa-envelope\"><\/i> <a href=\"tiagomendesprofessor@gmail.com\" data-type=\"URL\" data-id=\"tiagomendesprofessor@gmail.com\" target=\"_blank\" rel=\"noreferrer noopener\"><em><a href=\"mailto:promovendocienciatecnologia@gmail.com\" target=\"_blank\" rel=\"noreferrer noopener\">promovendocienciatecnologia@gmail.com<\/a><\/em><\/a><\/p>\n\n\n\n<p class=\"has-text-align-left\"><i class=\"fab fa-2x fa-youtube\"><\/i> <a href=\"https:\/\/www.youtube.com\/@PromovendoCi%C3%AAnciaeTecnologia\" target=\"_blank\" rel=\"noreferrer noopener\">https:\/\/www.youtube.com\/@PromovendoCi%C3%AAnciaeTecnologia<\/a><\/p>\n\n\n\n<p><\/p>\n","protected":false},"excerpt":{"rendered":"<p>O projeto visa superar a falta de informa\u00e7\u00f5es sobre os cursos de gradua\u00e7\u00e3o em exatas, especialmente nas \u00e1reas de f\u00edsica, matem\u00e1tica, qu\u00edmica, entre outras que muitas vezes afasta potenciais interessados. O objetivo \u00e9 aproximar a ci\u00eancia e tecnologia do p\u00fablico em geral, promovendo um ambiente inclusivo e acess\u00edvel. A proposta se baseia no lema de [&hellip;]<\/p>\n","protected":false},"author":3,"featured_media":0,"parent":332,"menu_order":100,"comment_status":"closed","ping_status":"closed","template":"","meta":{"_exactmetrics_skip_tracking":false,"_exactmetrics_sitenote_active":false,"_exactmetrics_sitenote_note":"","_exactmetrics_sitenote_category":0,"footnotes":""},"class_list":["post-2447","page","type-page","status-publish","hentry"],"_links":{"self":[{"href":"https:\/\/www.ict.ufvjm.edu.br\/index.php?rest_route=\/wp\/v2\/pages\/2447","targetHints":{"allow":["GET"]}}],"collection":[{"href":"https:\/\/www.ict.ufvjm.edu.br\/index.php?rest_route=\/wp\/v2\/pages"}],"about":[{"href":"https:\/\/www.ict.ufvjm.edu.br\/index.php?rest_route=\/wp\/v2\/types\/page"}],"author":[{"embeddable":true,"href":"https:\/\/www.ict.ufvjm.edu.br\/index.php?rest_route=\/wp\/v2\/users\/3"}],"replies":[{"embeddable":true,"href":"https:\/\/www.ict.ufvjm.edu.br\/index.php?rest_route=%2Fwp%2Fv2%2Fcomments&post=2447"}],"version-history":[{"count":57,"href":"https:\/\/www.ict.ufvjm.edu.br\/index.php?rest_route=\/wp\/v2\/pages\/2447\/revisions"}],"predecessor-version":[{"id":7006,"href":"https:\/\/www.ict.ufvjm.edu.br\/index.php?rest_route=\/wp\/v2\/pages\/2447\/revisions\/7006"}],"up":[{"embeddable":true,"href":"https:\/\/www.ict.ufvjm.edu.br\/index.php?rest_route=\/wp\/v2\/pages\/332"}],"wp:attachment":[{"href":"https:\/\/www.ict.ufvjm.edu.br\/index.php?rest_route=%2Fwp%2Fv2%2Fmedia&parent=2447"}],"curies":[{"name":"wp","href":"https:\/\/api.w.org\/{rel}","templated":true}]}}