{"id":243,"date":"2019-07-31T14:40:09","date_gmt":"2019-07-31T16:40:09","guid":{"rendered":"http:\/\/www4.ict.ufvjm.edu.br\/?page_id=243"},"modified":"2019-09-19T10:06:49","modified_gmt":"2019-09-19T12:06:49","slug":"pos-graduacao-em-biocombustiveis","status":"publish","type":"page","link":"https:\/\/www.ict.ufvjm.edu.br\/?page_id=243","title":{"rendered":"P\u00f3s-Gradua\u00e7\u00e3o em Biocombust\u00edveis"},"content":{"rendered":"\n<div align=\"right\">\n<span class=\"expandall\"><b>Expandir todos<\/b><\/span>\u2003\u2003\n<span class=\"collapseall\"><b>Recolher todos<\/b><\/span>\n<\/div>\n\n\n\n<hr class=\"wp-block-separator\"\/>\n\n\n\n<p class=\"justify\">O Programa de P\u00f3s-gradua\u00e7\u00e3o em Biocombust\u00edveis \u00e9 produto de associa\u00e7\u00e3o ampla entre a Universidade Federal dos Vales do Jequitinhonha e Mucuri (UFVJM) e a Universidade Federal de Uberl\u00e2ndia (UFU). Os cursos de Mestrado Acad\u00eamico e Doutorado do PPG-Biocombust\u00edveis iniciaram suas atividades em mar\u00e7o de 2013, \u00e9poca em que figurava como \u00fanico programa no Brasil com curso de doutorado com tem\u00e1tica voltada exclusivamente para os biocombust\u00edveis ou a bioenergia ou a agroenergia. As linhas de pesquisa do PPG-Biocombust\u00edveis priorizam temas e a\u00e7\u00f5es que buscam o desenvolvimento e o estabelecimento de conceitos, pr\u00e1ticas e tecnologias que apoiem a consolida\u00e7\u00e3o e amplia\u00e7\u00e3o da oferta sustent\u00e1vel de biocombust\u00edveis e seus derivados.                  <\/p>\n\n\n\n<span class=\"collapseomatic \" id=\"id69defaec0887f\"  tabindex=\"0\" title=\"&lt;strong&gt;SOBRE O PROGRAMA&lt;\/strong&gt;\"    ><strong>SOBRE O PROGRAMA<\/strong><\/span><div id=\"target-id69defaec0887f\" class=\"collapseomatic_content \">    <\/p>\n\n\n\n<p class=\"justify\">As institui\u00e7\u00f5es que mant\u00e9m o Programa de P\u00f3s-gradua\u00e7\u00e3o em Biocombust\u00edveis est\u00e3o inseridas em um contexto geopol\u00edtico que tem demandado por investimentos e a\u00e7\u00f5es que favore\u00e7am o setor de biocombust\u00edveis e, por consequ\u00eancia, o desenvolvimento socioecon\u00f4mico do entorno.\u00a0 Tanto a UFVJM, com \u00e1rea de abrang\u00eancia nos Vales do Jequitinhonha e do Mucuri e nas mesorregi\u00f5es Norte e Noroeste do Estado de Minas Gerais, e a UFU, com atua\u00e7\u00e3o proeminente no Tri\u00e2ngulo Mineiro, disp\u00f5em de campo de pesquisa abundante no contexto das biomassas energ\u00e9ticas. O parque industrial mineiro tamb\u00e9m \u00e9 rico em setores que demandam por pesquisa e desenvolvimento tecnol\u00f3gico na \u00e1rea de biocombust\u00edveis. No Norte de Minas, em Montes Claros, encontra-se instalada e em funcionamento a Usina de Biodiesel Darcy Ribeiro, da Petrobras, a maior do estado, que irradia e promove atividades agroindustriais voltadas para o biocombust\u00edvel. O Tri\u00e2ngulo Mineiro, por sua vez, concentra cerca de duas dezenas de usinas sucroalcooleiras e outras tantas usinas de biodiesel que demandam por implementa\u00e7\u00f5es tecnol\u00f3gicas que aumentem a efici\u00eancia e diminuam custos, e por recursos humanos especializados. Minas Gerais disputa com o Paran\u00e1 a posi\u00e7\u00e3o de segundo maior produtor de cana de a\u00e7\u00facar do Brasil e tem recebido investimentos vultosos para a expans\u00e3o na \u00e1rea canavieira. Nos \u00faltimos anos, o estado tamb\u00e9m tem recebido aportes consider\u00e1veis de investimentos privados para implanta\u00e7\u00e3o de \u00e1reas plantadas com oleaginosas para a produ\u00e7\u00e3o de biodiesel e bioquerosene, com destaque para o pinh\u00e3o-manso e a maca\u00faba. Minas Gerais tamb\u00e9m \u00e9 o estado brasileiro com maior \u00e1rea de florestas plantadas para fins energ\u00e9ticos e consome cerca de 60% de todo o carv\u00e3o vegetal produzido no pa\u00eds. <br><br>Do ponto de vista da estrat\u00e9gia para o desenvolvimento socioecon\u00f4mico, o Curso de Doutorado em Biocombust\u00edveis preenche um vazio geogr\u00e1fico e social importante nas regi\u00f5es do Jequitinhonha, Noroeste e Norte do Estado de Minas Gerais, consideradas regi\u00f5es com os menores valores de IDH do estado. Al\u00e9m disso, o Programa de P\u00f3s-Gradua\u00e7\u00e3o em Biocombust\u00edveis \u00e9 o \u00fanico programa da \u00c1rea de Avalia\u00e7\u00e3o de Biotecnologia com curso de doutorado a servir as regi\u00f5es j\u00e1 destacadas no estado de Minas Gerais, incluindo toda a regi\u00e3o oeste do estado da Bahia.  <br><br>No contexto nacional, o papel de um programa de p\u00f3s-gradua\u00e7\u00e3o dedicado aos biocombust\u00edveis e seus derivados \u00e9 t\u00e3o importante quanto o papel que pode exercer em n\u00edvel regional. O Brasil \u00e9 o segundo maior produtor de bioetanol do mundo e possui caracter\u00edsticas que lhe permite ampliar a produ\u00e7\u00e3o, a produtividade e o rendimento energ\u00e9tico deste biocombust\u00edvel. O Brasil tamb\u00e9m figura como o segundo maior produtor mundial de biodiesel e projeta expans\u00e3o para os pr\u00f3ximos anos. Por sua dimens\u00e3o continental, apresenta diversidade bot\u00e2nica, edafoclim\u00e1tica e sociocultural que permite a diversifica\u00e7\u00e3o de culturas energ\u00e9ticas para o abastecimento do mercado de agroenergia. Virtualmente, todas as regi\u00f5es do Brasil apresentam potencial para a produ\u00e7\u00e3o de bioenergia. Existem hoje no Brasil cerca de 400 usinas de produ\u00e7\u00e3o de \u00e1lcool combust\u00edvel e 60 plantas industriais de biodiesel. O Brasil \u00e9 um dos poucos pa\u00edses do mundo que j\u00e1 possui em funcionamento plantas de etanol de segunda gera\u00e7\u00e3o, que utilizam res\u00edduos agr\u00edcolas para a produ\u00e7\u00e3o bioetanol. Pelo que foi posto, esperamos como programa poder contribuir com a gera\u00e7\u00e3o de conhecimento e recursos humanos qualificados. <br><br>As atividades do PPG-Biocombust\u00edveis tamb\u00e9m faz interse\u00e7\u00e3o com os movimentos e transforma\u00e7\u00e3o que ocorrem no globo e que envolvem a participa\u00e7\u00e3o dos biocombust\u00edveis como parte da solu\u00e7\u00e3o para quest\u00f5es econ\u00f4micas, geopol\u00edticas e ambientais. Na 22\u00aa Confer\u00eancia das Partes na Conven\u00e7\u00e3o-Quadro da ONU sobre Mudan\u00e7a do Clima \u2013 COP-22, o Brasil ratificou o Acordo de Paris (COP 21) e se comprometeu em reduzir em 43% a emiss\u00e3o de gases do efeito estufa at\u00e9 2030 e, como parte das a\u00e7\u00f5es para o desiderato, aumentar a participa\u00e7\u00e3o de bioenergia sustent\u00e1vel na matriz energ\u00e9tica brasileira para aproximadamente 18% at\u00e9 2030, expandindo o consumo de biocombust\u00edveis, aumentando a oferta de etanol, inclusive por meio do aumento da parcela de biocombust\u00edveis avan\u00e7ados (segunda gera\u00e7\u00e3o), e aumentando a parcela de biodiesel na mistura do diesel (Plataforma BioFuturo \u2013 MMA). <\/p>\n\n\n\n<\/div>\n\n\n\n<p><\/p>\n\n\n\n<span class=\"collapseomatic \" id=\"id69defaec08ad4\"  tabindex=\"0\" title=\"&lt;strong&gt;DADOS CADASTRAIS&lt;\/strong&gt;\"    ><strong>DADOS CADASTRAIS<\/strong><\/span><div id=\"target-id69defaec08ad4\" class=\"collapseomatic_content \">   <\/p>\n\n\n\n<p class=\"justify\"><strong>Nome<\/strong>:  Programa de P\u00f3s-Gradua\u00e7\u00e3o em Biocombust\u00edveis &#8211; PPGBiocomb<br><strong>C\u00f3digo<\/strong>: 32010010010P5<br><strong>\u00c1rea B\u00e1sica: <\/strong>Biotecnologia (90400003)<br><strong>\u00c1rea de Avalia\u00e7\u00e3o:<\/strong> Biotecnologia<br><strong>Modalidades<\/strong>: Mestrado e Doutorado Acad\u00eamico<br><strong>Nota do curso de Doutorado:<\/strong> 3<br><strong>Nota do curso de Mestrado: <\/strong>3<\/p>\n\n\n\n<p>  <\/div>\n\n\n\n<p><\/p>\n\n\n\n<span class=\"collapseomatic \" id=\"id69defaec08c60\"  tabindex=\"0\" title=\"&lt;strong&gt;LINHAS DE PESQUISA&lt;\/strong&gt;\"    ><strong>LINHAS DE PESQUISA<\/strong><\/span><div id=\"target-id69defaec08c60\" class=\"collapseomatic_content \">    <\/p>\n\n\n\n<p class=\"justify\">1 &#8211; Biomassas energ\u00e9ticas: ci\u00eancia e tecnologia<br>2 &#8211; Processos qu\u00edmicos e bioqu\u00edmicos aplicados \u00e0 convers\u00e3o de biomassas a biocombust\u00edveis<br>3 &#8211; Produtos e Coprodutos<br>4 &#8211; Ambiente e Sustentabilidade<\/p>\n\n\n\n<p>\n\n<\/div>\n\n\n\n<p><\/p>\n\n\n\n<span class=\"collapseomatic \" id=\"id69defaec08dd5\"  tabindex=\"0\" title=\"&lt;strong&gt;CONTATO&lt;\/strong&gt;\"    ><strong>CONTATO<\/strong><\/span><div id=\"target-id69defaec08dd5\" class=\"collapseomatic_content \"> <\/p>\n\n\n\n<p class=\"justify\"><strong>NA UFVJM<\/strong><br><strong><br><\/strong><em><strong>Secretaria&nbsp;do Programa de P\u00f3s-Gradua\u00e7\u00e3o em Biocombust\u00edveis<\/strong><\/em><br><strong><br><em>Endere\u00e7o: <\/em><\/strong>UFVJM, Campus JK \u2013 Pr\u00e9dio&nbsp;de Pesquisa e Ensino em Biocombust\u00edveis \u2013 Rodovia MGT 367 \u2013 Km 583, n\u00ba 5000 \u2013 Alto da Jacuba \u2013 CEP 39100-000 \u2013 Diamantina\/MG<br><em><strong>Secret\u00e1ria do programa: <\/strong><\/em>Juscilene de F\u00e1tima Neves<br><em><strong>Telefone: <\/strong><\/em>+55 (38) 3532-1200&nbsp;\/ ramal: 8380<br><em><strong>E-mail:<\/strong><\/em>&nbsp;<a href=\"mailto:biocombsecretaria@gmail.com \"><strong>biocombsecretaria@gmail.com <\/strong><\/a><br><br><strong>NA UFU<\/strong><br><strong><br><em>Endere\u00e7o:<\/em><\/strong> Campus Santa M\u00f4nica, Bloco 5I, piso superior, Av. Jo\u00e3o Naves de \u00c1vila no&nbsp;2121, 38400-902, Uberl\u00e2ndia, Minas Gerais.<br><em><strong>Secret\u00e1rio: <\/strong><\/em>Gabriel Fonseca Rezende<br><em><strong>Telefone<\/strong><\/em> : +55 34 3239-4434<br><em><strong>E-mail:<\/strong><\/em> <a href=\"mailto:ppbic@iqufu.ufu.br \"><strong>ppbic@iqufu.ufu.br <\/strong><\/a><\/p>\n\n\n\n<p>\n\n <\/div>\n\n\n\n<p><\/p>\n\n\n\n<span class=\"collapseomatic \" id=\"id69defaec08f74\"  tabindex=\"0\" title=\"&lt;strong&gt;MAIS INFORMA\u00c7\u00d5ES&lt;\/strong&gt;\"    ><strong>MAIS INFORMA\u00c7\u00d5ES<\/strong><\/span><div id=\"target-id69defaec08f74\" class=\"collapseomatic_content \">  <\/p>\n\n\n\n<p>S\u00edtio Eletr\u00f4nico:  <a href=\"http:\/\/site.ufvjm.edu.br\/ppgbiocomb \"><strong>http:\/\/site.ufvjm.edu.br\/ppgbiocomb <\/strong><\/a><br>E-mail:  <a href=\"mailto:biocombsecretaria@gmail.com\"><strong>biocombsecretaria@gmail.com<\/strong><\/a> <\/p>\n\n\n\n<p>\n\n<\/div>\n\n\n\n<p><\/p>\n\n\n\n<span class=\"collapseomatic \" id=\"id69defaec090ea\"  tabindex=\"0\" title=\"&lt;strong&gt;COORDENA\u00c7\u00c3O&lt;\/strong&gt;\"    ><strong>COORDENA\u00c7\u00c3O<\/strong><\/span><div id=\"target-id69defaec090ea\" class=\"collapseomatic_content \"> <\/p>\n\n\n\n<p><strong><a href=\"https:\/\/www4.ict.ufvjm.edu.br\/?page_id=324\">Coordena\u00e7\u00e3o do Curso<\/a><\/strong><\/p>\n\n\n\n<\/div>\n","protected":false},"excerpt":{"rendered":"<p>Expandir todos\u2003\u2003 Recolher todos O Programa de P\u00f3s-gradua\u00e7\u00e3o em Biocombust\u00edveis \u00e9 produto de associa\u00e7\u00e3o ampla entre a Universidade Federal dos Vales do Jequitinhonha e Mucuri (UFVJM) e a Universidade Federal de Uberl\u00e2ndia (UFU). Os cursos de Mestrado Acad\u00eamico e Doutorado do PPG-Biocombust\u00edveis iniciaram suas atividades em mar\u00e7o de 2013, \u00e9poca em que figurava como \u00fanico [&hellip;]<\/p>\n","protected":false},"author":1,"featured_media":0,"parent":172,"menu_order":0,"comment_status":"closed","ping_status":"closed","template":"","meta":{"_exactmetrics_skip_tracking":false,"_exactmetrics_sitenote_active":false,"_exactmetrics_sitenote_note":"","_exactmetrics_sitenote_category":0,"footnotes":""},"class_list":["post-243","page","type-page","status-publish","hentry"],"_links":{"self":[{"href":"https:\/\/www.ict.ufvjm.edu.br\/index.php?rest_route=\/wp\/v2\/pages\/243","targetHints":{"allow":["GET"]}}],"collection":[{"href":"https:\/\/www.ict.ufvjm.edu.br\/index.php?rest_route=\/wp\/v2\/pages"}],"about":[{"href":"https:\/\/www.ict.ufvjm.edu.br\/index.php?rest_route=\/wp\/v2\/types\/page"}],"author":[{"embeddable":true,"href":"https:\/\/www.ict.ufvjm.edu.br\/index.php?rest_route=\/wp\/v2\/users\/1"}],"replies":[{"embeddable":true,"href":"https:\/\/www.ict.ufvjm.edu.br\/index.php?rest_route=%2Fwp%2Fv2%2Fcomments&post=243"}],"version-history":[{"count":12,"href":"https:\/\/www.ict.ufvjm.edu.br\/index.php?rest_route=\/wp\/v2\/pages\/243\/revisions"}],"predecessor-version":[{"id":1395,"href":"https:\/\/www.ict.ufvjm.edu.br\/index.php?rest_route=\/wp\/v2\/pages\/243\/revisions\/1395"}],"up":[{"embeddable":true,"href":"https:\/\/www.ict.ufvjm.edu.br\/index.php?rest_route=\/wp\/v2\/pages\/172"}],"wp:attachment":[{"href":"https:\/\/www.ict.ufvjm.edu.br\/index.php?rest_route=%2Fwp%2Fv2%2Fmedia&parent=243"}],"curies":[{"name":"wp","href":"https:\/\/api.w.org\/{rel}","templated":true}]}}