{"id":1908,"date":"2019-11-05T23:27:42","date_gmt":"2019-11-06T01:27:42","guid":{"rendered":"https:\/\/www4.ict.ufvjm.edu.br\/?page_id=1908"},"modified":"2025-04-01T07:53:22","modified_gmt":"2025-04-01T10:53:22","slug":"coordenadores-de-estagio","status":"publish","type":"page","link":"https:\/\/www.ict.ufvjm.edu.br\/?page_id=1908","title":{"rendered":"Coordena\u00e7\u00f5es de Est\u00e1gio"},"content":{"rendered":"\n<h3 class=\"wp-block-heading\"><strong>Ci\u00eancia e Tecnologia (BCT)<\/strong><\/h3>\n\n\n\n<p><strong>Prof. <strong>Ricardo Lu\u00eds dos Reis<\/strong><\/strong><em><strong> (Coordenador)<\/strong><\/em><br><strong>Prof. Leonardo Gomes<\/strong><em><strong> (Vice-Coordenador)<\/strong><\/em><br>Portaria N<sup>o<\/sup> 117\/ICT, de 06 de dezembro de 2023<br>Mandato: 06\/12\/2023 a 05\/12\/2025<br>Fone: (38) 3532-1214 \/  8442 (Ricardo) \/ 8435 (Leonardo)<br>Sala  236\/ICT (Ricardo) e 229\/ICT (Leonardo)<br>E-mail:  <strong><a href=\"mailto:ricardo.reis@ict.ufvjm.edu.br\">ricardo.reis@ict.ufvjm.edu.br<\/a><\/strong> ou <a href=\"mailto:leonardo.gomes@ict.ufvjm.edu.br\"><strong>leonardo.gomes@ict.ufvjm.edu.br<\/strong><\/a><\/p>\n\n\n\n<hr class=\"wp-block-separator has-css-opacity\"\/>\n\n\n\n<h3 class=\"wp-block-heading\"><strong>Engenharia de Alimentos<\/strong><\/h3>\n\n\n\n<p><strong>Profa. Giselle Pereira Cardoso<em><strong> <\/strong><\/em><\/strong><em><strong>(Coordenadora)<\/strong><\/em><strong><br>Profa. Raquel Guidetti Vendrusculo <\/strong><em><strong>(Vice-Coordenadora)<\/strong><\/em><strong><br><\/strong>Portaria\/ICT N\u00ba 762, de 17 de abril de 2024<br>Mandato: 18\/04\/2024 a 17\/04\/2026&nbsp;<br>Fone: (38) 3532-1200 \/ 8370 (Giselle) \/ 8376 (Raquel)<br>Sala 326\/ICT (Giselle) e 318\/ICT (Raquel)<br>E-mail:<strong> <\/strong><a rel=\"noreferrer noopener\" href=\"mailto:estagioeal@ict.ufvjm.edu.br\" target=\"_blank\"><strong>estagioeal@ict.ufvjm.edu.br<\/strong><\/a><\/p>\n\n\n\n<hr class=\"wp-block-separator has-css-opacity\"\/>\n\n\n\n<h3 class=\"wp-block-heading\">Engenharia Geol\u00f3gica<\/h3>\n\n\n\n<p><strong>Prof. Juliano Alves Senna <\/strong><em><strong>(Coordenador)<\/strong><\/em><br><strong>Prof. L\u00facio Mauro Soares Fraga <\/strong><em><strong>(Vice-Coordenador)<\/strong><\/em><strong><br><\/strong>Portaria N<sup>o<\/sup> 52\/ICT, de 14 de julho de 2023<br>Mandato: 17\/07\/2023 a 16\/07\/2025<br>Fone: (38) 3532-1214 \/ 8451<br>Sala: Pr\u00e9dio do CEGEO<br>E-mail:<strong> <\/strong><a href=\"mailto:jsenna@ict.ufvjm.edu.br\"><strong>jsenna@ict.ufvjm.edu.br<\/strong><\/a> ou <a href=\"mailto:luciofraga@ict.ufvjm.edu.br\"><strong>luciofraga@ict.ufvjm.edu.br<\/strong><\/a><\/p>\n\n\n\n<hr class=\"wp-block-separator has-css-opacity\"\/>\n\n\n\n<h2 class=\"wp-block-heading\"><strong>Engenharia Mec\u00e2nica<\/strong><\/h2>\n\n\n\n<p><strong>Prof<\/strong>. <strong>Mois\u00e9s de Matos Torres<\/strong><em><strong> (Coordenador)<\/strong><\/em><br><strong>Prof. <\/strong> <strong>Elton Di\u00eago Bonif\u00e1cio <\/strong><em><strong>(Vice-Coordenador)<\/strong><\/em> <strong><br><\/strong>Portaria\/ICT N<sup>o<\/sup> 142, de 01 de dezembro de 2022<br>Mandato: 01\/12\/2022 a 30\/11\/2024<br>Fone: (38) 3532-1214 \/ 8386 (Mois\u00e9s) \/ 8392 (Elton)<br>Sala 301\/ICT (Mois\u00e9s) e 302\/ICT (Elton)<br>E-mail: <a href=\"mailto:estagio.mecanica@ict.ufvjm.edu.br\"><strong>estagio.mecanica@ict.ufvjm.edu.br<\/strong><\/a>  <\/p>\n\n\n\n<hr class=\"wp-block-separator has-css-opacity\"\/>\n\n\n\n<h2 class=\"wp-block-heading\"><strong>Engenharia&nbsp;Qu\u00edmica<\/strong><\/h2>\n\n\n\n<p><strong>Prof. Matheus Henrique Granzotto <em>(Coordenador)<\/em><\/strong><br><strong>Prof. Rog\u00e9rio Alexandre Alves de Melo <em>(Vice-Coordenador)<\/em><br><\/strong>Portaria\/ICT N<sup>o<\/sup> 25, de 27 de mar\u00e7o de 2025<br>Mandato: 27\/03\/2025\u00a0a 26\/03\/2027 <br>Fone: (38) 3532-1214 \/  8436 (Matheus) \/ 8448 (Rog\u00e9rio) <br>Sala:  230\/ICT (Matheus) e 243\/ICT (Rog\u00e9rio)   <br>E-mail: <a href=\"mailto:estagioeq@ict.ufvjm.edu.br\"><strong>estagioeq@ict.ufvjm.edu.br<\/strong><\/a><\/p>\n\n\n\n<hr class=\"wp-block-separator has-css-opacity\"\/>\n","protected":false},"excerpt":{"rendered":"<p>Ci\u00eancia e Tecnologia (BCT) Prof. Ricardo Lu\u00eds dos Reis (Coordenador)Prof. Leonardo Gomes (Vice-Coordenador)Portaria No 117\/ICT, de 06 de dezembro de 2023Mandato: 06\/12\/2023 a 05\/12\/2025Fone: (38) 3532-1214 \/ 8442 (Ricardo) \/ 8435 (Leonardo)Sala 236\/ICT (Ricardo) e 229\/ICT (Leonardo)E-mail: ricardo.reis@ict.ufvjm.edu.br ou leonardo.gomes@ict.ufvjm.edu.br Engenharia de Alimentos Profa. Giselle Pereira Cardoso (Coordenadora)Profa. Raquel Guidetti Vendrusculo (Vice-Coordenadora)Portaria\/ICT N\u00ba 762, de [&hellip;]<\/p>\n","protected":false},"author":2,"featured_media":0,"parent":318,"menu_order":0,"comment_status":"closed","ping_status":"closed","template":"","meta":{"_exactmetrics_skip_tracking":false,"_exactmetrics_sitenote_active":false,"_exactmetrics_sitenote_note":"","_exactmetrics_sitenote_category":0,"footnotes":""},"class_list":["post-1908","page","type-page","status-publish","hentry"],"_links":{"self":[{"href":"https:\/\/www.ict.ufvjm.edu.br\/index.php?rest_route=\/wp\/v2\/pages\/1908","targetHints":{"allow":["GET"]}}],"collection":[{"href":"https:\/\/www.ict.ufvjm.edu.br\/index.php?rest_route=\/wp\/v2\/pages"}],"about":[{"href":"https:\/\/www.ict.ufvjm.edu.br\/index.php?rest_route=\/wp\/v2\/types\/page"}],"author":[{"embeddable":true,"href":"https:\/\/www.ict.ufvjm.edu.br\/index.php?rest_route=\/wp\/v2\/users\/2"}],"replies":[{"embeddable":true,"href":"https:\/\/www.ict.ufvjm.edu.br\/index.php?rest_route=%2Fwp%2Fv2%2Fcomments&post=1908"}],"version-history":[{"count":42,"href":"https:\/\/www.ict.ufvjm.edu.br\/index.php?rest_route=\/wp\/v2\/pages\/1908\/revisions"}],"predecessor-version":[{"id":6483,"href":"https:\/\/www.ict.ufvjm.edu.br\/index.php?rest_route=\/wp\/v2\/pages\/1908\/revisions\/6483"}],"up":[{"embeddable":true,"href":"https:\/\/www.ict.ufvjm.edu.br\/index.php?rest_route=\/wp\/v2\/pages\/318"}],"wp:attachment":[{"href":"https:\/\/www.ict.ufvjm.edu.br\/index.php?rest_route=%2Fwp%2Fv2%2Fmedia&parent=1908"}],"curies":[{"name":"wp","href":"https:\/\/api.w.org\/{rel}","templated":true}]}}