{"id":1709,"date":"2019-10-09T21:28:38","date_gmt":"2019-10-09T23:28:38","guid":{"rendered":"https:\/\/www4.ict.ufvjm.edu.br\/?page_id=1709"},"modified":"2020-07-01T21:53:54","modified_gmt":"2020-07-01T23:53:54","slug":"atletica-das-engenharias-la-furia","status":"publish","type":"page","link":"https:\/\/www.ict.ufvjm.edu.br\/?page_id=1709","title":{"rendered":"Atl\u00e9tica das Engenharias &#8211; La F\u00faria"},"content":{"rendered":"\n<div class=\"wp-block-image\"><figure class=\"alignright is-resized\"><img loading=\"lazy\" decoding=\"async\" src=\"https:\/\/www4.ict.ufvjm.edu.br\/wp-content\/uploads\/2019\/11\/Logo-1-1.jpg\" alt=\"\" class=\"wp-image-1841\" width=\"255\" height=\"255\" srcset=\"https:\/\/www.ict.ufvjm.edu.br\/wp-content\/uploads\/2019\/11\/Logo-1-1.jpg 893w, https:\/\/www.ict.ufvjm.edu.br\/wp-content\/uploads\/2019\/11\/Logo-1-1-150x150.jpg 150w, https:\/\/www.ict.ufvjm.edu.br\/wp-content\/uploads\/2019\/11\/Logo-1-1-300x300.jpg 300w, https:\/\/www.ict.ufvjm.edu.br\/wp-content\/uploads\/2019\/11\/Logo-1-1-768x768.jpg 768w, https:\/\/www.ict.ufvjm.edu.br\/wp-content\/uploads\/2019\/11\/Logo-1-1-350x350.jpg 350w\" sizes=\"auto, (max-width: 255px) 100vw, 255px\" \/><\/figure><\/div>\n\n\n\n<p class=\"justify\">Criada em 22 de Junho de 2014 como proposta de alunos do curso do bacharelado em Ci\u00eancia e Tecnologia da UFVJM, a AAAED, mais conhecida como La Furia, tem por objetivo promover e incentivar a pr\u00e1tica de esportes dentro da comunidade do ICT.<br> <br>Organiza\u00e7\u00e3o estudantil sem fins lucrativos, a La Furia hoje possui CNPJ e atua tamb\u00e9m em a\u00e7\u00f5es sociais dentro de Diamantina. Sua estrutura organizacional \u00e9 de uma empresa junior, e semestralmente s\u00e3o realizados processos seletivos para aquisi\u00e7\u00e3o de novos membros. Abrange al\u00e9m do curso de Ci\u00eancia e Tecnologia, as demais engenharias existentes na UFVJM e tamb\u00e9m agronomia.<br><br> Hoje possui um total de 20 membros entre diretores e assessores, al\u00e9m de abranger em seus times de esportes coletivos e individuais cerca de 300 alunos da comunidade do ICT (entre graduandos e p\u00f3s-graduandos).<br> <br>Associada \u00e0 Liga Esportiva das Engenharias de Minas Gerais (LEEMG), &nbsp;a L\u00e1 Furia tem como principal competi\u00e7\u00e3o o Engenhar\u00edadas Mineiro (as olimp\u00edadas das universidades de engenharia de Minas) e busca a cada ano integrar o m\u00e1ximo de alunos poss\u00edvel a esta experi\u00eancia necess\u00e1ria na gradua\u00e7\u00e3o.<br><br>Voc\u00ea pode ser um membro da atl\u00e9tica como diretor, assessor, atleta ou s\u00f3cio torcedor. Para diretoria e assessoria, s\u00e3o realizados processos seletivos, que se divide em inscri\u00e7\u00f5es &gt; entrevistas &gt; per\u00edodo de treinamento &gt; efetiva\u00e7\u00e3o. Como atleta, s\u00e3o realizadas seletivas para esportes coletivos e individuais. Para associar-se \u00e9 necess\u00e1rio o fornecimento de dados (como matr\u00edcula, RG, nome) e pagamento de uma pequena taxa referente a confec\u00e7\u00e3o da carteira de associa\u00e7\u00e3o (consultar plano s\u00f3cio torcedor).<br><br>Entre em contato conosco atrav\u00e9s dos seguintes canais:<br><br><strong>Nossas redes sociais <br><\/strong><a rel=\"noreferrer noopener\" aria-label=\" (abre numa nova aba)\" href=\"https:\/\/www.instagram.com\/lafuriadtna\/\" target=\"_blank\"><i class=\"fab fa-2x fa-instagram\"><\/i><\/a> <a rel=\"noreferrer noopener\" aria-label=\"&lt;i class=&quot;&quot;fab fa-&quot;facebook&quot;&gt;&lt;\/i&gt; (abre numa nova aba)\" href=\"https:\/\/www.facebook.com\/AtleticaEngenhariasUFVJM\" target=\"_blank\"><i class=\"fab fa-2x fa-facebook\"><\/i><\/a><br><br><i class=\"far fa-2x fa-envelope\"><\/i> <a rel=\"noreferrer noopener\" href=\"mailto:atleticaenge@gmail.com\" target=\"_blank\"><strong>atleticaenge@gmail.com<\/strong><\/a><strong> <\/strong><br><br><i class=\"fas fa-2x fa-map-marker-alt\"><\/i> Sala 02 do Pr\u00e9dio Administrativo 2 (em frente ao pr\u00e9dio do ICT).  Campus JK &#8211;  Rodovia MGT 367 &#8211; Km 583, n\u00ba 5.000. Alto da Jacuba. Diamantina-MG. CEP: 39100-000. <\/p>\n\n\n\n<figure class=\"wp-block-image\"><img loading=\"lazy\" decoding=\"async\" width=\"1024\" height=\"768\" src=\"https:\/\/www4.ict.ufvjm.edu.br\/wp-content\/uploads\/2019\/11\/IMG-20191104-WA0056-1024x768.jpg\" alt=\"\" class=\"wp-image-1864\" srcset=\"https:\/\/www.ict.ufvjm.edu.br\/wp-content\/uploads\/2019\/11\/IMG-20191104-WA0056-1024x768.jpg 1024w, https:\/\/www.ict.ufvjm.edu.br\/wp-content\/uploads\/2019\/11\/IMG-20191104-WA0056-300x225.jpg 300w, https:\/\/www.ict.ufvjm.edu.br\/wp-content\/uploads\/2019\/11\/IMG-20191104-WA0056-768x576.jpg 768w, https:\/\/www.ict.ufvjm.edu.br\/wp-content\/uploads\/2019\/11\/IMG-20191104-WA0056.jpg 1280w\" sizes=\"auto, (max-width: 1024px) 100vw, 1024px\" \/><figcaption> ICT\/UFVJM \u2013 Diamantina-MG \u2013 Time La F\u00faria\u2013 2019<\/figcaption><\/figure>\n","protected":false},"excerpt":{"rendered":"<p>Criada em 22 de Junho de 2014 como proposta de alunos do curso do bacharelado em Ci\u00eancia e Tecnologia da UFVJM, a AAAED, mais conhecida como La Furia, tem por objetivo promover e incentivar a pr\u00e1tica de esportes dentro da comunidade do ICT. Organiza\u00e7\u00e3o estudantil sem fins lucrativos, a La Furia hoje possui CNPJ e [&hellip;]<\/p>\n","protected":false},"author":2,"featured_media":0,"parent":332,"menu_order":20,"comment_status":"closed","ping_status":"closed","template":"","meta":{"_exactmetrics_skip_tracking":false,"_exactmetrics_sitenote_active":false,"_exactmetrics_sitenote_note":"","_exactmetrics_sitenote_category":0,"footnotes":""},"class_list":["post-1709","page","type-page","status-publish","hentry"],"_links":{"self":[{"href":"https:\/\/www.ict.ufvjm.edu.br\/index.php?rest_route=\/wp\/v2\/pages\/1709","targetHints":{"allow":["GET"]}}],"collection":[{"href":"https:\/\/www.ict.ufvjm.edu.br\/index.php?rest_route=\/wp\/v2\/pages"}],"about":[{"href":"https:\/\/www.ict.ufvjm.edu.br\/index.php?rest_route=\/wp\/v2\/types\/page"}],"author":[{"embeddable":true,"href":"https:\/\/www.ict.ufvjm.edu.br\/index.php?rest_route=\/wp\/v2\/users\/2"}],"replies":[{"embeddable":true,"href":"https:\/\/www.ict.ufvjm.edu.br\/index.php?rest_route=%2Fwp%2Fv2%2Fcomments&post=1709"}],"version-history":[{"count":11,"href":"https:\/\/www.ict.ufvjm.edu.br\/index.php?rest_route=\/wp\/v2\/pages\/1709\/revisions"}],"predecessor-version":[{"id":6172,"href":"https:\/\/www.ict.ufvjm.edu.br\/index.php?rest_route=\/wp\/v2\/pages\/1709\/revisions\/6172"}],"up":[{"embeddable":true,"href":"https:\/\/www.ict.ufvjm.edu.br\/index.php?rest_route=\/wp\/v2\/pages\/332"}],"wp:attachment":[{"href":"https:\/\/www.ict.ufvjm.edu.br\/index.php?rest_route=%2Fwp%2Fv2%2Fmedia&parent=1709"}],"curies":[{"name":"wp","href":"https:\/\/api.w.org\/{rel}","templated":true}]}}