{"id":1701,"date":"2019-10-09T21:24:36","date_gmt":"2019-10-09T23:24:36","guid":{"rendered":"https:\/\/www4.ict.ufvjm.edu.br\/?page_id=1701"},"modified":"2024-09-17T17:33:51","modified_gmt":"2024-09-17T20:33:51","slug":"crea-minas-junior","status":"publish","type":"page","link":"https:\/\/www.ict.ufvjm.edu.br\/?page_id=1701","title":{"rendered":"Crea \u2013 Minas J\u00fanior"},"content":{"rendered":"<div class=\"wp-block-image\">\n<figure class=\"alignright is-resized\"><img loading=\"lazy\" decoding=\"async\" src=\"https:\/\/www4.ict.ufvjm.edu.br\/wp-content\/uploads\/2019\/10\/LOGO-PNG-COLORIDA-CREA-JR-MG-NUCLEO-DIAMANTINA-1-1024x301.png\" alt=\"\" class=\"wp-image-1725\" width=\"407\" height=\"119\" srcset=\"https:\/\/www.ict.ufvjm.edu.br\/wp-content\/uploads\/2019\/10\/LOGO-PNG-COLORIDA-CREA-JR-MG-NUCLEO-DIAMANTINA-1-1024x301.png 1024w, https:\/\/www.ict.ufvjm.edu.br\/wp-content\/uploads\/2019\/10\/LOGO-PNG-COLORIDA-CREA-JR-MG-NUCLEO-DIAMANTINA-1-300x88.png 300w, https:\/\/www.ict.ufvjm.edu.br\/wp-content\/uploads\/2019\/10\/LOGO-PNG-COLORIDA-CREA-JR-MG-NUCLEO-DIAMANTINA-1-768x226.png 768w\" sizes=\"auto, (max-width: 407px) 100vw, 407px\" \/><\/figure>\n<\/div>\n\n\n<p class=\"justify\">O Crea-Minas J\u00fanior, \u00e9 um grupo de trabalho do Conselho Regional de Engenharia, e Agronomia de Minas Gerias (Crea-Minas), que tem por finalidade criar um s\u00f3lido elo de liga\u00e7\u00e3o entre este conselho e os futuros profissionais bem como atuar fortemente na forma\u00e7\u00e3o de jovens lideran\u00e7as e promo\u00e7\u00e3o da valoriza\u00e7\u00e3o profissional.<br><br>O Crea-Minas J\u00fanior promove discuss\u00f5es, debates, palestras, semin\u00e1rios e visitas t\u00e9cnicas sobre temas relacionados com as diversas profiss\u00f5es tecnol\u00f3gicas. Mais do que um espa\u00e7o para debater temas nacionais e, com isso, contribuir para o desenvolvimento do pa\u00eds, transformou-se em um eficiente canal de interlocu\u00e7\u00e3o dos futuros profissionais e rec\u00e9m-formados com o Conselho.<br><br>O Crea-Minas J\u00fanior tem como objetivo: <\/p>\n\n\n\n<ul class=\"justify wp-block-list\">\n<li>Aproximar o Crea-Minas dos estudantes, destacando a sua fun\u00e7\u00e3o e sua import\u00e2ncia na vida profissional; dar assessoria aos estudantes e rec\u00e9m-formados em suas rela\u00e7\u00f5es como mercado de trabalho; <\/li>\n\n\n\n<li>Apoiar movimentos empreendedores estudantis; <\/li>\n\n\n\n<li>Enfatizar a \u00e9tica profissional; <\/li>\n\n\n\n<li>Discutir o futuro e o papel social dos profissionais do Crea-Minas;<\/li>\n\n\n\n<li>Implementar a\u00e7\u00f5es sociais; <\/li>\n\n\n\n<li>Divulgar, atrav\u00e9s dos canais de comunica\u00e7\u00e3o, suas atividades e eventos; <\/li>\n\n\n\n<li>Captar e redirecionar est\u00e1gios aos estudantes;<\/li>\n\n\n\n<li>Oferecer abertura aos movimentos empreendedores estudantis cadastrados;<\/li>\n\n\n\n<li>Fornecer informa\u00e7\u00f5es sobre exerc\u00edcio da profiss\u00e3o; <\/li>\n\n\n\n<li>Organizar e promover eventos de acordo com suas finalidades;<\/li>\n\n\n\n<li>Manter rela\u00e7\u00e3o estreita com os \u00f3rg\u00e3os colegiados.  <\/li>\n<\/ul>\n\n\n\n<p class=\"justify\"><strong>Mais informa\u00e7\u00f5es:<br><\/strong><a rel=\"noreferrer noopener\" aria-label=\" (abre numa nova aba)\" href=\"https:\/\/instagram.com\/creajrmgdiamantina\" target=\"_blank\"><i class=\"fab fa-2x fa-instagram\"><\/i><\/a> <a rel=\"noreferrer noopener\" aria-label=\"&lt;i class=&quot;&quot;fab fa-&quot;facebook&quot;&gt;&lt;\/i&gt; (abre numa nova aba)\" href=\"https:\/\/www.facebook.com\/CreaJrMGDiamantina\" target=\"_blank\"><i class=\"fab fa-2x fa-facebook\"><\/i><\/a><br><br><i class=\"far fa-2x fa-envelope\"><\/i><a href=\"mailto:diamantina.creaminasjr@gmail.com\"><strong>diamantina.creaminasjr@ict.ufvjm.edu.br<\/strong><\/a><\/p>\n\n\n\n<p class=\"justify\"><i class=\"fa fa-2x fa-file-pdf\"><\/i> <a href=\"https:\/\/www.ict.ufvjm.edu.br\/wp-content\/uploads\/2024\/09\/Regimento-Interno-CREA-MINAS-JUNIOR-NUCLEO-DIAMANTINA.pdf\" target=\"_blank\" rel=\"noreferrer noopener\">Regimento<\/a><br><br><i class=\"fas fa-2x fa-map-marker-alt\"><\/i> Sala 304 do Pr\u00e9dio do Instituto de Ci\u00eancia e Tecnologia.  Campus JK &#8211;  Rodovia MGT 367 &#8211; Km 583, n\u00ba 5.000. Alto da Jacuba. Diamantina-MG. CEP: 39100-000.<\/p>\n","protected":false},"excerpt":{"rendered":"<p>O Crea-Minas J\u00fanior, \u00e9 um grupo de trabalho do Conselho Regional de Engenharia, e Agronomia de Minas Gerias (Crea-Minas), que tem por finalidade criar um s\u00f3lido elo de liga\u00e7\u00e3o entre este conselho e os futuros profissionais bem como atuar fortemente na forma\u00e7\u00e3o de jovens lideran\u00e7as e promo\u00e7\u00e3o da valoriza\u00e7\u00e3o profissional. O Crea-Minas J\u00fanior promove discuss\u00f5es, [&hellip;]<\/p>\n","protected":false},"author":2,"featured_media":0,"parent":332,"menu_order":50,"comment_status":"closed","ping_status":"closed","template":"","meta":{"_exactmetrics_skip_tracking":false,"_exactmetrics_sitenote_active":false,"_exactmetrics_sitenote_note":"","_exactmetrics_sitenote_category":0,"footnotes":""},"class_list":["post-1701","page","type-page","status-publish","hentry"],"_links":{"self":[{"href":"https:\/\/www.ict.ufvjm.edu.br\/index.php?rest_route=\/wp\/v2\/pages\/1701","targetHints":{"allow":["GET"]}}],"collection":[{"href":"https:\/\/www.ict.ufvjm.edu.br\/index.php?rest_route=\/wp\/v2\/pages"}],"about":[{"href":"https:\/\/www.ict.ufvjm.edu.br\/index.php?rest_route=\/wp\/v2\/types\/page"}],"author":[{"embeddable":true,"href":"https:\/\/www.ict.ufvjm.edu.br\/index.php?rest_route=\/wp\/v2\/users\/2"}],"replies":[{"embeddable":true,"href":"https:\/\/www.ict.ufvjm.edu.br\/index.php?rest_route=%2Fwp%2Fv2%2Fcomments&post=1701"}],"version-history":[{"count":10,"href":"https:\/\/www.ict.ufvjm.edu.br\/index.php?rest_route=\/wp\/v2\/pages\/1701\/revisions"}],"predecessor-version":[{"id":6159,"href":"https:\/\/www.ict.ufvjm.edu.br\/index.php?rest_route=\/wp\/v2\/pages\/1701\/revisions\/6159"}],"up":[{"embeddable":true,"href":"https:\/\/www.ict.ufvjm.edu.br\/index.php?rest_route=\/wp\/v2\/pages\/332"}],"wp:attachment":[{"href":"https:\/\/www.ict.ufvjm.edu.br\/index.php?rest_route=%2Fwp%2Fv2%2Fmedia&parent=1701"}],"curies":[{"name":"wp","href":"https:\/\/api.w.org\/{rel}","templated":true}]}}