{"id":1689,"date":"2019-10-09T21:11:28","date_gmt":"2019-10-09T23:11:28","guid":{"rendered":"https:\/\/www4.ict.ufvjm.edu.br\/?page_id=1689"},"modified":"2024-09-17T17:58:05","modified_gmt":"2024-09-17T20:58:05","slug":"grupo-de-estudos-e-desenvolvimento-de-idiomas-gedi","status":"publish","type":"page","link":"https:\/\/www.ict.ufvjm.edu.br\/?page_id=1689","title":{"rendered":"Grupo de Estudos e Desenvolvimento de Idiomas \u2013 GEDI"},"content":{"rendered":"<div class=\"wp-block-image\">\n<figure class=\"alignright is-resized\"><img loading=\"lazy\" decoding=\"async\" src=\"https:\/\/www4.ict.ufvjm.edu.br\/wp-content\/uploads\/2019\/10\/Logo-GEDI-original-866x1024.png\" alt=\"\" class=\"wp-image-1692\" width=\"260\" height=\"305\"\/><\/figure>\n<\/div>\n\n\n<p class=\"justify\">O Grupo de Estudos e Desenvolvimento de Idiomas da Universidade Federal dos Vales do Jequitinhonha e Mucuri (GEDI\/UFVJM) \u00e9 caracterizado como um Projeto de Pesquisa e Ensino que pretende, atrav\u00e9s de uma abordagem comunicativa, instrumentalizar o aprendiz a se comunicar e adquirir uma compet\u00eancia eficiente em diferentes linguagens. O grupo foi idealizado em julho de 2015, por iniciativa de uma docente do curso de Ci\u00eancia e Tecnologia (BCT) e dois discentes, um do BCT e outro do curso de Sistemas de Informa\u00e7\u00f5es da UFVJM.<br><br>O GEDI\/UFVJM tem por objetivo aprimorar os conhecimentos em uma linguagem na tentativa de ampliar a efici\u00eancia de t\u00e9cnicas de leitura instrumental, bem como o desenvolvimento da escrita para fins acad\u00eamicos. Utilizando alunos que participaram de programas de interc\u00e2mbio cultural ou que dominam uma linguagem como tutores volunt\u00e1rios no processo ensino aprendizagem. Dedicando uma aten\u00e7\u00e3o especial para a comunica\u00e7\u00e3o oral em ambientes cient\u00edficos e do mundo do trabalho.<br><br>As tutorias oferecidas s\u00e3o pr\u00e1ticas de 3h semanais, que se dividem em 1h40min presencial e 1h20min virtual, para que os aprendizes aperfei\u00e7oem e\/ou aprendam uma linguagem, com o aux\u00edlio de tutores que j\u00e1 obtiveram essa experi\u00eancia. S\u00e3o ofertados tamb\u00e9m eventos e oficinas que estimulem o desenvolvimento de um idioma estrangeiro.<br><br>Todo semestre \u00e9 feito a sele\u00e7\u00e3o de aprendizes para as tutorias dispon\u00edveis. Mais informa\u00e7\u00f5es podem ser encontradas em nossas redes sociais.<br><br><strong>Nossas redes sociais <br><\/strong><a rel=\"noreferrer noopener\" aria-label=\"&lt;i class=&quot;&quot;fab fa-&quot;instagram&quot;&quot;&gt;&lt;\/i&gt; (abre numa nova aba)\" href=\"https:\/\/www.instagram.com\/gedi.ict\/\" target=\"_blank\"><i class=\"fab fa-2x fa-instagram\"><\/i><\/a> <a rel=\"noreferrer noopener\" aria-label=\"&lt;i class=&quot;&quot;fab fa-&quot;facebook&quot;&gt;&lt;\/i&gt; (abre numa nova aba)\" href=\"https:\/\/www.facebook.com\/gediufvjm\/\" target=\"_blank\"><i class=\"fab fa-2x fa-facebook\"><\/i><\/a><br><br><i class=\"far fa-2x fa-envelope\"><\/i> <a href=\"mailto:gedi@ict.ufvjm.edu.br\"><strong>gedi@ict.ufvjm.edu.br<\/strong><\/a><\/p>\n\n\n\n<p class=\"justify\">Conhe\u00e7a nosso <a href=\"https:\/\/www.ict.ufvjm.edu.br\/wp-content\/uploads\/2024\/09\/Estatuto-GEDI.pdf\" target=\"_blank\" rel=\"noreferrer noopener\">Estatuto<\/a>.<br><br><i class=\"fas fa-2x fa-map-marker-alt\"><\/i> Sala 213 e 214 do Pr\u00e9dio do Instituto de Ci\u00eancia e Tecnologia. Campus JK &#8211;  Rodovia MGT 367 &#8211; Km 583, n\u00ba 5.000. Alto da Jacuba. Diamantina-MG. CEP: 39100-000.   <\/p>\n\n\n\n<figure class=\"wp-block-image\"><img loading=\"lazy\" decoding=\"async\" width=\"1024\" height=\"725\" src=\"https:\/\/www4.ict.ufvjm.edu.br\/wp-content\/uploads\/2019\/10\/WhatsApp-Image-2019-10-09-at-13.44.50-1024x725.jpeg\" alt=\"\" class=\"wp-image-1691\" srcset=\"https:\/\/www.ict.ufvjm.edu.br\/wp-content\/uploads\/2019\/10\/WhatsApp-Image-2019-10-09-at-13.44.50-1024x725.jpeg 1024w, https:\/\/www.ict.ufvjm.edu.br\/wp-content\/uploads\/2019\/10\/WhatsApp-Image-2019-10-09-at-13.44.50-300x212.jpeg 300w, https:\/\/www.ict.ufvjm.edu.br\/wp-content\/uploads\/2019\/10\/WhatsApp-Image-2019-10-09-at-13.44.50-768x544.jpeg 768w, https:\/\/www.ict.ufvjm.edu.br\/wp-content\/uploads\/2019\/10\/WhatsApp-Image-2019-10-09-at-13.44.50.jpeg 1280w\" sizes=\"auto, (max-width: 1024px) 100vw, 1024px\" \/><figcaption class=\"wp-element-caption\">  ICT\/UFVJM &#8211; Diamantina-MG &#8211; Time GEDI &#8211; 2019  <\/figcaption><\/figure>\n","protected":false},"excerpt":{"rendered":"<p>O Grupo de Estudos e Desenvolvimento de Idiomas da Universidade Federal dos Vales do Jequitinhonha e Mucuri (GEDI\/UFVJM) \u00e9 caracterizado como um Projeto de Pesquisa e Ensino que pretende, atrav\u00e9s de uma abordagem comunicativa, instrumentalizar o aprendiz a se comunicar e adquirir uma compet\u00eancia eficiente em diferentes linguagens. O grupo foi idealizado em julho de [&hellip;]<\/p>\n","protected":false},"author":2,"featured_media":0,"parent":332,"menu_order":140,"comment_status":"closed","ping_status":"closed","template":"","meta":{"_exactmetrics_skip_tracking":false,"_exactmetrics_sitenote_active":false,"_exactmetrics_sitenote_note":"","_exactmetrics_sitenote_category":0,"footnotes":""},"class_list":["post-1689","page","type-page","status-publish","hentry"],"_links":{"self":[{"href":"https:\/\/www.ict.ufvjm.edu.br\/index.php?rest_route=\/wp\/v2\/pages\/1689","targetHints":{"allow":["GET"]}}],"collection":[{"href":"https:\/\/www.ict.ufvjm.edu.br\/index.php?rest_route=\/wp\/v2\/pages"}],"about":[{"href":"https:\/\/www.ict.ufvjm.edu.br\/index.php?rest_route=\/wp\/v2\/types\/page"}],"author":[{"embeddable":true,"href":"https:\/\/www.ict.ufvjm.edu.br\/index.php?rest_route=\/wp\/v2\/users\/2"}],"replies":[{"embeddable":true,"href":"https:\/\/www.ict.ufvjm.edu.br\/index.php?rest_route=%2Fwp%2Fv2%2Fcomments&post=1689"}],"version-history":[{"count":7,"href":"https:\/\/www.ict.ufvjm.edu.br\/index.php?rest_route=\/wp\/v2\/pages\/1689\/revisions"}],"predecessor-version":[{"id":6176,"href":"https:\/\/www.ict.ufvjm.edu.br\/index.php?rest_route=\/wp\/v2\/pages\/1689\/revisions\/6176"}],"up":[{"embeddable":true,"href":"https:\/\/www.ict.ufvjm.edu.br\/index.php?rest_route=\/wp\/v2\/pages\/332"}],"wp:attachment":[{"href":"https:\/\/www.ict.ufvjm.edu.br\/index.php?rest_route=%2Fwp%2Fv2%2Fmedia&parent=1689"}],"curies":[{"name":"wp","href":"https:\/\/api.w.org\/{rel}","templated":true}]}}