{"id":1674,"date":"2019-10-07T19:32:54","date_gmt":"2019-10-07T21:32:54","guid":{"rendered":"https:\/\/www4.ict.ufvjm.edu.br\/?page_id=1674"},"modified":"2024-09-17T17:44:50","modified_gmt":"2024-09-17T20:44:50","slug":"avanco-empresa-junior","status":"publish","type":"page","link":"https:\/\/www.ict.ufvjm.edu.br\/?page_id=1674","title":{"rendered":"Avan\u00e7o Empresa J\u00fanior"},"content":{"rendered":"<div class=\"wp-block-image\">\n<figure class=\"alignright\"><img loading=\"lazy\" decoding=\"async\" width=\"293\" height=\"173\" src=\"https:\/\/www4.ict.ufvjm.edu.br\/wp-content\/uploads\/2019\/10\/image-2.png\" alt=\"\" class=\"wp-image-1679\"\/><\/figure>\n<\/div>\n\n\n<p class=\"justify\">A Avan\u00e7o Projetos &amp; Consultoria \u00e9 a Empresa J\u00fanior das Engenharias e Ci\u00eancia e Tecnologia da UFVJM. Fundada em 12 de a gosto de 2013, a empresa conta com a presen\u00e7a dos alunos de gradua\u00e7\u00e3o dos cursos de Engenharia de Alimentos, Mec\u00e2nica, Qu\u00edmica e Ci\u00eancia e Tecnologia. Sem fins lucrativos, a empresa se baseia apenas ao cunho educacional, tecnol\u00f3gico, cient\u00edfico e social. De fato, ser um empres\u00e1rio j\u00fanior \u00e9 uma boa experi\u00eancia na universidade, pois al\u00e9m de motivar os estudantes e ensinar habilidades n\u00e3o aprendidas em sala de aula, ser membro de uma empresa j\u00fanior, faz com que o estudante se aproxime da vida real de um empres\u00e1rio. \u00a0<br><br>O seu principal objetivo \u00e9 dar a sociedade um retorno de seu investimento na Universidade atrav\u00e9s de estudos e projetos de qualidade a pre\u00e7os acess\u00edveis, com a miss\u00e3o de prestar servi\u00e7os de excel\u00eancia que atendam Diamantina e regi\u00e3o, formando profissionais empreendedores. <br><br>Para que possa ingressar na empresa, os candidatos passam por um processo seletivo, que conta com as etapas de: inscri\u00e7\u00e3o, teste de conhecimentos, din\u00e2mica em grupo, entrevista e processo trainee. A primeira etapa tem como objetivo verificar se os pretendentes a vaga possuem algum conhecimento espec\u00edfico sobre a empresa, o MEJ, testes de racioc\u00ednio l\u00f3gico e cases com solu\u00e7\u00f5es baseadas nos servi\u00e7os da empresa. A etapa seguinte \u00e9 a din\u00e2mica, que se trata de uma atividade desenvolvida para observar o perfil comportamental do candidato. Realizada a din\u00e2mica, \u00e9 feita a entrevista, onde \u00e9 permitido que o avaliador conhe\u00e7a melhor o candidato, conhecendo melhor as suas experi\u00eancias e caracter\u00edsticas. Por fim, aprovado em todas as etapas anteriores, o candidato passa para o processo trainee, onde ter\u00e1 contato real com as atividades da empresa, e assim conforme o desempenho de cada um, o candidato poder\u00e1 ser efetivado. <br><br>Conhe\u00e7a mais sobre a Avan\u00e7o Projetos &amp; Consultoria em <strong><a rel=\"noreferrer noopener\" aria-label=\"avancoej.com.br (abre numa nova aba)\" href=\"http:\/\/www.avancoej.com.br\" target=\"_blank\">avancoej.com.br<\/a><\/strong><br><br><strong>Nossas redes sociais<br><\/strong><a rel=\"noreferrer noopener\" aria-label=\" (abre numa nova aba)\" href=\"https:\/\/www.instagram.com\/avancoej\" target=\"_blank\"><i class=\"fab fa-2x fa-instagram\"><\/i><\/a> <a rel=\"noreferrer noopener\" aria-label=\"&lt;i class=&quot;&quot;fab fa-&quot;facebook&quot;&gt;&lt;\/i&gt;\n (abre numa nova aba)\" href=\"https:\/\/www.facebook.com\/profile.php?id=100006720972875\" target=\"_blank\"><i class=\"fab fa-2x fa-facebook\"><\/i><\/a> <a rel=\"noreferrer noopener\" aria-label=\"&lt;i class=&quot;&quot;fab fa-&quot;linkedin&quot;&quot;&gt;&lt;\/i&gt; \n (abre numa nova aba)\" href=\"https:\/\/www.linkedin.com\/company\/avancoej\" target=\"_blank\"><i class=\"fab fa-2x fa-linkedin\"><\/i><br><\/a><br><i class=\"far fa-2x fa-envelope\"><\/i><a href=\"mailto:contato@avancoej.com.br\"><strong>contato@avancoej.com.br<\/strong><\/a> <\/p>\n\n\n\n<p class=\"justify\">Conhe\u00e7a nosso <a href=\"https:\/\/www.ict.ufvjm.edu.br\/wp-content\/uploads\/2024\/09\/Estatuto-Avanco-Empresa-Junior.pdf\" target=\"_blank\" rel=\"noreferrer noopener\">Estatuto.<\/a><br><br><i class=\"fas fa-2x fa-map-marker-alt\"><\/i> Sala 06 do Pr\u00e9dio Administrativo 2 (em frente ao pr\u00e9dio do ICT).  Campus JK &#8211;  Rodovia MGT 367 &#8211; Km 583, n\u00ba 5.000. Alto da Jacuba. Diamantina-MG. CEP: 39100-000.  <\/p>\n\n\n\n<figure class=\"wp-block-image\"><img loading=\"lazy\" decoding=\"async\" width=\"1024\" height=\"683\" src=\"https:\/\/www4.ict.ufvjm.edu.br\/wp-content\/uploads\/2019\/10\/IMG_3633-1024x683.jpg\" alt=\"\" class=\"wp-image-1685\" srcset=\"https:\/\/www.ict.ufvjm.edu.br\/wp-content\/uploads\/2019\/10\/IMG_3633-1024x683.jpg 1024w, https:\/\/www.ict.ufvjm.edu.br\/wp-content\/uploads\/2019\/10\/IMG_3633-300x200.jpg 300w, https:\/\/www.ict.ufvjm.edu.br\/wp-content\/uploads\/2019\/10\/IMG_3633-768x512.jpg 768w\" sizes=\"auto, (max-width: 1024px) 100vw, 1024px\" \/><figcaption class=\"wp-element-caption\"> ICT\/UFVJM &#8211; Diamantina-MG &#8211; Time Avan\u00e7o Empresa J\u00fanior- 2019 <\/figcaption><\/figure>\n","protected":false},"excerpt":{"rendered":"<p>A Avan\u00e7o Projetos &amp; Consultoria \u00e9 a Empresa J\u00fanior das Engenharias e Ci\u00eancia e Tecnologia da UFVJM. Fundada em 12 de a gosto de 2013, a empresa conta com a presen\u00e7a dos alunos de gradua\u00e7\u00e3o dos cursos de Engenharia de Alimentos, Mec\u00e2nica, Qu\u00edmica e Ci\u00eancia e Tecnologia. Sem fins lucrativos, a empresa se baseia apenas [&hellip;]<\/p>\n","protected":false},"author":2,"featured_media":0,"parent":332,"menu_order":30,"comment_status":"closed","ping_status":"closed","template":"","meta":{"_exactmetrics_skip_tracking":false,"_exactmetrics_sitenote_active":false,"_exactmetrics_sitenote_note":"","_exactmetrics_sitenote_category":0,"footnotes":""},"class_list":["post-1674","page","type-page","status-publish","hentry"],"_links":{"self":[{"href":"https:\/\/www.ict.ufvjm.edu.br\/index.php?rest_route=\/wp\/v2\/pages\/1674","targetHints":{"allow":["GET"]}}],"collection":[{"href":"https:\/\/www.ict.ufvjm.edu.br\/index.php?rest_route=\/wp\/v2\/pages"}],"about":[{"href":"https:\/\/www.ict.ufvjm.edu.br\/index.php?rest_route=\/wp\/v2\/types\/page"}],"author":[{"embeddable":true,"href":"https:\/\/www.ict.ufvjm.edu.br\/index.php?rest_route=\/wp\/v2\/users\/2"}],"replies":[{"embeddable":true,"href":"https:\/\/www.ict.ufvjm.edu.br\/index.php?rest_route=%2Fwp%2Fv2%2Fcomments&post=1674"}],"version-history":[{"count":9,"href":"https:\/\/www.ict.ufvjm.edu.br\/index.php?rest_route=\/wp\/v2\/pages\/1674\/revisions"}],"predecessor-version":[{"id":6167,"href":"https:\/\/www.ict.ufvjm.edu.br\/index.php?rest_route=\/wp\/v2\/pages\/1674\/revisions\/6167"}],"up":[{"embeddable":true,"href":"https:\/\/www.ict.ufvjm.edu.br\/index.php?rest_route=\/wp\/v2\/pages\/332"}],"wp:attachment":[{"href":"https:\/\/www.ict.ufvjm.edu.br\/index.php?rest_route=%2Fwp%2Fv2%2Fmedia&parent=1674"}],"curies":[{"name":"wp","href":"https:\/\/api.w.org\/{rel}","templated":true}]}}