{"id":130,"date":"2019-07-31T10:33:06","date_gmt":"2019-07-31T12:33:06","guid":{"rendered":"http:\/\/www4.ict.ufvjm.edu.br\/?page_id=130"},"modified":"2019-11-13T10:44:22","modified_gmt":"2019-11-13T12:44:22","slug":"acesso-a-informacao","status":"publish","type":"page","link":"https:\/\/www.ict.ufvjm.edu.br\/?page_id=130","title":{"rendered":"Informa\u00e7\u00f5es"},"content":{"rendered":"\n<p style=\"text-align:center\"><strong>Acesso aos documentos, resolu\u00e7\u00f5es e informa\u00e7\u00f5es do servidores dos diversos cursos do Instituto de Ci\u00eancia e Tecnologia da UFVJM.<\/strong><\/p>\n\n\n\n<p><\/p>\n\n\n\n<div class=\"overflow-wrapper\">\n\n<div id=\"feature_card-1\" class=\"col-sm-12 col-md-6 col-lg-3 mb-4 widget_feature_card\">\n  <div class=\"text-center card-1\">\n    <div class=\"align\">\n      <a href=\"\/\/www4.ict.ufvjm.edu.br\/?page_id=73\" style=\"text-decoration: none;\">\n        <figure><img decoding=\"async\" width=\"160px\" src=\"\/\/www4.ict.ufvjm.edu.br\/arquivos\/images_site\/folder-open.svg\"><\/figure>\n        <h3 class=\"card-title\">Documentos<\/h3>\n        <p>Documentos do ICT<\/p>\n      <\/a>\n    <\/div>\n  <\/div>\n<\/div>\n\n<div id=\"feature_card-2\" class=\"col-sm-12 col-md-6 col-lg-3 mb-4 widget_feature_card\">\n  <div class=\"text-center card-1\">\n    <div class=\"align\">\n      <a href=\"\/\/www4.ict.ufvjm.edu.br\/?page_id=304\" style=\"text-decoration: none;\">\n        <figure><img decoding=\"async\" width=\"110px\" src=\"\/\/www4.ict.ufvjm.edu.br\/arquivos\/images_site\/file-invoice.svg\"><\/figure>\n        <h3 class=\"card-title\">Resolu\u00e7\u00f5es<\/h3>\n        <p>Resolu\u00e7\u00f5es do ICT<\/p>\n      <\/a>\n    <\/div>\n  <\/div>\n<\/div>\n\n<div id=\"feature_card-3\" class=\"col-sm-12 col-md-6 col-lg-3 mb-4 widget_feature_card\">\n  <div class=\"text-center card-1\">\n    <div class=\"align\">\n      <a href=\"\/\/www4.ict.ufvjm.edu.br\/?page_id=2\" style=\"text-decoration: none;\">\n        <figure><img decoding=\"async\" width=\"180px\" src=\"\/\/www4.ict.ufvjm.edu.br\/arquivos\/images_site\/user-friends.svg\"><\/figure>\n        <h3 class=\"card-title\">Servidores<\/h3>\n        <p>Lista de Servidores do ICT<\/p>\n      <\/a>\n    <\/div>\n  <\/div>\n<\/div>\n\n<div id=\"feature_card-4\" class=\"col-sm-12 col-md-6 col-lg-3 mb-4 widget_feature_card\">\n  <div class=\"text-center card-1\">\n    <div class=\"align\">\n      <a href=\"\/\/ufvjm.edu.br\/sic\/\" target=\"_blank\" style=\"text-decoration: none;\" rel=\"noopener noreferrer\">\n        <figure><img decoding=\"async\" width=\"145px\" src=\"\/\/www4.ict.ufvjm.edu.br\/arquivos\/images_site\/info-circle.svg\"><\/figure>\n        <h3 class=\"card-title\">SIC<\/h3>\n        <p>Servi\u00e7os de Informa\u00e7\u00e3o ao Cidad\u00e3o<\/p>\n      <\/a>\n    <\/div>\n  <\/div>\n<\/div>\n\n<\/div>\n\n\n\n<p><\/p>\n","protected":false},"excerpt":{"rendered":"<p>Acesso aos documentos, resolu\u00e7\u00f5es e informa\u00e7\u00f5es do servidores dos diversos cursos do Instituto de Ci\u00eancia e Tecnologia da UFVJM. Documentos Documentos do ICT Resolu\u00e7\u00f5es Resolu\u00e7\u00f5es do ICT Servidores Lista de Servidores do ICT SIC Servi\u00e7os de Informa\u00e7\u00e3o ao Cidad\u00e3o<\/p>\n","protected":false},"author":1,"featured_media":0,"parent":0,"menu_order":0,"comment_status":"closed","ping_status":"closed","template":"page-info.php","meta":{"_exactmetrics_skip_tracking":false,"_exactmetrics_sitenote_active":false,"_exactmetrics_sitenote_note":"","_exactmetrics_sitenote_category":0,"footnotes":""},"class_list":["post-130","page","type-page","status-publish","hentry"],"_links":{"self":[{"href":"https:\/\/www.ict.ufvjm.edu.br\/index.php?rest_route=\/wp\/v2\/pages\/130","targetHints":{"allow":["GET"]}}],"collection":[{"href":"https:\/\/www.ict.ufvjm.edu.br\/index.php?rest_route=\/wp\/v2\/pages"}],"about":[{"href":"https:\/\/www.ict.ufvjm.edu.br\/index.php?rest_route=\/wp\/v2\/types\/page"}],"author":[{"embeddable":true,"href":"https:\/\/www.ict.ufvjm.edu.br\/index.php?rest_route=\/wp\/v2\/users\/1"}],"replies":[{"embeddable":true,"href":"https:\/\/www.ict.ufvjm.edu.br\/index.php?rest_route=%2Fwp%2Fv2%2Fcomments&post=130"}],"version-history":[{"count":145,"href":"https:\/\/www.ict.ufvjm.edu.br\/index.php?rest_route=\/wp\/v2\/pages\/130\/revisions"}],"predecessor-version":[{"id":4537,"href":"https:\/\/www.ict.ufvjm.edu.br\/index.php?rest_route=\/wp\/v2\/pages\/130\/revisions\/4537"}],"wp:attachment":[{"href":"https:\/\/www.ict.ufvjm.edu.br\/index.php?rest_route=%2Fwp%2Fv2%2Fmedia&parent=130"}],"curies":[{"name":"wp","href":"https:\/\/api.w.org\/{rel}","templated":true}]}}